{"id":3389767,"date":"2025-10-09T22:31:10","date_gmt":"2025-10-10T02:31:10","guid":{"rendered":"https:\/\/stoic-curie.212-227-153-4.plesk.page\/product\/polyform-a7-blanc\/"},"modified":"2026-02-24T23:08:55","modified_gmt":"2026-02-24T23:08:55","slug":"polyform-a7-blanc","status":"publish","type":"product","link":"https:\/\/stoic-curie.212-227-153-4.plesk.page\/fr\/product\/polyform-a7-blanc\/","title":{"rendered":"Polyform A7 Blanc"},"content":{"rendered":"<p>Polyform A7 Blanc &#8211; <\/p>\n<p>Le bou\u00e9e polyvalente de la s\u00e9rie A de Polyform est une option fiable pour les bateaux de p\u00eache commerciaux et les yachts depuis plus de cinquante ans. Reconnu pour sa durabilit\u00e9 et sa robustesse, cette bou\u00e9e est disponible en plusieurs tailles utiles. Les professionnels du secteur reconnaissent que marquer leur \u00e9quipement dans des conditions difficiles peut \u00eatre un d\u00e9fi, c&#8217;est pourquoi la bou\u00e9e de la s\u00e9rie A de Polyform est utilis\u00e9e dans tous les oc\u00e9ans, mers, rivi\u00e8res et lacs.<\/p>\n<p>Les caract\u00e9ristiques notables de toutes les bou\u00e9es de la s\u00e9rie A incluent :<\/p>\n<ul>\n<li>Une \u00e9paisseur de paroi robuste et uniforme qui renforce la solidit\u00e9 et la long\u00e9vit\u00e9<\/li>\n<li>Le syst\u00e8me \u00e0 double valve unique de Polyform, clairement \u00e9tiquet\u00e9 \u00ab AIR IN \u00bb et \u00ab AIR OUT \u00bb<\/li>\n<li>Un cordon traditionnel bleu qui assure une polyvalence fiable<\/li>\n<\/ul>\n<p>Dimensions : A-7<br \/>Couleur : Rouge<br \/>Dimensions : 39&#8243; x 54&#8243;<br \/>Recommand\u00e9 pour les navires d\u00e9passant 70 pieds de long<\/p>\n","protected":false},"excerpt":{"rendered":"<p>Polyform A7 Blanc &#8211; Le bou\u00e9e polyvalente de la s\u00e9rie A de Polyform est une option fiable pour les bateaux<\/p>\n","protected":false},"featured_media":5949216,"comment_status":"closed","ping_status":"closed","template":"","meta":[],"product_brand":[3269],"product_cat":[1276],"product_tag":[],"class_list":{"0":"post-3389767","1":"product","2":"type-product","3":"status-publish","4":"has-post-thumbnail","6":"product_brand-polyform-fr","7":"product_cat-bouees-damarrage-et-de-signalisation","9":"first","10":"instock","11":"shipping-taxable","12":"purchasable","13":"product-type-simple"},"_links":{"self":[{"href":"https:\/\/stoic-curie.212-227-153-4.plesk.page\/fr\/wp-json\/wp\/v2\/product\/3389767","targetHints":{"allow":["GET"]}}],"collection":[{"href":"https:\/\/stoic-curie.212-227-153-4.plesk.page\/fr\/wp-json\/wp\/v2\/product"}],"about":[{"href":"https:\/\/stoic-curie.212-227-153-4.plesk.page\/fr\/wp-json\/wp\/v2\/types\/product"}],"replies":[{"embeddable":true,"href":"https:\/\/stoic-curie.212-227-153-4.plesk.page\/fr\/wp-json\/wp\/v2\/comments?post=3389767"}],"version-history":[{"count":0,"href":"https:\/\/stoic-curie.212-227-153-4.plesk.page\/fr\/wp-json\/wp\/v2\/product\/3389767\/revisions"}],"wp:featuredmedia":[{"embeddable":true,"href":"https:\/\/stoic-curie.212-227-153-4.plesk.page\/fr\/wp-json\/wp\/v2\/media\/5949216"}],"wp:attachment":[{"href":"https:\/\/stoic-curie.212-227-153-4.plesk.page\/fr\/wp-json\/wp\/v2\/media?parent=3389767"}],"wp:term":[{"taxonomy":"product_brand","embeddable":true,"href":"https:\/\/stoic-curie.212-227-153-4.plesk.page\/fr\/wp-json\/wp\/v2\/product_brand?post=3389767"},{"taxonomy":"product_cat","embeddable":true,"href":"https:\/\/stoic-curie.212-227-153-4.plesk.page\/fr\/wp-json\/wp\/v2\/product_cat?post=3389767"},{"taxonomy":"product_tag","embeddable":true,"href":"https:\/\/stoic-curie.212-227-153-4.plesk.page\/fr\/wp-json\/wp\/v2\/product_tag?post=3389767"}],"curies":[{"name":"wp","href":"https:\/\/api.w.org\/{rel}","templated":true}]}}