{"id":3389790,"date":"2025-10-09T22:31:11","date_gmt":"2025-10-10T02:31:11","guid":{"rendered":"https:\/\/stoic-curie.212-227-153-4.plesk.page\/product\/verin-hydraulique-ultraflex-uc128p-obf-1\/"},"modified":"2026-02-24T23:08:55","modified_gmt":"2026-02-24T23:08:55","slug":"verin-hydraulique-ultraflex-uc128p-obf-1","status":"publish","type":"product","link":"https:\/\/stoic-curie.212-227-153-4.plesk.page\/fr\/product\/verin-hydraulique-ultraflex-uc128p-obf-1\/","title":{"rendered":"Verin Hydraulique Ultraflex UC128P-OBF\/1"},"content":{"rendered":"<p>Verin Hydraulique Ultraflex UC128P-OBF\/1 &#8211; <\/p>\n<p style=\"color: rgb(34, 34, 34); font-family: Arial, Helvetica, sans-serif; font-size: small;\">Pr\u00e9sentation du cylindre de montage avant Ultraflex UC128P-OBF\/1, version porte &#8211; \u00e9quilibr\u00e9 : Ce design de pointe garantit que le nombre de rotations du volant d&#8217;un verrou \u00e0 l&#8217;autre est identique des deux c\u00f4t\u00e9s, b\u00e2bord et tribord.<\/p>\n<p style=\"color: rgb(34, 34, 34); font-family: Arial, Helvetica, sans-serif; font-size: small;\">Le cylindre UC128-OBF est construit avec une robuste tige en acier inoxydable, des joints durables et des assemblages de liaison r\u00e9sistants. Son installation est simple et il est compatible avec presque tous les moteurs hors-bord \u00e0 2 temps et 4 temps disponibles sur le march\u00e9 aujourd&#8217;hui.<\/p>\n<p style=\"color: rgb(34, 34, 34); font-family: Arial, Helvetica, sans-serif; font-size: small;\">Nous sugg\u00e9rons d&#8217;associer les cylindres UC128-OBF avec les h\u00e9lies des s\u00e9ries UP25, UP28, UP33 et UP39, ainsi que des tuyaux pr\u00e9-assembl\u00e9s (Kit OB et Kit OB\/R5).<\/p>\n<p style=\"color: rgb(34, 34, 34); font-family: Arial, Helvetica, sans-serif; font-size: small;\">Pour les configurations n\u00e9cessitant des cylindres UC128-OBF doubles, vous devez acheter un cylindre UC128-OBF standard (avec la tige de liaison connect\u00e9e au c\u00f4t\u00e9 tribord) et un cylindre UC128P-OBF b\u00e2bord (avec la tige de liaison connect\u00e9e au c\u00f4t\u00e9 b\u00e2bord). Veuillez vous r\u00e9f\u00e9rer \u00e0 la section des barres de liaison pour s\u00e9lectionner le mod\u00e8le correct pour les configurations avec moteurs et cylindres doubles.<\/p>\n<p style=\"color: rgb(34, 34, 34); font-family: Arial, Helvetica, sans-serif; font-size: small;\">APPLICATIONS : Le cylindre de montage avant UC128-OBF n&#8217;est pas recommand\u00e9 pour des installations o\u00f9 la vitesse du bateau d\u00e9passe 55 mph (48 n\u0153uds) ou 65 mph (56 n\u0153uds) dans des applications impliquant des moteurs doubles, des cylindres doubles, et des moteurs \u00e0 contre-rotation. Il n&#8217;est pas con\u00e7u pour la course comp\u00e9titive.<\/p>\n<p style=\"color: rgb(34, 34, 34); font-family: Arial, Helvetica, sans-serif; font-size: small;\">En conclusion, le cylindre de montage avant Ultraflex UC128P-OBF\/1, version porte &#8211; \u00e9quilibr\u00e9 garantit des rotations de volant \u00e9gales d&#8217;un verrou \u00e0 l&#8217;autre des deux c\u00f4t\u00e9s.<\/p>\n<p style=\"color: rgb(34, 34, 34); font-family: Arial, Helvetica, sans-serif; font-size: small;\">\u2022 Le cylindre UC128-OBF est \u00e9quip\u00e9 d&#8217;une tige en acier inoxydable robuste, de joints et d&#8217;assemblages de liaison, ce qui le rend facile \u00e0 installer et compatible avec presque chaque moteur hors-bord \u00e0 2 temps et 4 temps sur le march\u00e9.<\/p>\n<p style=\"color: rgb(34, 34, 34); font-family: Arial, Helvetica, sans-serif; font-size: small;\">\u2022 Nous recommandons d&#8217;utiliser les cylindres UC128-OBF avec les h\u00e9lies des s\u00e9ries UP25, UP28, UP33 et UP39, ainsi que des tuyaux pr\u00e9-assembl\u00e9s (Kit OB et Kit OB\/R5).<\/p>\n<p style=\"color: rgb(34, 34, 34); font-family: Arial, Helvetica, sans-serif; font-size: small;\">\u2022 Pour les applications impliquant des cylindres UC128-OBF doubles, commandez un cylindre UC128-OBF standard (avec la tige de liaison sur le c\u00f4t\u00e9 tribord) et un cylindre UC128P-OBF b\u00e2bord (avec la tige de liaison sur le c\u00f4t\u00e9 b\u00e2bord). Consultez la section des barres de liaison pour s\u00e9lectionner le mod\u00e8le appropri\u00e9 pour les configurations \u00e0 moteur double et \u00e0 cylindre double.<\/p>\n<p style=\"color: rgb(34, 34, 34); font-family: Arial, Helvetica, sans-serif; font-size: small;\">APPLICATIONS : Le cylindre de montage avant UC128-OBF N&#8217;EST PAS adapt\u00e9 pour des installations o\u00f9 la vitesse du bateau d\u00e9passe 55 mph (48 n\u0153uds) ou 65 mph (56 n\u0153uds) dans des applications \u00e0 moteur double, \u00e0 cylindre double, et avec des moteurs \u00e0 contre-rotation. Il N&#8217;EST PAS destin\u00e9 \u00e0 des fins de course.<\/p>\n","protected":false},"excerpt":{"rendered":"<p>Verin Hydraulique Ultraflex UC128P-OBF\/1 &#8211; Pr\u00e9sentation du cylindre de montage avant Ultraflex UC128P-OBF\/1, version porte &#8211; \u00e9quilibr\u00e9 : Ce design<\/p>\n","protected":false},"featured_media":5949223,"comment_status":"closed","ping_status":"closed","template":"","meta":[],"product_brand":[3499],"product_cat":[1249],"product_tag":[],"class_list":{"0":"post-3389790","1":"product","2":"type-product","3":"status-publish","4":"has-post-thumbnail","6":"product_brand-ultraflex-uflex-fr","7":"product_cat-direction-hydraulique","9":"first","10":"instock","11":"shipping-taxable","12":"purchasable","13":"product-type-simple"},"_links":{"self":[{"href":"https:\/\/stoic-curie.212-227-153-4.plesk.page\/fr\/wp-json\/wp\/v2\/product\/3389790","targetHints":{"allow":["GET"]}}],"collection":[{"href":"https:\/\/stoic-curie.212-227-153-4.plesk.page\/fr\/wp-json\/wp\/v2\/product"}],"about":[{"href":"https:\/\/stoic-curie.212-227-153-4.plesk.page\/fr\/wp-json\/wp\/v2\/types\/product"}],"replies":[{"embeddable":true,"href":"https:\/\/stoic-curie.212-227-153-4.plesk.page\/fr\/wp-json\/wp\/v2\/comments?post=3389790"}],"version-history":[{"count":0,"href":"https:\/\/stoic-curie.212-227-153-4.plesk.page\/fr\/wp-json\/wp\/v2\/product\/3389790\/revisions"}],"wp:featuredmedia":[{"embeddable":true,"href":"https:\/\/stoic-curie.212-227-153-4.plesk.page\/fr\/wp-json\/wp\/v2\/media\/5949223"}],"wp:attachment":[{"href":"https:\/\/stoic-curie.212-227-153-4.plesk.page\/fr\/wp-json\/wp\/v2\/media?parent=3389790"}],"wp:term":[{"taxonomy":"product_brand","embeddable":true,"href":"https:\/\/stoic-curie.212-227-153-4.plesk.page\/fr\/wp-json\/wp\/v2\/product_brand?post=3389790"},{"taxonomy":"product_cat","embeddable":true,"href":"https:\/\/stoic-curie.212-227-153-4.plesk.page\/fr\/wp-json\/wp\/v2\/product_cat?post=3389790"},{"taxonomy":"product_tag","embeddable":true,"href":"https:\/\/stoic-curie.212-227-153-4.plesk.page\/fr\/wp-json\/wp\/v2\/product_tag?post=3389790"}],"curies":[{"name":"wp","href":"https:\/\/api.w.org\/{rel}","templated":true}]}}