{"id":5500020,"date":"2026-01-27T06:02:02","date_gmt":"2026-01-27T05:02:02","guid":{"rendered":"https:\/\/stoic-curie.212-227-153-4.plesk.page\/product\/panneau-de-pont-vetus-libero-taille-50\/"},"modified":"2026-02-24T23:08:12","modified_gmt":"2026-02-24T23:08:12","slug":"panneau-de-pont-vetus-libero-taille-50","status":"publish","type":"product","link":"https:\/\/stoic-curie.212-227-153-4.plesk.page\/fr\/product\/panneau-de-pont-vetus-libero-taille-50\/","title":{"rendered":"Panneau de pont Vetus Libero, taille 50"},"content":{"rendered":"<p>Panneau de pont Vetus Libero, taille 50 &#8211; <\/p>\n<p>Structure en aluminium anodis\u00e9 et ch\u00e2ssis des hublots Vetus avec lentille acrylique fum\u00e9e de 12 mm d&#8217;\u00e9paisseur. \u00c9quip\u00e9s de charni\u00e8res \u00e0 friction permettant de rester ouverts dans n&#8217;importe quelle position jusqu&#8217;\u00e0 180\u00b0. Hauteur au-dessus du pont : 50 mm. Certifi\u00e9 CE classe AII.<\/p>\n","protected":false},"excerpt":{"rendered":"<p>Panneau de pont Vetus Libero, taille 50 &#8211; Structure en aluminium anodis\u00e9 et ch\u00e2ssis des hublots Vetus avec lentille acrylique<\/p>\n","protected":false},"featured_media":5937256,"comment_status":"open","ping_status":"closed","template":"","meta":[],"product_brand":[3519],"product_cat":[1128],"product_tag":[],"class_list":{"0":"post-5500020","1":"product","2":"type-product","3":"status-publish","4":"has-post-thumbnail","6":"product_brand-vetus-fr","7":"product_cat-panneaux-de-pont","9":"first","10":"instock","11":"shipping-taxable","12":"purchasable","13":"product-type-simple"},"_links":{"self":[{"href":"https:\/\/stoic-curie.212-227-153-4.plesk.page\/fr\/wp-json\/wp\/v2\/product\/5500020","targetHints":{"allow":["GET"]}}],"collection":[{"href":"https:\/\/stoic-curie.212-227-153-4.plesk.page\/fr\/wp-json\/wp\/v2\/product"}],"about":[{"href":"https:\/\/stoic-curie.212-227-153-4.plesk.page\/fr\/wp-json\/wp\/v2\/types\/product"}],"replies":[{"embeddable":true,"href":"https:\/\/stoic-curie.212-227-153-4.plesk.page\/fr\/wp-json\/wp\/v2\/comments?post=5500020"}],"version-history":[{"count":0,"href":"https:\/\/stoic-curie.212-227-153-4.plesk.page\/fr\/wp-json\/wp\/v2\/product\/5500020\/revisions"}],"wp:featuredmedia":[{"embeddable":true,"href":"https:\/\/stoic-curie.212-227-153-4.plesk.page\/fr\/wp-json\/wp\/v2\/media\/5937256"}],"wp:attachment":[{"href":"https:\/\/stoic-curie.212-227-153-4.plesk.page\/fr\/wp-json\/wp\/v2\/media?parent=5500020"}],"wp:term":[{"taxonomy":"product_brand","embeddable":true,"href":"https:\/\/stoic-curie.212-227-153-4.plesk.page\/fr\/wp-json\/wp\/v2\/product_brand?post=5500020"},{"taxonomy":"product_cat","embeddable":true,"href":"https:\/\/stoic-curie.212-227-153-4.plesk.page\/fr\/wp-json\/wp\/v2\/product_cat?post=5500020"},{"taxonomy":"product_tag","embeddable":true,"href":"https:\/\/stoic-curie.212-227-153-4.plesk.page\/fr\/wp-json\/wp\/v2\/product_tag?post=5500020"}],"curies":[{"name":"wp","href":"https:\/\/api.w.org\/{rel}","templated":true}]}}