{"id":5500021,"date":"2026-01-27T06:02:03","date_gmt":"2026-01-27T05:02:03","guid":{"rendered":"https:\/\/stoic-curie.212-227-153-4.plesk.page\/product\/panneau-de-pont-vetus-libero-62\/"},"modified":"2026-02-24T23:08:12","modified_gmt":"2026-02-24T23:08:12","slug":"panneau-de-pont-vetus-libero-62","status":"publish","type":"product","link":"https:\/\/stoic-curie.212-227-153-4.plesk.page\/fr\/product\/panneau-de-pont-vetus-libero-62\/","title":{"rendered":"Panneau de pont Vetus Libero 62"},"content":{"rendered":"<p>Panneau de pont Vetus Libero 62 &#8211; <\/p>\n<p style=\"color: rgb(34, 34, 34); font-family: Arial, Helvetica, sans-serif; font-size: small;\">Le Vetus Libero 62 (Mod\u00e8le LIB6255L) se distingue par son cadre en aluminium anodis\u00e9, poli \u00e0 la main, avec un rayon de coin de 32 mm ou 55 mm. Le couvercle est fabriqu\u00e9 en acrylique teint\u00e9 fum\u00e9 de 10 mm. Ces \u00e9coutilles et trappes de pont comprennent des m\u00e9canismes r\u00e9glables permettant au couvercle de rester ouvert \u00e0 presque n&#8217;importe quel angle, jusqu&#8217;\u00e0 90\u00b0. Le type LIBERO est con\u00e7u pour la Cat\u00e9gorie A, Zone II.<\/p>\n<p style=\"color: rgb(34, 34, 34); font-family: Arial, Helvetica, sans-serif; font-size: small;\">La premi\u00e8re image pr\u00e9sente une variation de nos \u00e9coutilles LIBERO, qui diff\u00e8rent par leur forme, le nombre de charni\u00e8res, les r\u00e9glages, et les poign\u00e9es. Pour plus de d\u00e9tails, veuillez consulter la section d&#8217;informations suppl\u00e9mentaires.<\/p>\n<p style=\"color: rgb(34, 34, 34); font-family: Arial, Helvetica, sans-serif; font-size: small;\">Les sp\u00e9cifications cl\u00e9s incluent :<\/p>\n<ul style=\"color: rgb(34, 34, 34); font-family: Arial, Helvetica, sans-serif; font-size: small;\">\n<li>Structure et cadre en aluminium anodis\u00e9<\/li>\n<li>Verre acrylique de 12 mm d&#8217;\u00e9paisseur teint\u00e9 fum\u00e9<\/li>\n<li>Charni\u00e8res \u00e0 friction permettant \u00e0 la trappe de rester ouverte \u00e0 n&#8217;importe quelle position jusqu&#8217;\u00e0 180\u00b0<\/li>\n<li>Hauteur de la trappe sur le pont : 50 mm<\/li>\n<li>Certifi\u00e9 CE Classe AII<\/li>\n<\/ul>\n<p style=\"color: rgb(34, 34, 34); font-family: Arial, Helvetica, sans-serif; font-size: small;\">D\u00e9tails suppl\u00e9mentaires :<\/p>\n<ul style=\"color: rgb(34, 34, 34); font-family: Arial, Helvetica, sans-serif; font-size: small;\">\n<li>Mat\u00e9riau : Aluminium<\/li>\n<li>Nombre de poign\u00e9es : 2<\/li>\n<li>Type de moustiquaire : HCM6262<\/li>\n<li>Marquage CE : AII<\/li>\n<li>Forme : Carr\u00e9e<\/li>\n<li>Vitre ouvrante : Avec cadre<\/li>\n<li>Charni\u00e8res \u00e0 friction : Oui<\/li>\n<li>Type de trappe : \u00c9vasion<\/li>\n<li>Longueur : 680 mm<\/li>\n<li>Hauteur : 680 mm<\/li>\n<li>Rayon de d\u00e9coupe : 55 mm<\/li>\n<li>Hauteur de d\u00e9coupe : 620 mm<\/li>\n<li>Longueur de d\u00e9coupe : 620 mm<\/li>\n<\/ul>\n","protected":false},"excerpt":{"rendered":"<p>Panneau de pont Vetus Libero 62 &#8211; Le Vetus Libero 62 (Mod\u00e8le LIB6255L) se distingue par son cadre en aluminium<\/p>\n","protected":false},"featured_media":5937256,"comment_status":"open","ping_status":"closed","template":"","meta":[],"product_brand":[3519],"product_cat":[1128],"product_tag":[],"class_list":{"0":"post-5500021","1":"product","2":"type-product","3":"status-publish","4":"has-post-thumbnail","6":"product_brand-vetus-fr","7":"product_cat-panneaux-de-pont","9":"first","10":"instock","11":"shipping-taxable","12":"purchasable","13":"product-type-simple"},"_links":{"self":[{"href":"https:\/\/stoic-curie.212-227-153-4.plesk.page\/fr\/wp-json\/wp\/v2\/product\/5500021","targetHints":{"allow":["GET"]}}],"collection":[{"href":"https:\/\/stoic-curie.212-227-153-4.plesk.page\/fr\/wp-json\/wp\/v2\/product"}],"about":[{"href":"https:\/\/stoic-curie.212-227-153-4.plesk.page\/fr\/wp-json\/wp\/v2\/types\/product"}],"replies":[{"embeddable":true,"href":"https:\/\/stoic-curie.212-227-153-4.plesk.page\/fr\/wp-json\/wp\/v2\/comments?post=5500021"}],"version-history":[{"count":0,"href":"https:\/\/stoic-curie.212-227-153-4.plesk.page\/fr\/wp-json\/wp\/v2\/product\/5500021\/revisions"}],"wp:featuredmedia":[{"embeddable":true,"href":"https:\/\/stoic-curie.212-227-153-4.plesk.page\/fr\/wp-json\/wp\/v2\/media\/5937256"}],"wp:attachment":[{"href":"https:\/\/stoic-curie.212-227-153-4.plesk.page\/fr\/wp-json\/wp\/v2\/media?parent=5500021"}],"wp:term":[{"taxonomy":"product_brand","embeddable":true,"href":"https:\/\/stoic-curie.212-227-153-4.plesk.page\/fr\/wp-json\/wp\/v2\/product_brand?post=5500021"},{"taxonomy":"product_cat","embeddable":true,"href":"https:\/\/stoic-curie.212-227-153-4.plesk.page\/fr\/wp-json\/wp\/v2\/product_cat?post=5500021"},{"taxonomy":"product_tag","embeddable":true,"href":"https:\/\/stoic-curie.212-227-153-4.plesk.page\/fr\/wp-json\/wp\/v2\/product_tag?post=5500021"}],"curies":[{"name":"wp","href":"https:\/\/api.w.org\/{rel}","templated":true}]}}