{"id":5500022,"date":"2026-01-27T06:02:15","date_gmt":"2026-01-27T05:02:15","guid":{"rendered":"https:\/\/stoic-curie.212-227-153-4.plesk.page\/product\/batterie-agm-vetus-140-a\/"},"modified":"2026-02-24T23:08:13","modified_gmt":"2026-02-24T23:08:13","slug":"batterie-agm-vetus-140-a","status":"publish","type":"product","link":"https:\/\/stoic-curie.212-227-153-4.plesk.page\/fr\/product\/batterie-agm-vetus-140-a\/","title":{"rendered":"Batterie AGM Vetus, 140\u00a0A"},"content":{"rendered":"<p>Batterie AGM Vetus, 140\u00a0A &#8211; <\/p>\n<p>Batteries Vetus avec technologie AGM (Matelas de Verre Absorb\u00e9). Scell\u00e9es, sans entretien. Con\u00e7ues pour une utilisation marine, avec une faible autod\u00e9charge, elles sont id\u00e9ales pour red\u00e9marrer le moteur au d\u00e9but de la saison suivante. Tr\u00e8s robustes; en cas de dommage, elles ne fuient pas de liquides et continuent de fonctionner gr\u00e2ce aux s\u00e9parateurs en fibre de verre ins\u00e9r\u00e9s entre les plaques. Con\u00e7ues sp\u00e9cialement pour un usage cyclique.<\/p>\n","protected":false},"excerpt":{"rendered":"<p>Batterie AGM Vetus, 140\u00a0A &#8211; Batteries Vetus avec technologie AGM (Matelas de Verre Absorb\u00e9). Scell\u00e9es, sans entretien. Con\u00e7ues pour une<\/p>\n","protected":false},"featured_media":5937512,"comment_status":"open","ping_status":"closed","template":"","meta":[],"product_brand":[3519],"product_cat":[1155],"product_tag":[],"class_list":{"0":"post-5500022","1":"product","2":"type-product","3":"status-publish","4":"has-post-thumbnail","6":"product_brand-vetus-fr","7":"product_cat-batteries-materiel-electrique","9":"first","10":"instock","11":"shipping-taxable","12":"purchasable","13":"product-type-simple"},"_links":{"self":[{"href":"https:\/\/stoic-curie.212-227-153-4.plesk.page\/fr\/wp-json\/wp\/v2\/product\/5500022","targetHints":{"allow":["GET"]}}],"collection":[{"href":"https:\/\/stoic-curie.212-227-153-4.plesk.page\/fr\/wp-json\/wp\/v2\/product"}],"about":[{"href":"https:\/\/stoic-curie.212-227-153-4.plesk.page\/fr\/wp-json\/wp\/v2\/types\/product"}],"replies":[{"embeddable":true,"href":"https:\/\/stoic-curie.212-227-153-4.plesk.page\/fr\/wp-json\/wp\/v2\/comments?post=5500022"}],"version-history":[{"count":0,"href":"https:\/\/stoic-curie.212-227-153-4.plesk.page\/fr\/wp-json\/wp\/v2\/product\/5500022\/revisions"}],"wp:featuredmedia":[{"embeddable":true,"href":"https:\/\/stoic-curie.212-227-153-4.plesk.page\/fr\/wp-json\/wp\/v2\/media\/5937512"}],"wp:attachment":[{"href":"https:\/\/stoic-curie.212-227-153-4.plesk.page\/fr\/wp-json\/wp\/v2\/media?parent=5500022"}],"wp:term":[{"taxonomy":"product_brand","embeddable":true,"href":"https:\/\/stoic-curie.212-227-153-4.plesk.page\/fr\/wp-json\/wp\/v2\/product_brand?post=5500022"},{"taxonomy":"product_cat","embeddable":true,"href":"https:\/\/stoic-curie.212-227-153-4.plesk.page\/fr\/wp-json\/wp\/v2\/product_cat?post=5500022"},{"taxonomy":"product_tag","embeddable":true,"href":"https:\/\/stoic-curie.212-227-153-4.plesk.page\/fr\/wp-json\/wp\/v2\/product_tag?post=5500022"}],"curies":[{"name":"wp","href":"https:\/\/api.w.org\/{rel}","templated":true}]}}