{"id":5500023,"date":"2026-01-27T06:02:16","date_gmt":"2026-01-27T05:02:16","guid":{"rendered":"https:\/\/stoic-curie.212-227-153-4.plesk.page\/product\/batterie-agm-vetus-170-a\/"},"modified":"2026-02-24T23:08:13","modified_gmt":"2026-02-24T23:08:13","slug":"batterie-agm-vetus-170-a","status":"publish","type":"product","link":"https:\/\/stoic-curie.212-227-153-4.plesk.page\/fr\/product\/batterie-agm-vetus-170-a\/","title":{"rendered":"Batterie AGM Vetus, 170\u00a0A"},"content":{"rendered":"<p>Batterie AGM Vetus, 170\u00a0A &#8211; <\/p>\n<p style=\"color: rgb(34, 34, 34); font-family: Arial, Helvetica, sans-serif; font-size: small;\">L&#8217;\u00e9lectrolyte de ces batteries est contenu dans des s\u00e9parateurs en mat de fibre de verre qui sont positionn\u00e9s entre les plaques de la batterie. Cette construction pr\u00e9vient efficacement les fuites lors d&#8217;une utilisation standard. M\u00eame en cas de chute accidentelle qui endommage le bo\u00eetier, l&#8217;\u00e9lectrolyte reste solidement contenu dans les mats en fibre de verre. Ce design de batterie est s\u00fbr pour le transport a\u00e9rien et remplace la s\u00e9rie pr\u00e9c\u00e9dente de batteries AGM VETUS.<\/p>\n<p style=\"color: rgb(34, 34, 34); font-family: Arial, Helvetica, sans-serif; font-size: small;\">Les batteries AGM (Absorbed Glass Mat) VETUS sont \u00e0 la fois scell\u00e9es et n\u00e9cessitent aucun entretien. Elles sont sp\u00e9cialement con\u00e7ues pour un usage marin, ce qui les rend parfaites pour d\u00e9marrer des moteurs, faire fonctionner des treuils et alimenter des propulseurs avant. Ces batteries offrent des Marine Cranking Amps (MCA) \u00e9lev\u00e9s, pr\u00e9sentent de faibles taux de d\u00e9charge automatique et sont construites pour r\u00e9sister aux dommages. Si elles subissent un compromis, elles ne fuient pas et continuent de fonctionner efficacement. Elles sont particuli\u00e8rement id\u00e9ales pour des applications cycliques continues, surtout lorsque le rechargement imm\u00e9diat est possible.<\/p>\n<p style=\"color: rgb(34, 34, 34); font-family: Arial, Helvetica, sans-serif; font-size: small;\"><strong>Sp\u00e9cifications<\/strong><\/p>\n<ul style=\"color: rgb(34, 34, 34); font-family: Arial, Helvetica, sans-serif; font-size: small;\">\n<li>Cold Cranking Amps (CCA EN): 1100 A<\/li>\n<li>Capacit\u00e9 de r\u00e9serve (minutes \u00e0 25A): 300<\/li>\n<li>Capacit\u00e9 C20 (Ah): 170 Ah<\/li>\n<li>Capacit\u00e9 C5 (Ah): 130 Ah<\/li>\n<li>Tension: 12 V<\/li>\n<li>Poids: 46,6 kg<\/li>\n<li>Longueur: 513 mm<\/li>\n<li>Hauteur: 223 mm<\/li>\n<li>Largeur: 223 mm<\/li>\n<\/ul>\n","protected":false},"excerpt":{"rendered":"<p>Batterie AGM Vetus, 170\u00a0A &#8211; L&#8217;\u00e9lectrolyte de ces batteries est contenu dans des s\u00e9parateurs en mat de fibre de verre<\/p>\n","protected":false},"featured_media":5937512,"comment_status":"open","ping_status":"closed","template":"","meta":[],"product_brand":[3519],"product_cat":[1155],"product_tag":[],"class_list":{"0":"post-5500023","1":"product","2":"type-product","3":"status-publish","4":"has-post-thumbnail","6":"product_brand-vetus-fr","7":"product_cat-batteries-materiel-electrique","9":"first","10":"instock","11":"shipping-taxable","12":"purchasable","13":"product-type-simple"},"_links":{"self":[{"href":"https:\/\/stoic-curie.212-227-153-4.plesk.page\/fr\/wp-json\/wp\/v2\/product\/5500023","targetHints":{"allow":["GET"]}}],"collection":[{"href":"https:\/\/stoic-curie.212-227-153-4.plesk.page\/fr\/wp-json\/wp\/v2\/product"}],"about":[{"href":"https:\/\/stoic-curie.212-227-153-4.plesk.page\/fr\/wp-json\/wp\/v2\/types\/product"}],"replies":[{"embeddable":true,"href":"https:\/\/stoic-curie.212-227-153-4.plesk.page\/fr\/wp-json\/wp\/v2\/comments?post=5500023"}],"version-history":[{"count":0,"href":"https:\/\/stoic-curie.212-227-153-4.plesk.page\/fr\/wp-json\/wp\/v2\/product\/5500023\/revisions"}],"wp:featuredmedia":[{"embeddable":true,"href":"https:\/\/stoic-curie.212-227-153-4.plesk.page\/fr\/wp-json\/wp\/v2\/media\/5937512"}],"wp:attachment":[{"href":"https:\/\/stoic-curie.212-227-153-4.plesk.page\/fr\/wp-json\/wp\/v2\/media?parent=5500023"}],"wp:term":[{"taxonomy":"product_brand","embeddable":true,"href":"https:\/\/stoic-curie.212-227-153-4.plesk.page\/fr\/wp-json\/wp\/v2\/product_brand?post=5500023"},{"taxonomy":"product_cat","embeddable":true,"href":"https:\/\/stoic-curie.212-227-153-4.plesk.page\/fr\/wp-json\/wp\/v2\/product_cat?post=5500023"},{"taxonomy":"product_tag","embeddable":true,"href":"https:\/\/stoic-curie.212-227-153-4.plesk.page\/fr\/wp-json\/wp\/v2\/product_tag?post=5500023"}],"curies":[{"name":"wp","href":"https:\/\/api.w.org\/{rel}","templated":true}]}}