{"id":5500024,"date":"2026-01-27T06:02:16","date_gmt":"2026-01-27T05:02:16","guid":{"rendered":"https:\/\/stoic-curie.212-227-153-4.plesk.page\/product\/batterie-agm-vetus-220-a\/"},"modified":"2026-02-24T23:08:13","modified_gmt":"2026-02-24T23:08:13","slug":"batterie-agm-vetus-220-a","status":"publish","type":"product","link":"https:\/\/stoic-curie.212-227-153-4.plesk.page\/fr\/product\/batterie-agm-vetus-220-a\/","title":{"rendered":"Batterie AGM Vetus, 220\u00a0A"},"content":{"rendered":"<p>Batterie AGM Vetus, 220\u00a0A &#8211; <\/p>\n<p>Les batteries AGM (Absorbed Glass Mat) Vetus offrent une option fiable et sans entretien pour les utilisations maritimes. Ces batteries scell\u00e9es sont id\u00e9ales pour d\u00e9marrer des moteurs, alimenter des treuils et faire fonctionner des propulseurs d&#8217;\u00e9trave. Avec des intensit\u00e9s de d\u00e9marrage marines impressionnantes (MCA) et des taux d&#8217;auto-d\u00e9charge minimaux, elles sont con\u00e7ues pour r\u00e9sister \u00e0 des environnements rigoureux. M\u00eame en cas de dommages, elles ne fuiront pas de liquide et continueront \u00e0 fonctionner efficacement. Elles sont particuli\u00e8rement adapt\u00e9es aux applications cycliques continues, permettant une recharge imm\u00e9diate.<\/p>\n<p>Ces batteries AGM \u00e0 cycle profond de Vetus peuvent alimenter des appareils ou agir comme batteries de d\u00e9marrage. Elles r\u00e9pondent \u00e0 tous les besoins \u00e9nerg\u00e9tiques \u00e0 bord et sont adaptables \u00e0 une vari\u00e9t\u00e9 d&#8217;utilisations. Que vous ayez besoin d&#8217;une faible intensit\u00e9 pour l&#8217;\u00e9clairage, la r\u00e9frig\u00e9ration ou l&#8217;\u00e9lectronique de navigation sur de longues p\u00e9riodes, ou de fortes intensit\u00e9s pour les moteurs de d\u00e9marrage, les propulseurs d&#8217;\u00e9trave, les climatiseurs ou les inverseurs robustes pendant de courtes p\u00e9riodes, ces batteries fonctionnent exceptionnellement bien.<\/p>\n<p><strong>Avantages des batteries AGM Vetus :<\/strong><\/p>\n<ul>\n<li>Disponibles en capacit\u00e9s de 60 \u00e0 220 Ah<\/li>\n<li>Id\u00e9ales pour une utilisation saisonni\u00e8re gr\u00e2ce \u00e0 un taux d&#8217;auto-d\u00e9charge tr\u00e8s faible (&lt; 3 %)<\/li>\n<li>Peuvent \u00eatre d\u00e9charg\u00e9es jusqu&#8217;\u00e0 80 % (80 % profondeur de d\u00e9charge)<\/li>\n<li>Capables de supporter 375 cycles de charge\/d\u00e9charge avec un usage appropri\u00e9 \u00e0 80 % DOD<\/li>\n<li>Con\u00e7ues pour r\u00e9sister aux vibrations et aux chocs, avec une construction scell\u00e9e et un maillage en fibre de verre qui emp\u00eache les fuites d&#8217;acide<\/li>\n<li>Fabriqu\u00e9es avec un alliage plomb-calcium pour r\u00e9duire la perte d&#8217;eau et prolonger la dur\u00e9e de vie<\/li>\n<li>Un fonctionnement s\u00fbr est garanti par la technologie VRLA, qui ventile la pression de gaz exc\u00e9dentaire par des soupapes en cas de charge incorrecte ou d\u00e9faillante, bien que cela puisse entra\u00eener une usure pr\u00e9matur\u00e9e<\/li>\n<li>Produites dans l&#8217;UE<\/li>\n<\/ul>\n<p><strong>Sp\u00e9cifications techniques :<\/strong><\/p>\n<table>\n<thead>\n<tr>\n<th>Type<\/th>\n<th>Capacit\u00e9 C20<\/th>\n<th>Capacit\u00e9 C5<\/th>\n<th>Courant de d\u00e9marrage \u00e0 froid (CCA &#8211; EN)<\/th>\n<th>Capacit\u00e9 de r\u00e9serve \u00e0 25 A (minutes)<\/th>\n<th>Dimensions (LxPxH en mm)<\/th>\n<th>Poids (kg)<\/th>\n<\/tr>\n<\/thead>\n<tbody>\n<tr>\n<td>VEAGM70<\/td>\n<td>70 Ah<\/td>\n<td>52 Ah<\/td>\n<td>660 A<\/td>\n<td>130<\/td>\n<td>278x175x190<\/td>\n<td>22.0<\/td>\n<\/tr>\n<tr>\n<td>VEAGM90<\/td>\n<td>90 Ah<\/td>\n<td>67 Ah<\/td>\n<td>780 A<\/td>\n<td>175<\/td>\n<td>353x175x190<\/td>\n<td>27.8<\/td>\n<\/tr>\n<tr>\n<td>VEAGM100<\/td>\n<td>100 Ah<\/td>\n<td>70 Ah<\/td>\n<td>680 A<\/td>\n<td>180<\/td>\n<td>345x175x190<\/td>\n<td>31.8<\/td>\n<\/tr>\n<tr>\n<td>VEAGM140<\/td>\n<td>140 Ah<\/td>\n<td>105 Ah<\/td>\n<td>800 A<\/td>\n<td>260<\/td>\n<td>513x189x223<\/td>\n<td>40.7<\/td>\n<\/tr>\n<tr>\n<td>VEAGM170<\/td>\n<td>170 Ah<\/td>\n<td>125 Ah<\/td>\n<td>1150 A<\/td>\n<td>300<\/td>\n<td>513x223x223<\/td>\n<td>46.6<\/td>\n<\/tr>\n<tr>\n<td>VEAGM185<\/td>\n<td>195 Ah<\/td>\n<td>145 Ah<\/td>\n<td>1100 A<\/td>\n<td>350<\/td>\n<td>514x274x242<\/td>\n<td>56.2<\/td>\n<\/tr>\n<tr>\n<td>VEAGM220<\/td>\n<td>220 Ah<\/td>\n<td>185 Ah<\/td>\n<td>1300 A<\/td>\n<td>430<\/td>\n<td>518x274x242<\/td>\n<td>60.7<\/td>\n<\/tr>\n<\/tbody>\n<\/table>\n<p>Optez pour les batteries AGM Vetus pour une puissance et des performances fiables en mer.<\/p>\n","protected":false},"excerpt":{"rendered":"<p>Batterie AGM Vetus, 220\u00a0A &#8211; Les batteries AGM (Absorbed Glass Mat) Vetus offrent une option fiable et sans entretien pour<\/p>\n","protected":false},"featured_media":5937512,"comment_status":"open","ping_status":"closed","template":"","meta":[],"product_brand":[3519],"product_cat":[1155],"product_tag":[],"class_list":{"0":"post-5500024","1":"product","2":"type-product","3":"status-publish","4":"has-post-thumbnail","6":"product_brand-vetus-fr","7":"product_cat-batteries-materiel-electrique","9":"first","10":"instock","11":"shipping-taxable","12":"purchasable","13":"product-type-simple"},"_links":{"self":[{"href":"https:\/\/stoic-curie.212-227-153-4.plesk.page\/fr\/wp-json\/wp\/v2\/product\/5500024","targetHints":{"allow":["GET"]}}],"collection":[{"href":"https:\/\/stoic-curie.212-227-153-4.plesk.page\/fr\/wp-json\/wp\/v2\/product"}],"about":[{"href":"https:\/\/stoic-curie.212-227-153-4.plesk.page\/fr\/wp-json\/wp\/v2\/types\/product"}],"replies":[{"embeddable":true,"href":"https:\/\/stoic-curie.212-227-153-4.plesk.page\/fr\/wp-json\/wp\/v2\/comments?post=5500024"}],"version-history":[{"count":0,"href":"https:\/\/stoic-curie.212-227-153-4.plesk.page\/fr\/wp-json\/wp\/v2\/product\/5500024\/revisions"}],"wp:featuredmedia":[{"embeddable":true,"href":"https:\/\/stoic-curie.212-227-153-4.plesk.page\/fr\/wp-json\/wp\/v2\/media\/5937512"}],"wp:attachment":[{"href":"https:\/\/stoic-curie.212-227-153-4.plesk.page\/fr\/wp-json\/wp\/v2\/media?parent=5500024"}],"wp:term":[{"taxonomy":"product_brand","embeddable":true,"href":"https:\/\/stoic-curie.212-227-153-4.plesk.page\/fr\/wp-json\/wp\/v2\/product_brand?post=5500024"},{"taxonomy":"product_cat","embeddable":true,"href":"https:\/\/stoic-curie.212-227-153-4.plesk.page\/fr\/wp-json\/wp\/v2\/product_cat?post=5500024"},{"taxonomy":"product_tag","embeddable":true,"href":"https:\/\/stoic-curie.212-227-153-4.plesk.page\/fr\/wp-json\/wp\/v2\/product_tag?post=5500024"}],"curies":[{"name":"wp","href":"https:\/\/api.w.org\/{rel}","templated":true}]}}