{"id":5500028,"date":"2026-01-27T06:02:42","date_gmt":"2026-01-27T05:02:42","guid":{"rendered":"https:\/\/stoic-curie.212-227-153-4.plesk.page\/product\/ancre-toro-en-acier-galvanise-16-kg\/"},"modified":"2026-02-24T23:08:25","modified_gmt":"2026-02-24T23:08:25","slug":"ancre-toro-en-acier-galvanise-16-kg","status":"publish","type":"product","link":"https:\/\/stoic-curie.212-227-153-4.plesk.page\/fr\/product\/ancre-toro-en-acier-galvanise-16-kg\/","title":{"rendered":"Ancre Toro en acier galvanis\u00e9, 16\u00a0kg"},"content":{"rendered":"<p>Ancre Toro en acier galvanis\u00e9, 16\u00a0kg &#8211; <\/p>\n<p><strong>Ancre en Acier Galvanis\u00e9 pour Fonds Marins Tendres<\/strong><\/p>\n<p>Cette ancre en acier galvanis\u00e9 est con\u00e7ue pour des fonds marins tendres tels que sable, boue et limon. Son poids sp\u00e9cial \u00e0 la pointe aide l&#8217;ancre \u00e0 trouver le meilleur angle pour s&#8217;enfoncer, garantissant une tenue solide. Fabriqu\u00e9e en acier mangan\u00e8se galvanis\u00e9 de haute qualit\u00e9, cette ancre monobloc est con\u00e7ue pour tomber facilement des rouleaux de proue. Cela la rend parfaite pour une utilisation avec des guindeaux \u00e0 distance. Le poids lourd dans la section du pied permet qu&#8217;elle touche le fond marin imm\u00e9diatement. Nous la garantissons \u00e0 vie contre les ruptures.<\/p>\n<p><strong>Caract\u00e9ristiques<\/strong><\/p>\n<ul>\n<li>Construction en acier mangan\u00e8se galvanis\u00e9 de haute qualit\u00e9<\/li>\n<li>Profil de tige unique<\/li>\n<li>Pointe lest\u00e9e<\/li>\n<li>Design auto-lan\u00e7ant<\/li>\n<li>Centre de gravit\u00e9 bas<\/li>\n<li>Forme auto-redressante<\/li>\n<li>Se fixe rapidement<\/li>\n<li>Performance fiable<\/li>\n<\/ul>\n<p><strong>Ancrages Galvanis\u00e9s par Immersion \u00e0 Chaud<\/strong><\/p>\n<p>La galvanisation par immersion \u00e0 chaud est la finition la plus courante pour les ancres sur voiliers et yachts \u00e0 moteur. Cela est d\u00fb au fait que les ancres en acier inoxydable peuvent \u00eatre trop co\u00fbteuses pour de nombreux marins. L&#8217;aluminium est souvent utilis\u00e9 pour les ancres de kedge ou secondaires car il est l\u00e9ger.<\/p>\n<p>L&#8217;acier galvanis\u00e9 est un excellent choix pour les ancres car il est solide, lourd et durable en milieu marin. Il est \u00e9galement abordable et peut \u00eatre fa\u00e7onn\u00e9 en diff\u00e9rents designs.<\/p>\n<p>Alors que les nouvelles ancres avec une forte capacit\u00e9 de maintien sont populaires de nos jours, les designs traditionnels sont encore disponibles. Ces ancres classiques s\u00e9duisent ceux qui pr\u00e9f\u00e8rent un look intemporel.<\/p>\n<p><strong>Compatibilit\u00e9 avec les Rouleaux de Proue<\/strong><\/p>\n<p>Les conceptions d&#8217;ancres plus anciennes sont g\u00e9n\u00e9ralement fabriqu\u00e9es en acier galvanis\u00e9. Bien qu&#8217;elles ne fonctionnent peut-\u00eatre pas aussi bien que les mod\u00e8les plus r\u00e9cents, elles peuvent \u00eatre une option plus \u00e9conomique pour les rouleaux de proue. Remplacer une ancre par un mod\u00e8le similaire peut vous aider \u00e0 \u00e9conomiser de l&#8217;argent. Il est \u00e9galement judicieux d&#8217;\u00e9viter les modifications sur le stemhead et l&#8217;installation du rouleau. Cela peut \u00e9galement conduire \u00e0 des \u00e9conomies significatives. Les \u00e9quipes de conception comprennent cela. Les fabricants de nouveaux designs donnent souvent des tailles d\u00e9taill\u00e9es et des mod\u00e8les \u00e0 l&#8217;\u00e9chelle. Cela aide les clients \u00e0 \u00e9viter les probl\u00e8mes d&#8217;installation.<\/p>\n","protected":false},"excerpt":{"rendered":"<p>Ancre Toro en acier galvanis\u00e9, 16\u00a0kg &#8211; Ancre en Acier Galvanis\u00e9 pour Fonds Marins Tendres Cette ancre en acier galvanis\u00e9<\/p>\n","protected":false},"featured_media":5941611,"comment_status":"open","ping_status":"closed","template":"","meta":[],"product_brand":[3084],"product_cat":[1292],"product_tag":[],"class_list":{"0":"post-5500028","1":"product","2":"type-product","3":"status-publish","4":"has-post-thumbnail","6":"product_brand-maggigroup-fr","7":"product_cat-ancres-delta","9":"first","10":"instock","11":"shipping-taxable","12":"purchasable","13":"product-type-simple"},"_links":{"self":[{"href":"https:\/\/stoic-curie.212-227-153-4.plesk.page\/fr\/wp-json\/wp\/v2\/product\/5500028","targetHints":{"allow":["GET"]}}],"collection":[{"href":"https:\/\/stoic-curie.212-227-153-4.plesk.page\/fr\/wp-json\/wp\/v2\/product"}],"about":[{"href":"https:\/\/stoic-curie.212-227-153-4.plesk.page\/fr\/wp-json\/wp\/v2\/types\/product"}],"replies":[{"embeddable":true,"href":"https:\/\/stoic-curie.212-227-153-4.plesk.page\/fr\/wp-json\/wp\/v2\/comments?post=5500028"}],"version-history":[{"count":0,"href":"https:\/\/stoic-curie.212-227-153-4.plesk.page\/fr\/wp-json\/wp\/v2\/product\/5500028\/revisions"}],"wp:featuredmedia":[{"embeddable":true,"href":"https:\/\/stoic-curie.212-227-153-4.plesk.page\/fr\/wp-json\/wp\/v2\/media\/5941611"}],"wp:attachment":[{"href":"https:\/\/stoic-curie.212-227-153-4.plesk.page\/fr\/wp-json\/wp\/v2\/media?parent=5500028"}],"wp:term":[{"taxonomy":"product_brand","embeddable":true,"href":"https:\/\/stoic-curie.212-227-153-4.plesk.page\/fr\/wp-json\/wp\/v2\/product_brand?post=5500028"},{"taxonomy":"product_cat","embeddable":true,"href":"https:\/\/stoic-curie.212-227-153-4.plesk.page\/fr\/wp-json\/wp\/v2\/product_cat?post=5500028"},{"taxonomy":"product_tag","embeddable":true,"href":"https:\/\/stoic-curie.212-227-153-4.plesk.page\/fr\/wp-json\/wp\/v2\/product_tag?post=5500028"}],"curies":[{"name":"wp","href":"https:\/\/api.w.org\/{rel}","templated":true}]}}