{"id":5500031,"date":"2026-01-27T06:02:45","date_gmt":"2026-01-27T05:02:45","guid":{"rendered":"https:\/\/stoic-curie.212-227-153-4.plesk.page\/product\/ancre-toro-en-acier-galvanise-32-kg\/"},"modified":"2026-02-24T23:08:25","modified_gmt":"2026-02-24T23:08:25","slug":"ancre-toro-en-acier-galvanise-32-kg","status":"publish","type":"product","link":"https:\/\/stoic-curie.212-227-153-4.plesk.page\/fr\/product\/ancre-toro-en-acier-galvanise-32-kg\/","title":{"rendered":"Ancre Toro en acier galvanis\u00e9, 32\u00a0kg"},"content":{"rendered":"<p>Ancre Toro en acier galvanis\u00e9, 32\u00a0kg &#8211; <\/p>\n<p><strong>Ancre en acier galvanis\u00e9 pour fonds marins doux<\/strong><\/p>\n<p>Cette ancre en acier galvanis\u00e9 est sp\u00e9cialement con\u00e7ue pour une utilisation sur des fonds marins doux, y compris le sable, la boue et le limon. Sa r\u00e9partition unique du poids \u00e0 la pointe permet \u00e0 l&#8217;ancre de trouver rapidement l&#8217;angle optimal pour la p\u00e9n\u00e9tration, assurant une tenue stable. Fabriqu\u00e9e en acier mangan\u00e8se galvanis\u00e9 de haute qualit\u00e9, cette ancre monobloc est \u00e9quilibr\u00e9e pour tomber librement des rouleaux de proue, ce qui la rend adapt\u00e9e \u00e0 une utilisation avec des cabestans \u00e0 distance. Le lourd lest \u00e0 l&#8217;extr\u00e9mit\u00e9 assure qu&#8217;elle engage le fond marin au moment de l&#8217;impact. Nous offrons une garantie \u00e0 vie contre la casse.<\/p>\n<p><strong>Caract\u00e9ristiques<\/strong><\/p>\n<ul>\n<li>Construction en acier mangan\u00e8se galvanis\u00e9 de haute qualit\u00e9<\/li>\n<li>Profil de tige unique<\/li>\n<li>Pointe lest\u00e9e<\/li>\n<li>Design auto-lan\u00e7ant<\/li>\n<li>Version \u00e0 faible centre de gravit\u00e9<\/li>\n<li>G\u00e9om\u00e9trie auto-redressante<\/li>\n<li>Capacit\u00e9 de mise en place imm\u00e9diate<\/li>\n<li>Performance coh\u00e9rente et fiable<\/li>\n<\/ul>\n<p><strong>Ancre galvanis\u00e9e par immersion \u00e0 chaud<\/strong><\/p>\n<p>La galvanisation \u00e0 chaud est la finition la plus couramment utilis\u00e9e pour les ancres sur les voiliers et les yachts \u00e0 moteur. Cela s&#8217;explique principalement par le fait que les ancres en acier inoxydable peuvent \u00eatre prohibitivement ch\u00e8res pour de nombreux marins, tandis que l&#8217;aluminium est souvent utilis\u00e9 pour des ancres de kedge ou secondaires en raison de ses propri\u00e9t\u00e9s l\u00e9g\u00e8res.<\/p>\n<p>L&#8217;acier galvanis\u00e9 est un excellent mat\u00e9riau pour la production d&#8217;ancres, car il est fort, lourd, durable dans des environnements marins, relativement abordable et peut \u00eatre moul\u00e9 en conceptions complexes.<\/p>\n<p>Alors que les ancres modernes, technologiquement avanc\u00e9es avec une forte capacit\u00e9 de maintien sont aujourd&#8217;hui populaires, les conceptions traditionnelles restent disponibles pour ceux qui pr\u00e9f\u00e8rent une forme et un profil classiques.<\/p>\n<p><strong>Compatibilit\u00e9 avec les rouleaux de proue<\/strong><\/p>\n<p>Les anciens mod\u00e8les d&#8217;ancres sont g\u00e9n\u00e9ralement fabriqu\u00e9s en acier galvanis\u00e9. Bien qu&#8217;ils ne puissent pas offrir les performances avanc\u00e9es des mod\u00e8les plus r\u00e9cents, ils peuvent \u00eatre une option plus rentable pour le montage sur les rouleaux de proue. Remplacer une ancre par un mod\u00e8le similaire peut entra\u00eener des \u00e9conomies de co\u00fbts, et \u00e9viter les modifications de l&#8217;arrangement de la t\u00eate de proue et des rouleaux peut entra\u00eener d&#8217;importants avantages financiers. Les \u00e9quipes de conception et de d\u00e9veloppement reconnaissent cela, et les fabricants de nouveaux mod\u00e8les fournissent souvent des dimensions d\u00e9taill\u00e9es et des gabarits \u00e0 taille r\u00e9elle pour aider les clients \u00e0 \u00e9viter les probl\u00e8mes d&#8217;installation.<\/p>\n","protected":false},"excerpt":{"rendered":"<p>Ancre Toro en acier galvanis\u00e9, 32\u00a0kg &#8211; Ancre en acier galvanis\u00e9 pour fonds marins doux Cette ancre en acier galvanis\u00e9<\/p>\n","protected":false},"featured_media":5941611,"comment_status":"open","ping_status":"closed","template":"","meta":[],"product_brand":[3084],"product_cat":[1292],"product_tag":[],"class_list":{"0":"post-5500031","1":"product","2":"type-product","3":"status-publish","4":"has-post-thumbnail","6":"product_brand-maggigroup-fr","7":"product_cat-ancres-delta","9":"first","10":"instock","11":"shipping-taxable","12":"purchasable","13":"product-type-simple"},"_links":{"self":[{"href":"https:\/\/stoic-curie.212-227-153-4.plesk.page\/fr\/wp-json\/wp\/v2\/product\/5500031","targetHints":{"allow":["GET"]}}],"collection":[{"href":"https:\/\/stoic-curie.212-227-153-4.plesk.page\/fr\/wp-json\/wp\/v2\/product"}],"about":[{"href":"https:\/\/stoic-curie.212-227-153-4.plesk.page\/fr\/wp-json\/wp\/v2\/types\/product"}],"replies":[{"embeddable":true,"href":"https:\/\/stoic-curie.212-227-153-4.plesk.page\/fr\/wp-json\/wp\/v2\/comments?post=5500031"}],"version-history":[{"count":0,"href":"https:\/\/stoic-curie.212-227-153-4.plesk.page\/fr\/wp-json\/wp\/v2\/product\/5500031\/revisions"}],"wp:featuredmedia":[{"embeddable":true,"href":"https:\/\/stoic-curie.212-227-153-4.plesk.page\/fr\/wp-json\/wp\/v2\/media\/5941611"}],"wp:attachment":[{"href":"https:\/\/stoic-curie.212-227-153-4.plesk.page\/fr\/wp-json\/wp\/v2\/media?parent=5500031"}],"wp:term":[{"taxonomy":"product_brand","embeddable":true,"href":"https:\/\/stoic-curie.212-227-153-4.plesk.page\/fr\/wp-json\/wp\/v2\/product_brand?post=5500031"},{"taxonomy":"product_cat","embeddable":true,"href":"https:\/\/stoic-curie.212-227-153-4.plesk.page\/fr\/wp-json\/wp\/v2\/product_cat?post=5500031"},{"taxonomy":"product_tag","embeddable":true,"href":"https:\/\/stoic-curie.212-227-153-4.plesk.page\/fr\/wp-json\/wp\/v2\/product_tag?post=5500031"}],"curies":[{"name":"wp","href":"https:\/\/api.w.org\/{rel}","templated":true}]}}