{"id":5500034,"date":"2026-01-27T06:02:47","date_gmt":"2026-01-27T05:02:47","guid":{"rendered":"https:\/\/stoic-curie.212-227-153-4.plesk.page\/product\/ancre-toro-en-inox-6-kg\/"},"modified":"2026-02-24T23:08:25","modified_gmt":"2026-02-24T23:08:25","slug":"ancre-toro-en-inox-6-kg","status":"publish","type":"product","link":"https:\/\/stoic-curie.212-227-153-4.plesk.page\/fr\/product\/ancre-toro-en-inox-6-kg\/","title":{"rendered":"Ancre Toro en inox, 6\u00a0kg"},"content":{"rendered":"<p>Ancre Toro en inox, 6\u00a0kg &#8211; <\/p>\n<p>Ancre en acier inoxydable AISI 316 pour fonds marins doux tels que le sable, la boue et le limon. Gr\u00e2ce \u00e0 la r\u00e9partition du poids \u00e0 la pointe, l&#8217;ancre trouve imm\u00e9diatement l&#8217;angle de p\u00e9n\u00e9tration optimal et garantit une tenue stable.<\/p>\n","protected":false},"excerpt":{"rendered":"<p>Ancre Toro en inox, 6\u00a0kg &#8211; Ancre en acier inoxydable AISI 316 pour fonds marins doux tels que le sable,<\/p>\n","protected":false},"featured_media":5941612,"comment_status":"open","ping_status":"closed","template":"","meta":[],"product_brand":[3084],"product_cat":[1292],"product_tag":[],"class_list":{"0":"post-5500034","1":"product","2":"type-product","3":"status-publish","4":"has-post-thumbnail","6":"product_brand-maggigroup-fr","7":"product_cat-ancres-delta","9":"first","10":"instock","11":"shipping-taxable","12":"purchasable","13":"product-type-simple"},"_links":{"self":[{"href":"https:\/\/stoic-curie.212-227-153-4.plesk.page\/fr\/wp-json\/wp\/v2\/product\/5500034","targetHints":{"allow":["GET"]}}],"collection":[{"href":"https:\/\/stoic-curie.212-227-153-4.plesk.page\/fr\/wp-json\/wp\/v2\/product"}],"about":[{"href":"https:\/\/stoic-curie.212-227-153-4.plesk.page\/fr\/wp-json\/wp\/v2\/types\/product"}],"replies":[{"embeddable":true,"href":"https:\/\/stoic-curie.212-227-153-4.plesk.page\/fr\/wp-json\/wp\/v2\/comments?post=5500034"}],"version-history":[{"count":0,"href":"https:\/\/stoic-curie.212-227-153-4.plesk.page\/fr\/wp-json\/wp\/v2\/product\/5500034\/revisions"}],"wp:featuredmedia":[{"embeddable":true,"href":"https:\/\/stoic-curie.212-227-153-4.plesk.page\/fr\/wp-json\/wp\/v2\/media\/5941612"}],"wp:attachment":[{"href":"https:\/\/stoic-curie.212-227-153-4.plesk.page\/fr\/wp-json\/wp\/v2\/media?parent=5500034"}],"wp:term":[{"taxonomy":"product_brand","embeddable":true,"href":"https:\/\/stoic-curie.212-227-153-4.plesk.page\/fr\/wp-json\/wp\/v2\/product_brand?post=5500034"},{"taxonomy":"product_cat","embeddable":true,"href":"https:\/\/stoic-curie.212-227-153-4.plesk.page\/fr\/wp-json\/wp\/v2\/product_cat?post=5500034"},{"taxonomy":"product_tag","embeddable":true,"href":"https:\/\/stoic-curie.212-227-153-4.plesk.page\/fr\/wp-json\/wp\/v2\/product_tag?post=5500034"}],"curies":[{"name":"wp","href":"https:\/\/api.w.org\/{rel}","templated":true}]}}