{"id":5500038,"date":"2026-01-27T06:02:51","date_gmt":"2026-01-27T05:02:51","guid":{"rendered":"https:\/\/stoic-curie.212-227-153-4.plesk.page\/product\/ancre-toro-en-inox-25-kg\/"},"modified":"2026-02-24T23:08:25","modified_gmt":"2026-02-24T23:08:25","slug":"ancre-toro-en-inox-25-kg","status":"publish","type":"product","link":"https:\/\/stoic-curie.212-227-153-4.plesk.page\/fr\/product\/ancre-toro-en-inox-25-kg\/","title":{"rendered":"Ancre Toro en inox, 25\u00a0kg"},"content":{"rendered":"<p>Ancre Toro en inox, 25\u00a0kg &#8211; <\/p>\n<p style=\"color: rgb(34, 34, 34); font-family: Arial, Helvetica, sans-serif; font-size: small;\">Fabriqu\u00e9 en tant qu&#8217;une seule unit\u00e9 int\u00e9gr\u00e9e en acier inoxydable duplex 316\/2205 de qualit\u00e9 sup\u00e9rieure, cet ancre offre une r\u00e9sistance \u00e0 la corrosion exceptionnelle et une force sup\u00e9rieure par rapport aux options standard en acier inoxydable telles que 304 ou 316. Cette durabilit\u00e9 est cruciale pour les propri\u00e9taires de bateaux qui op\u00e8rent souvent dans des environnements d&#8217;eau sal\u00e9e, o\u00f9 la corrosion peut significativement affecter la dur\u00e9e de vie de l&#8217;\u00e9quipement marin.<\/p>\n<p style=\"color: rgb(34, 34, 34); font-family: Arial, Helvetica, sans-serif; font-size: small;\">L&#8217;ancre dispose d&#8217;un design auto-lan\u00e7ant, permettant de tomber librement des rouleaux de proue. Cela est particuli\u00e8rement b\u00e9n\u00e9fique lorsqu&#8217;il est associ\u00e9 \u00e0 des treuils t\u00e9l\u00e9command\u00e9s, car cela rationalise le processus d&#8217;ancrage et am\u00e9liore l&#8217;efficacit\u00e9 globale.<\/p>\n<p style=\"color: rgb(34, 34, 34); font-family: Arial, Helvetica, sans-serif; font-size: small;\">De plus, le lourd lest positionn\u00e9 dans la section avant de l&#8217;ancre assure un engagement imm\u00e9diat avec le fond marin d\u00e8s le contact, offrant une prise s\u00e9curis\u00e9e m\u00eame dans des conditions difficiles. Pour renforcer encore votre confiance dans ses performances, cet ancre est soutenu par une garantie \u00e0 vie contre les ruptures, vous offrant une tranquillit\u00e9 d&#8217;esprit lors de vos aventures nautiques. Avec cet ancre, vous pouvez naviguer en toute confiance, sachant que vous disposez d&#8217;une solution d&#8217;ancrage fiable et robuste \u00e0 votre disposition.<\/p>\n","protected":false},"excerpt":{"rendered":"<p>Ancre Toro en inox, 25\u00a0kg &#8211; Fabriqu\u00e9 en tant qu&#8217;une seule unit\u00e9 int\u00e9gr\u00e9e en acier inoxydable duplex 316\/2205 de qualit\u00e9<\/p>\n","protected":false},"featured_media":5941612,"comment_status":"open","ping_status":"closed","template":"","meta":[],"product_brand":[3084],"product_cat":[1292],"product_tag":[],"class_list":{"0":"post-5500038","1":"product","2":"type-product","3":"status-publish","4":"has-post-thumbnail","6":"product_brand-maggigroup-fr","7":"product_cat-ancres-delta","9":"first","10":"instock","11":"shipping-taxable","12":"purchasable","13":"product-type-simple"},"_links":{"self":[{"href":"https:\/\/stoic-curie.212-227-153-4.plesk.page\/fr\/wp-json\/wp\/v2\/product\/5500038","targetHints":{"allow":["GET"]}}],"collection":[{"href":"https:\/\/stoic-curie.212-227-153-4.plesk.page\/fr\/wp-json\/wp\/v2\/product"}],"about":[{"href":"https:\/\/stoic-curie.212-227-153-4.plesk.page\/fr\/wp-json\/wp\/v2\/types\/product"}],"replies":[{"embeddable":true,"href":"https:\/\/stoic-curie.212-227-153-4.plesk.page\/fr\/wp-json\/wp\/v2\/comments?post=5500038"}],"version-history":[{"count":0,"href":"https:\/\/stoic-curie.212-227-153-4.plesk.page\/fr\/wp-json\/wp\/v2\/product\/5500038\/revisions"}],"wp:featuredmedia":[{"embeddable":true,"href":"https:\/\/stoic-curie.212-227-153-4.plesk.page\/fr\/wp-json\/wp\/v2\/media\/5941612"}],"wp:attachment":[{"href":"https:\/\/stoic-curie.212-227-153-4.plesk.page\/fr\/wp-json\/wp\/v2\/media?parent=5500038"}],"wp:term":[{"taxonomy":"product_brand","embeddable":true,"href":"https:\/\/stoic-curie.212-227-153-4.plesk.page\/fr\/wp-json\/wp\/v2\/product_brand?post=5500038"},{"taxonomy":"product_cat","embeddable":true,"href":"https:\/\/stoic-curie.212-227-153-4.plesk.page\/fr\/wp-json\/wp\/v2\/product_cat?post=5500038"},{"taxonomy":"product_tag","embeddable":true,"href":"https:\/\/stoic-curie.212-227-153-4.plesk.page\/fr\/wp-json\/wp\/v2\/product_tag?post=5500038"}],"curies":[{"name":"wp","href":"https:\/\/api.w.org\/{rel}","templated":true}]}}