{"id":5500039,"date":"2026-01-27T06:02:51","date_gmt":"2026-01-27T05:02:51","guid":{"rendered":"https:\/\/stoic-curie.212-227-153-4.plesk.page\/product\/ancre-toro-en-inox-32-kg\/"},"modified":"2026-02-24T23:08:25","modified_gmt":"2026-02-24T23:08:25","slug":"ancre-toro-en-inox-32-kg","status":"publish","type":"product","link":"https:\/\/stoic-curie.212-227-153-4.plesk.page\/fr\/product\/ancre-toro-en-inox-32-kg\/","title":{"rendered":"Ancre Toro en inox, 32\u00a0kg"},"content":{"rendered":"<p>Ancre Toro en inox, 32\u00a0kg &#8211; <\/p>\n<p><strong>Ancre Toro en Acier Inoxydable de 32 kg<\/strong><\/p>\n<p>L&#8217;ancre Toro en acier inoxydable AISI 316 est con\u00e7ue de mani\u00e8re experte pour fonctionner exceptionnellement bien dans des conditions de fonds marins doux, notamment le sable, la boue et la vase. Sa construction innovante pr\u00e9sente une r\u00e9partition du poids unique qui se concentre \u00e0 la pointe, permettant \u00e0 l&#8217;ancre d&#8217;atteindre rapidement l&#8217;angle de p\u00e9n\u00e9tration id\u00e9al. Cette caract\u00e9ristique est essentielle pour \u00e9tablir une prise stable et fiable, surtout dans des environnements marins difficiles. Pesant 32 kg, cet ancre en acier inoxydable est id\u00e9al pour les navires mesurant de 50 \u00e0 60 pieds de long, ce qui en fait une option polyvalente pour diff\u00e9rents types de bateaux.<\/p>\n<p>Fabriqu\u00e9e en une seule unit\u00e9 coh\u00e9rente \u00e0 partir de l&#8217;acier inoxydable duplex 316\/2205 de haute qualit\u00e9, cette ancre offre une remarquable r\u00e9sistance \u00e0 la corrosion et une meilleure r\u00e9sistance par rapport aux options en acier inoxydable standards telles que 304 ou 316. Cette durabilit\u00e9 est particuli\u00e8rement importante pour les propri\u00e9taires de bateaux qui naviguent souvent en eau sal\u00e9e, o\u00f9 la corrosion peut significativement r\u00e9duire la dur\u00e9e de vie de l&#8217;\u00e9quipement maritime. De plus, l&#8217;ancre est con\u00e7ue pour se lancer automatiquement, permettant de la faire descendre facilement des rouleaux de proue. Cette fonctionnalit\u00e9 est particuli\u00e8rement b\u00e9n\u00e9fique lorsqu&#8217;elle est utilis\u00e9e avec des manivelles t\u00e9l\u00e9command\u00e9es, car elle rationalise le processus d&#8217;ancrage et am\u00e9liore l&#8217;efficacit\u00e9 globale.<\/p>\n<p>En outre, le ballast consid\u00e9rable situ\u00e9 dans la section du pied de l&#8217;ancre assure un contact imm\u00e9diat avec le fond marin lors du contact, offrant une prise fiable m\u00eame dans des conditions d\u00e9favorables. Pour renforcer encore votre confiance dans ses performances, cette ancre est garantie \u00e0 vie contre les ruptures, vous offrant la tranquillit\u00e9 d&#8217;esprit lorsque vous partez \u00e0 l&#8217;aventure en bateau. Avec l&#8217;ancre Toro, vous pouvez naviguer dans les eaux en toute confiance, sachant que vous disposez d&#8217;une solution d&#8217;ancrage robuste et fiable \u00e0 votre disposition.<\/p>\n","protected":false},"excerpt":{"rendered":"<p>Ancre Toro en inox, 32\u00a0kg &#8211; Ancre Toro en Acier Inoxydable de 32 kg L&#8217;ancre Toro en acier inoxydable AISI<\/p>\n","protected":false},"featured_media":5941612,"comment_status":"open","ping_status":"closed","template":"","meta":[],"product_brand":[3084],"product_cat":[1292],"product_tag":[],"class_list":{"0":"post-5500039","1":"product","2":"type-product","3":"status-publish","4":"has-post-thumbnail","6":"product_brand-maggigroup-fr","7":"product_cat-ancres-delta","9":"first","10":"instock","11":"shipping-taxable","12":"purchasable","13":"product-type-simple"},"_links":{"self":[{"href":"https:\/\/stoic-curie.212-227-153-4.plesk.page\/fr\/wp-json\/wp\/v2\/product\/5500039","targetHints":{"allow":["GET"]}}],"collection":[{"href":"https:\/\/stoic-curie.212-227-153-4.plesk.page\/fr\/wp-json\/wp\/v2\/product"}],"about":[{"href":"https:\/\/stoic-curie.212-227-153-4.plesk.page\/fr\/wp-json\/wp\/v2\/types\/product"}],"replies":[{"embeddable":true,"href":"https:\/\/stoic-curie.212-227-153-4.plesk.page\/fr\/wp-json\/wp\/v2\/comments?post=5500039"}],"version-history":[{"count":0,"href":"https:\/\/stoic-curie.212-227-153-4.plesk.page\/fr\/wp-json\/wp\/v2\/product\/5500039\/revisions"}],"wp:featuredmedia":[{"embeddable":true,"href":"https:\/\/stoic-curie.212-227-153-4.plesk.page\/fr\/wp-json\/wp\/v2\/media\/5941612"}],"wp:attachment":[{"href":"https:\/\/stoic-curie.212-227-153-4.plesk.page\/fr\/wp-json\/wp\/v2\/media?parent=5500039"}],"wp:term":[{"taxonomy":"product_brand","embeddable":true,"href":"https:\/\/stoic-curie.212-227-153-4.plesk.page\/fr\/wp-json\/wp\/v2\/product_brand?post=5500039"},{"taxonomy":"product_cat","embeddable":true,"href":"https:\/\/stoic-curie.212-227-153-4.plesk.page\/fr\/wp-json\/wp\/v2\/product_cat?post=5500039"},{"taxonomy":"product_tag","embeddable":true,"href":"https:\/\/stoic-curie.212-227-153-4.plesk.page\/fr\/wp-json\/wp\/v2\/product_tag?post=5500039"}],"curies":[{"name":"wp","href":"https:\/\/api.w.org\/{rel}","templated":true}]}}