{"id":5500042,"date":"2026-01-27T06:03:04","date_gmt":"2026-01-27T05:03:04","guid":{"rendered":"https:\/\/stoic-curie.212-227-153-4.plesk.page\/product\/ancre-toro-en-acier-galvanise-50-kg\/"},"modified":"2026-02-24T23:08:34","modified_gmt":"2026-02-24T23:08:34","slug":"ancre-toro-en-acier-galvanise-50-kg","status":"publish","type":"product","link":"https:\/\/stoic-curie.212-227-153-4.plesk.page\/fr\/product\/ancre-toro-en-acier-galvanise-50-kg\/","title":{"rendered":"Ancre Toro en acier galvanis\u00e9, 50\u00a0kg"},"content":{"rendered":"<p>Ancre Toro en acier galvanis\u00e9, 50\u00a0kg &#8211; <\/p>\n<p><strong>Ancre en acier galvanis\u00e9 pour fonds marins doux<\/strong><\/p>\n<p>Cette ancre en acier galvanis\u00e9 est sp\u00e9cialement con\u00e7ue pour une utilisation sur des fonds marins doux, y compris le sable, la boue et la vase. Sa distribution de poids distincte \u00e0 la pointe permet \u00e0 l&#8217;ancre de trouver rapidement l&#8217;angle optimal de p\u00e9n\u00e9tration, garantissant une prise s\u00e9curis\u00e9e. Fabriqu\u00e9e en acier au mangan\u00e8se galvanis\u00e9 de haute qualit\u00e9, cette ancre monobloc est con\u00e7ue pour tomber librement des rouleaux d&#8217;\u00e9trave, ce qui la rend parfaite pour une utilisation avec des treuils \u00e0 distance. Le poids important dans la section de la pointe garantit qu&#8217;elle s&#8217;engage sur le fond marin lors de l&#8217;impact. Nous offrons une garantie \u00e0 vie contre les ruptures.<\/p>\n<p><strong>Caract\u00e9ristiques<\/strong><\/p>\n<ul>\n<li>Fabriqu\u00e9e en acier au mangan\u00e8se galvanis\u00e9 de haute qualit\u00e9<\/li>\n<li>Design unique du corps<\/li>\n<li>Pointe lest\u00e9e pour des performances am\u00e9lior\u00e9es<\/li>\n<li>M\u00e9canisme de lancement autonome<\/li>\n<li>Basse centre de gravit\u00e9 pour la stabilit\u00e9<\/li>\n<li>G\u00e9om\u00e9trie auto-redressante pour un retrait facile<\/li>\n<li>Capacit\u00e9 de mise en place imm\u00e9diate<\/li>\n<li>Performances constantes et fiables<\/li>\n<\/ul>\n<p><strong>Ancre galvanis\u00e9e \u00e0 chaud<\/strong><\/p>\n<p>La galvanisation \u00e0 chaud est la finition la plus appr\u00e9ci\u00e9e pour les ancres utilis\u00e9es sur les voiliers et les yachts \u00e0 moteur. Cette pr\u00e9f\u00e9rence provient principalement du fait que les ancres en acier inoxydable peuvent \u00eatre prohibitivement co\u00fbteuses pour de nombreux navigateurs, tandis que l&#8217;aluminium est souvent r\u00e9serv\u00e9 pour les ancres de kedge ou secondaires en raison de ses propri\u00e9t\u00e9s l\u00e9g\u00e8res.<\/p>\n<p>L&#8217;acier galvanis\u00e9 est un excellent mat\u00e9riau pour la fabrication d&#8217;ancres car il est robuste, lourd, durable dans des conditions maritimes, relativement abordable et peut \u00eatre moul\u00e9 en designs complexes.<\/p>\n<p>Bien que les ancres modernes, technologiquement avanc\u00e9es, avec une puissance de maintien sup\u00e9rieure soient actuellement \u00e0 la mode, les designs traditionnels restent disponibles pour ceux qui pr\u00e9f\u00e8rent une forme et un profil classiques.<\/p>\n<p><strong>Compatibilit\u00e9 avec les rouleaux d&#8217;\u00e9trave<\/strong><\/p>\n<p>Les anciens designs d&#8217;ancres sont g\u00e9n\u00e9ralement fabriqu\u00e9s en acier galvanis\u00e9. Bien qu&#8217;ils puissent ne pas offrir les performances avanc\u00e9es des mod\u00e8les r\u00e9cents, ils peuvent \u00eatre une option plus \u00e9conomique pour le montage sur rouleaux d&#8217;\u00e9trave. Remplacer une ancre par un mod\u00e8le similaire peut entra\u00eener des \u00e9conomies de co\u00fbts, et \u00e9viter des modifications de la t\u00eate de m\u00e2t et des dispositions de rouleaux peut entrainer des avantages financiers significatifs. Les \u00e9quipes de conception et de d\u00e9veloppement reconnaissent cela, et les fabricants de nouveaux designs fournissent souvent des dimensions d\u00e9taill\u00e9es et des mod\u00e8les grandeur nature pour aider les clients \u00e0 \u00e9viter les d\u00e9fis d&#8217;installation.<\/p>\n","protected":false},"excerpt":{"rendered":"<p>Ancre Toro en acier galvanis\u00e9, 50\u00a0kg &#8211; Ancre en acier galvanis\u00e9 pour fonds marins doux Cette ancre en acier galvanis\u00e9<\/p>\n","protected":false},"featured_media":5941611,"comment_status":"open","ping_status":"closed","template":"","meta":[],"product_brand":[3084],"product_cat":[1292],"product_tag":[],"class_list":{"0":"post-5500042","1":"product","2":"type-product","3":"status-publish","4":"has-post-thumbnail","6":"product_brand-maggigroup-fr","7":"product_cat-ancres-delta","9":"first","10":"instock","11":"shipping-taxable","12":"purchasable","13":"product-type-simple"},"_links":{"self":[{"href":"https:\/\/stoic-curie.212-227-153-4.plesk.page\/fr\/wp-json\/wp\/v2\/product\/5500042","targetHints":{"allow":["GET"]}}],"collection":[{"href":"https:\/\/stoic-curie.212-227-153-4.plesk.page\/fr\/wp-json\/wp\/v2\/product"}],"about":[{"href":"https:\/\/stoic-curie.212-227-153-4.plesk.page\/fr\/wp-json\/wp\/v2\/types\/product"}],"replies":[{"embeddable":true,"href":"https:\/\/stoic-curie.212-227-153-4.plesk.page\/fr\/wp-json\/wp\/v2\/comments?post=5500042"}],"version-history":[{"count":0,"href":"https:\/\/stoic-curie.212-227-153-4.plesk.page\/fr\/wp-json\/wp\/v2\/product\/5500042\/revisions"}],"wp:featuredmedia":[{"embeddable":true,"href":"https:\/\/stoic-curie.212-227-153-4.plesk.page\/fr\/wp-json\/wp\/v2\/media\/5941611"}],"wp:attachment":[{"href":"https:\/\/stoic-curie.212-227-153-4.plesk.page\/fr\/wp-json\/wp\/v2\/media?parent=5500042"}],"wp:term":[{"taxonomy":"product_brand","embeddable":true,"href":"https:\/\/stoic-curie.212-227-153-4.plesk.page\/fr\/wp-json\/wp\/v2\/product_brand?post=5500042"},{"taxonomy":"product_cat","embeddable":true,"href":"https:\/\/stoic-curie.212-227-153-4.plesk.page\/fr\/wp-json\/wp\/v2\/product_cat?post=5500042"},{"taxonomy":"product_tag","embeddable":true,"href":"https:\/\/stoic-curie.212-227-153-4.plesk.page\/fr\/wp-json\/wp\/v2\/product_tag?post=5500042"}],"curies":[{"name":"wp","href":"https:\/\/api.w.org\/{rel}","templated":true}]}}