{"id":5500043,"date":"2026-01-27T06:03:05","date_gmt":"2026-01-27T05:03:05","guid":{"rendered":"https:\/\/stoic-curie.212-227-153-4.plesk.page\/product\/ancre-toro-en-acier-galvanise-63-kg\/"},"modified":"2026-02-24T23:08:34","modified_gmt":"2026-02-24T23:08:34","slug":"ancre-toro-en-acier-galvanise-63-kg","status":"publish","type":"product","link":"https:\/\/stoic-curie.212-227-153-4.plesk.page\/fr\/product\/ancre-toro-en-acier-galvanise-63-kg\/","title":{"rendered":"Ancre Toro en acier galvanis\u00e9, 63\u00a0kg"},"content":{"rendered":"<p>Ancre Toro en acier galvanis\u00e9, 63\u00a0kg &#8211; <\/p>\n<p style=\"color: rgb(34, 34, 34); font-family: Arial, Helvetica, sans-serif; font-size: small;\">Ancre en Acier Galvanis\u00e9 pour Fonds Marins Mollusques<\/p>\n<p style=\"color: rgb(34, 34, 34); font-family: Arial, Helvetica, sans-serif; font-size: small;\">Cette ancre en acier galvanis\u00e9 est con\u00e7ue pour \u00eatre utilis\u00e9e dans des fonds marins mous, tels que le sable, la boue et la limon. Sa r\u00e9partition unique du poids \u00e0 la pointe permet \u00e0 l&#8217;ancre de trouver rapidement le meilleur angle d&#8217;insertion, garantissant ainsi une tenue stable. Fabriqu\u00e9e en acier mangan\u00e8se galvanis\u00e9 de haute qualit\u00e9, cette ancre monobloc est \u00e9quilibr\u00e9e pour tomber librement depuis les rouleaux de proue, ce qui la rend id\u00e9ale pour une utilisation avec des treuils \u00e0 distance. Le ballast lourd dans la section de la pointe garantit qu&#8217;elle engage le fond marin \u00e0 l&#8217;impact. Nous offrons une garantie \u00e0 vie contre la rupture.<\/p>\n<p style=\"color: rgb(34, 34, 34); font-family: Arial, Helvetica, sans-serif; font-size: small;\"><strong>Caract\u00e9ristiques<\/strong><\/p>\n<ul style=\"color: rgb(34, 34, 34); font-family: Arial, Helvetica, sans-serif; font-size: small;\">\n<li>Construction en acier mangan\u00e8se galvanis\u00e9 de haute qualit\u00e9<\/li>\n<li>Profil unique de tige<\/li>\n<li>Pointe lest\u00e9e<\/li>\n<li>Design auto-lan\u00e7ant<\/li>\n<li>Faible centre de gravit\u00e9<\/li>\n<li>G\u00e9om\u00e9trie auto-redressante<\/li>\n<li>Se met en place imm\u00e9diatement<\/li>\n<li>Performance constante et fiable<\/li>\n<\/ul>\n<p style=\"color: rgb(34, 34, 34); font-family: Arial, Helvetica, sans-serif; font-size: small;\"><strong>Ancrages Galvanis\u00e9s \u00e0 Chaud<\/strong><\/p>\n<p style=\"color: rgb(34, 34, 34); font-family: Arial, Helvetica, sans-serif; font-size: small;\">Le galvanisation \u00e0 chaud est la finition la plus populaire pour les ancres utilis\u00e9es sur les voiliers et les yachts \u00e0 moteur. Cela est principalement d\u00fb au fait que les ancres en acier inoxydable peuvent \u00eatre trop ch\u00e8res pour de nombreux marins, tandis que l&#8217;aluminium est g\u00e9n\u00e9ralement utilis\u00e9 pour les ancres de kedge ou secondaires en raison de sa l\u00e9g\u00e8ret\u00e9.<\/p>\n<p style=\"color: rgb(34, 34, 34); font-family: Arial, Helvetica, sans-serif; font-size: small;\">L&#8217;acier galvanis\u00e9 est un excellent choix pour la production d&#8217;ancres car il est solide, lourd, durable en milieu marin, relativement abordable et peut \u00eatre form\u00e9 en designs complexes.<\/p>\n<p style=\"color: rgb(34, 34, 34); font-family: Arial, Helvetica, sans-serif; font-size: small;\">Alors que les ancres de nouvelle g\u00e9n\u00e9ration, technologiquement avanc\u00e9es, avec une grande capacit\u00e9 de tenue sont populaires aujourd&#8217;hui, des conceptions traditionnelles sont encore disponibles pour ceux qui pr\u00e9f\u00e8rent une forme classique et un profil classique.<\/p>\n<p style=\"color: rgb(34, 34, 34); font-family: Arial, Helvetica, sans-serif; font-size: small;\"><strong>Compatibilit\u00e9 avec les Rouleaux de Proue<\/strong><\/p>\n<p style=\"color: rgb(34, 34, 34); font-family: Arial, Helvetica, sans-serif; font-size: small;\">Les designs d&#8217;ancre plus anciens sont g\u00e9n\u00e9ralement fabriqu\u00e9s en acier galvanis\u00e9. Bien qu&#8217;ils ne puissent pas offrir la performance avanc\u00e9e des mod\u00e8les plus r\u00e9cents, ils peuvent \u00eatre une option plus \u00e9conomique pour le montage sur des rouleaux de proue. Remplacer une ancre par un mod\u00e8le similaire peut permettre d&#8217;\u00e9conomiser de l&#8217;argent, et \u00e9viter les modifications de la proue et de la disposition des rouleaux peut mener \u00e0 des \u00e9conomies consid\u00e9rables. Les \u00e9quipes de conception et de d\u00e9veloppement en sont conscientes, et les fabricants de nouveaux designs fournissent souvent des dimensions d\u00e9taill\u00e9es et des mod\u00e8les \u00e0 taille r\u00e9elle pour aider les clients \u00e0 \u00e9viter les probl\u00e8mes d&#8217;installation.<\/p>\n","protected":false},"excerpt":{"rendered":"<p>Ancre Toro en acier galvanis\u00e9, 63\u00a0kg &#8211; Ancre en Acier Galvanis\u00e9 pour Fonds Marins Mollusques Cette ancre en acier galvanis\u00e9<\/p>\n","protected":false},"featured_media":5941611,"comment_status":"open","ping_status":"closed","template":"","meta":[],"product_brand":[3084],"product_cat":[1292],"product_tag":[],"class_list":{"0":"post-5500043","1":"product","2":"type-product","3":"status-publish","4":"has-post-thumbnail","6":"product_brand-maggigroup-fr","7":"product_cat-ancres-delta","9":"first","10":"instock","11":"shipping-taxable","12":"purchasable","13":"product-type-simple"},"_links":{"self":[{"href":"https:\/\/stoic-curie.212-227-153-4.plesk.page\/fr\/wp-json\/wp\/v2\/product\/5500043","targetHints":{"allow":["GET"]}}],"collection":[{"href":"https:\/\/stoic-curie.212-227-153-4.plesk.page\/fr\/wp-json\/wp\/v2\/product"}],"about":[{"href":"https:\/\/stoic-curie.212-227-153-4.plesk.page\/fr\/wp-json\/wp\/v2\/types\/product"}],"replies":[{"embeddable":true,"href":"https:\/\/stoic-curie.212-227-153-4.plesk.page\/fr\/wp-json\/wp\/v2\/comments?post=5500043"}],"version-history":[{"count":0,"href":"https:\/\/stoic-curie.212-227-153-4.plesk.page\/fr\/wp-json\/wp\/v2\/product\/5500043\/revisions"}],"wp:featuredmedia":[{"embeddable":true,"href":"https:\/\/stoic-curie.212-227-153-4.plesk.page\/fr\/wp-json\/wp\/v2\/media\/5941611"}],"wp:attachment":[{"href":"https:\/\/stoic-curie.212-227-153-4.plesk.page\/fr\/wp-json\/wp\/v2\/media?parent=5500043"}],"wp:term":[{"taxonomy":"product_brand","embeddable":true,"href":"https:\/\/stoic-curie.212-227-153-4.plesk.page\/fr\/wp-json\/wp\/v2\/product_brand?post=5500043"},{"taxonomy":"product_cat","embeddable":true,"href":"https:\/\/stoic-curie.212-227-153-4.plesk.page\/fr\/wp-json\/wp\/v2\/product_cat?post=5500043"},{"taxonomy":"product_tag","embeddable":true,"href":"https:\/\/stoic-curie.212-227-153-4.plesk.page\/fr\/wp-json\/wp\/v2\/product_tag?post=5500043"}],"curies":[{"name":"wp","href":"https:\/\/api.w.org\/{rel}","templated":true}]}}