{"id":5500044,"date":"2026-01-27T06:03:06","date_gmt":"2026-01-27T05:03:06","guid":{"rendered":"https:\/\/stoic-curie.212-227-153-4.plesk.page\/product\/ancre-toro-en-inox-50-kg\/"},"modified":"2026-02-24T23:08:34","modified_gmt":"2026-02-24T23:08:34","slug":"ancre-toro-en-inox-50-kg","status":"publish","type":"product","link":"https:\/\/stoic-curie.212-227-153-4.plesk.page\/fr\/product\/ancre-toro-en-inox-50-kg\/","title":{"rendered":"Ancre Toro en inox, 50\u00a0kg"},"content":{"rendered":"<p>Ancre Toro en inox, 50\u00a0kg &#8211; <\/p>\n<p>L&#8217;ancre en acier inoxydable AISI 316 a \u00e9t\u00e9 m\u00e9ticuleusement con\u00e7ue pour exceller dans des conditions de fond marin meuble, comprenant des environnements tels que le sable, la boue et le slime. Son design innovant pr\u00e9sente une r\u00e9partition du poids unique concentr\u00e9e \u00e0 la pointe, ce qui facilite la capacit\u00e9 de l&#8217;ancre \u00e0 localiser rapidement l&#8217;angle de p\u00e9n\u00e9tration optimal. Cette caract\u00e9ristique est cruciale pour assurer un maintien stable et s\u00e9curis\u00e9, en particulier dans des environnements marins difficiles. Avec un poids consid\u00e9rable de 110 lb (50 kg), cet ancre en acier inoxydable est id\u00e9al pour des embarcations mesurant entre 70 et 82 pieds de long, ce qui en fait un choix polyvalent pour divers types de bateaux.<\/p>\n<p>Construit comme une seule unit\u00e9 coh\u00e9sive en acier inoxydable duplex 316\/2205 de haute qualit\u00e9, cet ancre offre une exceptionnelle r\u00e9sistance \u00e0 la corrosion et une solidit\u00e9 renforc\u00e9e par rapport aux options en acier inoxydable standard telles que le 304 ou le 316. Cette durabilit\u00e9 est particuli\u00e8rement importante pour les propri\u00e9taires de bateaux qui naviguent fr\u00e9quemment dans des environnements d&#8217;eau sal\u00e9e, o\u00f9 la corrosion peut avoir un impact significatif sur la long\u00e9vit\u00e9 du mat\u00e9riel marin. L&#8217;ancre dispose \u00e9galement d&#8217;un design auto-lancin, permettant \u00e0 celle-ci de tomber librement depuis les rouleaux de proue. Cette caract\u00e9ristique est particuli\u00e8rement avantageuse lorsqu&#8217;elle est utilis\u00e9e en combinaison avec des treuils t\u00e9l\u00e9command\u00e9s, car elle simplifie le processus d&#8217;ancrage et am\u00e9liore l&#8217;efficacit\u00e9 g\u00e9n\u00e9rale.<\/p>\n<p>De plus, le lourd ballast situ\u00e9 dans la section de l&#8217;orteil de l&#8217;ancre garantit qu&#8217;elle s&#8217;engagera imm\u00e9diatement au contact du fond marin, offrant un maintien fiable m\u00eame dans des conditions moins qu&#8217;id\u00e9ales. Pour renforcer la confiance dans ses performances, cet ancre est livr\u00e9 avec une garantie \u00e0 vie contre les ruptures, vous apportant une tranquillit\u00e9 d&#8217;esprit lors de vos aventures nautiques. Avec cet ancre, vous pouvez naviguer dans les eaux en toute confiance, sachant que vous avez \u00e0 votre disposition une solution d&#8217;ancrage fiable et robuste.<\/p>\n","protected":false},"excerpt":{"rendered":"<p>Ancre Toro en inox, 50\u00a0kg &#8211; L&#8217;ancre en acier inoxydable AISI 316 a \u00e9t\u00e9 m\u00e9ticuleusement con\u00e7ue pour exceller dans des<\/p>\n","protected":false},"featured_media":5941612,"comment_status":"open","ping_status":"closed","template":"","meta":[],"product_brand":[3084],"product_cat":[1292],"product_tag":[],"class_list":{"0":"post-5500044","1":"product","2":"type-product","3":"status-publish","4":"has-post-thumbnail","6":"product_brand-maggigroup-fr","7":"product_cat-ancres-delta","9":"first","10":"instock","11":"shipping-taxable","12":"purchasable","13":"product-type-simple"},"_links":{"self":[{"href":"https:\/\/stoic-curie.212-227-153-4.plesk.page\/fr\/wp-json\/wp\/v2\/product\/5500044","targetHints":{"allow":["GET"]}}],"collection":[{"href":"https:\/\/stoic-curie.212-227-153-4.plesk.page\/fr\/wp-json\/wp\/v2\/product"}],"about":[{"href":"https:\/\/stoic-curie.212-227-153-4.plesk.page\/fr\/wp-json\/wp\/v2\/types\/product"}],"replies":[{"embeddable":true,"href":"https:\/\/stoic-curie.212-227-153-4.plesk.page\/fr\/wp-json\/wp\/v2\/comments?post=5500044"}],"version-history":[{"count":0,"href":"https:\/\/stoic-curie.212-227-153-4.plesk.page\/fr\/wp-json\/wp\/v2\/product\/5500044\/revisions"}],"wp:featuredmedia":[{"embeddable":true,"href":"https:\/\/stoic-curie.212-227-153-4.plesk.page\/fr\/wp-json\/wp\/v2\/media\/5941612"}],"wp:attachment":[{"href":"https:\/\/stoic-curie.212-227-153-4.plesk.page\/fr\/wp-json\/wp\/v2\/media?parent=5500044"}],"wp:term":[{"taxonomy":"product_brand","embeddable":true,"href":"https:\/\/stoic-curie.212-227-153-4.plesk.page\/fr\/wp-json\/wp\/v2\/product_brand?post=5500044"},{"taxonomy":"product_cat","embeddable":true,"href":"https:\/\/stoic-curie.212-227-153-4.plesk.page\/fr\/wp-json\/wp\/v2\/product_cat?post=5500044"},{"taxonomy":"product_tag","embeddable":true,"href":"https:\/\/stoic-curie.212-227-153-4.plesk.page\/fr\/wp-json\/wp\/v2\/product_tag?post=5500044"}],"curies":[{"name":"wp","href":"https:\/\/api.w.org\/{rel}","templated":true}]}}