{"id":5500045,"date":"2026-01-27T06:03:07","date_gmt":"2026-01-27T05:03:07","guid":{"rendered":"https:\/\/stoic-curie.212-227-153-4.plesk.page\/product\/ancre-toro-en-inox-63-kg\/"},"modified":"2026-02-24T23:08:34","modified_gmt":"2026-02-24T23:08:34","slug":"ancre-toro-en-inox-63-kg","status":"publish","type":"product","link":"https:\/\/stoic-curie.212-227-153-4.plesk.page\/fr\/product\/ancre-toro-en-inox-63-kg\/","title":{"rendered":"Ancre Toro en inox, 63\u00a0kg"},"content":{"rendered":"<p>Ancre Toro en inox, 63\u00a0kg &#8211; <\/p>\n<p>L&#8217;ancre Toro, fabriqu\u00e9e en acier inoxydable AISI 316 de qualit\u00e9 sup\u00e9rieure, est sp\u00e9cialement con\u00e7ue pour une utilisation dans des fonds marins doux tels que le sable, la boue et le limon. Sa distribution de poids innovante \u00e0 la pointe permet d&#8217;atteindre rapidement l&#8217;angle de p\u00e9n\u00e9tration optimal, garantissant une prise s\u00e9curis\u00e9e. Le profil de tige distinctif et la pointe lest\u00e9e permettent \u00e0 l&#8217;ancre Toro d&#8217;\u00eatre d\u00e9ploy\u00e9e sans effort. Avec un centre de gravit\u00e9 bas et une g\u00e9om\u00e9trie auto-redressante, l&#8217;ancre Toro se fixe imm\u00e9diatement apr\u00e8s sa lib\u00e9ration.<\/p>\n<p>Reconnu pour sa performance constante et fiable, l&#8217;ancre Toro a re\u00e7u l&#8217;approbation g\u00e9n\u00e9rale de Lloyd&#8217;s Register en tant qu&#8217;ancre \u00e0 forte capacit\u00e9 de maintien et est le choix privil\u00e9gi\u00e9 de nombreuses organisations nationales de sauvetage. Pour ceux qui recherchent une durabilit\u00e9 accrue, une version en acier inoxydable Duplex\/haute r\u00e9sistance est \u00e9galement disponible.<\/p>\n<p>Tous les ancres Toro b\u00e9n\u00e9ficient d&#8217;une garantie \u00e0 vie contre les ruptures, et une certification de test Lloyd&#8217;s peut \u00eatre organis\u00e9e pour des ancres Delta individuelles.<\/p>\n<p><strong>Veuillez noter que les dommages r\u00e9sultant de d\u00e9formations ou de flexions ne sont pas couverts par cette garantie.<\/strong><\/p>\n<p><strong>Caract\u00e9ristiques cl\u00e9s :<\/strong><\/p>\n<ul>\n<li>Construit en acier mangan\u00e8se de haute qualit\u00e9<\/li>\n<li>Design auto-lan\u00e7ant<\/li>\n<li>Approbation de type Lloyd&#8217;s Register<\/li>\n<li>Garantie \u00e0 vie contre les ruptures<\/li>\n<li>Certification de test de Lloyd&#8217;s disponible<\/li>\n<\/ul>\n","protected":false},"excerpt":{"rendered":"<p>Ancre Toro en inox, 63\u00a0kg &#8211; L&#8217;ancre Toro, fabriqu\u00e9e en acier inoxydable AISI 316 de qualit\u00e9 sup\u00e9rieure, est sp\u00e9cialement con\u00e7ue<\/p>\n","protected":false},"featured_media":5941612,"comment_status":"open","ping_status":"closed","template":"","meta":[],"product_brand":[3084],"product_cat":[1292],"product_tag":[],"class_list":{"0":"post-5500045","1":"product","2":"type-product","3":"status-publish","4":"has-post-thumbnail","6":"product_brand-maggigroup-fr","7":"product_cat-ancres-delta","9":"first","10":"instock","11":"shipping-taxable","12":"purchasable","13":"product-type-simple"},"_links":{"self":[{"href":"https:\/\/stoic-curie.212-227-153-4.plesk.page\/fr\/wp-json\/wp\/v2\/product\/5500045","targetHints":{"allow":["GET"]}}],"collection":[{"href":"https:\/\/stoic-curie.212-227-153-4.plesk.page\/fr\/wp-json\/wp\/v2\/product"}],"about":[{"href":"https:\/\/stoic-curie.212-227-153-4.plesk.page\/fr\/wp-json\/wp\/v2\/types\/product"}],"replies":[{"embeddable":true,"href":"https:\/\/stoic-curie.212-227-153-4.plesk.page\/fr\/wp-json\/wp\/v2\/comments?post=5500045"}],"version-history":[{"count":0,"href":"https:\/\/stoic-curie.212-227-153-4.plesk.page\/fr\/wp-json\/wp\/v2\/product\/5500045\/revisions"}],"wp:featuredmedia":[{"embeddable":true,"href":"https:\/\/stoic-curie.212-227-153-4.plesk.page\/fr\/wp-json\/wp\/v2\/media\/5941612"}],"wp:attachment":[{"href":"https:\/\/stoic-curie.212-227-153-4.plesk.page\/fr\/wp-json\/wp\/v2\/media?parent=5500045"}],"wp:term":[{"taxonomy":"product_brand","embeddable":true,"href":"https:\/\/stoic-curie.212-227-153-4.plesk.page\/fr\/wp-json\/wp\/v2\/product_brand?post=5500045"},{"taxonomy":"product_cat","embeddable":true,"href":"https:\/\/stoic-curie.212-227-153-4.plesk.page\/fr\/wp-json\/wp\/v2\/product_cat?post=5500045"},{"taxonomy":"product_tag","embeddable":true,"href":"https:\/\/stoic-curie.212-227-153-4.plesk.page\/fr\/wp-json\/wp\/v2\/product_tag?post=5500045"}],"curies":[{"name":"wp","href":"https:\/\/api.w.org\/{rel}","templated":true}]}}