{"id":5500048,"date":"2026-01-27T06:03:17","date_gmt":"2026-01-27T05:03:17","guid":{"rendered":"https:\/\/stoic-curie.212-227-153-4.plesk.page\/product\/moustiquaire-pour-vetus-lib50\/"},"modified":"2026-02-24T23:08:35","modified_gmt":"2026-02-24T23:08:35","slug":"moustiquaire-pour-vetus-lib50","status":"publish","type":"product","link":"https:\/\/stoic-curie.212-227-153-4.plesk.page\/fr\/product\/moustiquaire-pour-vetus-lib50\/","title":{"rendered":"Moustiquaire pour Vetus Lib50"},"content":{"rendered":"<p>Moustiquaire pour Vetus Lib50 &#8211; <\/p>\n<p>Structure et cadre en aluminium anodis\u00e9 pour les \u00e9coutilles Vetus avec un verre acrylique teint\u00e9 de 12 mm d&#8217;\u00e9paisseur. \u00c9quip\u00e9 de charni\u00e8res \u00e0 friction permettant de rester ouvert dans n&#8217;importe quelle position jusqu&#8217;\u00e0 180\u00b0. Hauteur au-dessus du pont : 50 mm. Certifi\u00e9 CE classe AII.<\/p>\n","protected":false},"excerpt":{"rendered":"<p>Moustiquaire pour Vetus Lib50 &#8211; Structure et cadre en aluminium anodis\u00e9 pour les \u00e9coutilles Vetus avec un verre acrylique teint\u00e9<\/p>\n","protected":false},"featured_media":5944489,"comment_status":"open","ping_status":"closed","template":"","meta":[],"product_brand":[3519],"product_cat":[1128],"product_tag":[],"class_list":{"0":"post-5500048","1":"product","2":"type-product","3":"status-publish","4":"has-post-thumbnail","6":"product_brand-vetus-fr","7":"product_cat-panneaux-de-pont","9":"first","10":"instock","11":"shipping-taxable","12":"purchasable","13":"product-type-simple"},"_links":{"self":[{"href":"https:\/\/stoic-curie.212-227-153-4.plesk.page\/fr\/wp-json\/wp\/v2\/product\/5500048","targetHints":{"allow":["GET"]}}],"collection":[{"href":"https:\/\/stoic-curie.212-227-153-4.plesk.page\/fr\/wp-json\/wp\/v2\/product"}],"about":[{"href":"https:\/\/stoic-curie.212-227-153-4.plesk.page\/fr\/wp-json\/wp\/v2\/types\/product"}],"replies":[{"embeddable":true,"href":"https:\/\/stoic-curie.212-227-153-4.plesk.page\/fr\/wp-json\/wp\/v2\/comments?post=5500048"}],"version-history":[{"count":0,"href":"https:\/\/stoic-curie.212-227-153-4.plesk.page\/fr\/wp-json\/wp\/v2\/product\/5500048\/revisions"}],"wp:featuredmedia":[{"embeddable":true,"href":"https:\/\/stoic-curie.212-227-153-4.plesk.page\/fr\/wp-json\/wp\/v2\/media\/5944489"}],"wp:attachment":[{"href":"https:\/\/stoic-curie.212-227-153-4.plesk.page\/fr\/wp-json\/wp\/v2\/media?parent=5500048"}],"wp:term":[{"taxonomy":"product_brand","embeddable":true,"href":"https:\/\/stoic-curie.212-227-153-4.plesk.page\/fr\/wp-json\/wp\/v2\/product_brand?post=5500048"},{"taxonomy":"product_cat","embeddable":true,"href":"https:\/\/stoic-curie.212-227-153-4.plesk.page\/fr\/wp-json\/wp\/v2\/product_cat?post=5500048"},{"taxonomy":"product_tag","embeddable":true,"href":"https:\/\/stoic-curie.212-227-153-4.plesk.page\/fr\/wp-json\/wp\/v2\/product_tag?post=5500048"}],"curies":[{"name":"wp","href":"https:\/\/api.w.org\/{rel}","templated":true}]}}