{"id":5500059,"date":"2026-01-27T06:03:31","date_gmt":"2026-01-27T05:03:31","guid":{"rendered":"https:\/\/stoic-curie.212-227-153-4.plesk.page\/product\/chaussures-mocassins-bateau-orca-bay-sandusky-grises-pointure-45\/"},"modified":"2026-02-24T23:08:41","modified_gmt":"2026-02-24T23:08:41","slug":"chaussures-mocassins-bateau-orca-bay-sandusky-grises-pointure-45","status":"publish","type":"product","link":"https:\/\/stoic-curie.212-227-153-4.plesk.page\/fr\/product\/chaussures-mocassins-bateau-orca-bay-sandusky-grises-pointure-45\/","title":{"rendered":"Chaussures mocassins bateau Orca Bay Sandusky grises, pointure\u00a045"},"content":{"rendered":"<p>Chaussures mocassins bateau Orca Bay Sandusky grises, pointure\u00a045 &#8211; <\/p>\n<p>Bottes mocassins en cuir marin lavables en machine par Sandusky. Semelle en caoutchouc blanche antid\u00e9rapante et non marquante. Lacets en cuir brut, \u0153illets r\u00e9sistants \u00e0 la rouille et housse de talon rembourr\u00e9e en EVA.<\/p>\n","protected":false},"excerpt":{"rendered":"<p>Chaussures mocassins bateau Orca Bay Sandusky grises, pointure\u00a045 &#8211; Bottes mocassins en cuir marin lavables en machine par Sandusky. Semelle<\/p>\n","protected":false},"featured_media":5945656,"comment_status":"open","ping_status":"closed","template":"","meta":[],"product_brand":[3229],"product_cat":[1286],"product_tag":[],"class_list":{"0":"post-5500059","1":"product","2":"type-product","3":"status-publish","4":"has-post-thumbnail","6":"product_brand-orca-bay-fr","7":"product_cat-chaussures-nautiques","9":"first","10":"instock","11":"shipping-taxable","12":"purchasable","13":"product-type-simple"},"_links":{"self":[{"href":"https:\/\/stoic-curie.212-227-153-4.plesk.page\/fr\/wp-json\/wp\/v2\/product\/5500059","targetHints":{"allow":["GET"]}}],"collection":[{"href":"https:\/\/stoic-curie.212-227-153-4.plesk.page\/fr\/wp-json\/wp\/v2\/product"}],"about":[{"href":"https:\/\/stoic-curie.212-227-153-4.plesk.page\/fr\/wp-json\/wp\/v2\/types\/product"}],"replies":[{"embeddable":true,"href":"https:\/\/stoic-curie.212-227-153-4.plesk.page\/fr\/wp-json\/wp\/v2\/comments?post=5500059"}],"version-history":[{"count":0,"href":"https:\/\/stoic-curie.212-227-153-4.plesk.page\/fr\/wp-json\/wp\/v2\/product\/5500059\/revisions"}],"wp:featuredmedia":[{"embeddable":true,"href":"https:\/\/stoic-curie.212-227-153-4.plesk.page\/fr\/wp-json\/wp\/v2\/media\/5945656"}],"wp:attachment":[{"href":"https:\/\/stoic-curie.212-227-153-4.plesk.page\/fr\/wp-json\/wp\/v2\/media?parent=5500059"}],"wp:term":[{"taxonomy":"product_brand","embeddable":true,"href":"https:\/\/stoic-curie.212-227-153-4.plesk.page\/fr\/wp-json\/wp\/v2\/product_brand?post=5500059"},{"taxonomy":"product_cat","embeddable":true,"href":"https:\/\/stoic-curie.212-227-153-4.plesk.page\/fr\/wp-json\/wp\/v2\/product_cat?post=5500059"},{"taxonomy":"product_tag","embeddable":true,"href":"https:\/\/stoic-curie.212-227-153-4.plesk.page\/fr\/wp-json\/wp\/v2\/product_tag?post=5500059"}],"curies":[{"name":"wp","href":"https:\/\/api.w.org\/{rel}","templated":true}]}}