{"id":5500064,"date":"2026-01-27T06:03:37","date_gmt":"2026-01-27T05:03:37","guid":{"rendered":"https:\/\/stoic-curie.212-227-153-4.plesk.page\/product\/batterie-marine-vetus-smf-230-ah\/"},"modified":"2026-02-24T23:08:42","modified_gmt":"2026-02-24T23:08:42","slug":"batterie-marine-vetus-smf-230-ah","status":"publish","type":"product","link":"https:\/\/stoic-curie.212-227-153-4.plesk.page\/fr\/product\/batterie-marine-vetus-smf-230-ah\/","title":{"rendered":"Batterie marine Vetus SMF, 230\u00a0Ah"},"content":{"rendered":"<p>Batterie marine Vetus SMF, 230\u00a0Ah &#8211; <\/p>\n<p>Les batteries Vetus SMF (scell\u00e9es et sans entretien) ne n\u00e9cessitent aucun entretien. Con\u00e7ues pour une utilisation marine, elles ont une faible autod\u00e9charge, ce qui les rend id\u00e9ales pour le red\u00e9marrage du moteur au d\u00e9but de la saison suivante. Fabriqu\u00e9es avec des plaques de plomb-calcium, elles r\u00e9duisent l&#8217;utilisation d&#8217;eau et r\u00e9g\u00e9n\u00e8rent tout gaz form\u00e9 pendant leur utilisation.<\/p>\n","protected":false},"excerpt":{"rendered":"<p>Batterie marine Vetus SMF, 230\u00a0Ah &#8211; Les batteries Vetus SMF (scell\u00e9es et sans entretien) ne n\u00e9cessitent aucun entretien. Con\u00e7ues pour<\/p>\n","protected":false},"featured_media":5946030,"comment_status":"open","ping_status":"closed","template":"","meta":[],"product_brand":[3519],"product_cat":[1155],"product_tag":[],"class_list":{"0":"post-5500064","1":"product","2":"type-product","3":"status-publish","4":"has-post-thumbnail","6":"product_brand-vetus-fr","7":"product_cat-batteries-materiel-electrique","9":"first","10":"instock","11":"shipping-taxable","12":"purchasable","13":"product-type-simple"},"_links":{"self":[{"href":"https:\/\/stoic-curie.212-227-153-4.plesk.page\/fr\/wp-json\/wp\/v2\/product\/5500064","targetHints":{"allow":["GET"]}}],"collection":[{"href":"https:\/\/stoic-curie.212-227-153-4.plesk.page\/fr\/wp-json\/wp\/v2\/product"}],"about":[{"href":"https:\/\/stoic-curie.212-227-153-4.plesk.page\/fr\/wp-json\/wp\/v2\/types\/product"}],"replies":[{"embeddable":true,"href":"https:\/\/stoic-curie.212-227-153-4.plesk.page\/fr\/wp-json\/wp\/v2\/comments?post=5500064"}],"version-history":[{"count":0,"href":"https:\/\/stoic-curie.212-227-153-4.plesk.page\/fr\/wp-json\/wp\/v2\/product\/5500064\/revisions"}],"wp:featuredmedia":[{"embeddable":true,"href":"https:\/\/stoic-curie.212-227-153-4.plesk.page\/fr\/wp-json\/wp\/v2\/media\/5946030"}],"wp:attachment":[{"href":"https:\/\/stoic-curie.212-227-153-4.plesk.page\/fr\/wp-json\/wp\/v2\/media?parent=5500064"}],"wp:term":[{"taxonomy":"product_brand","embeddable":true,"href":"https:\/\/stoic-curie.212-227-153-4.plesk.page\/fr\/wp-json\/wp\/v2\/product_brand?post=5500064"},{"taxonomy":"product_cat","embeddable":true,"href":"https:\/\/stoic-curie.212-227-153-4.plesk.page\/fr\/wp-json\/wp\/v2\/product_cat?post=5500064"},{"taxonomy":"product_tag","embeddable":true,"href":"https:\/\/stoic-curie.212-227-153-4.plesk.page\/fr\/wp-json\/wp\/v2\/product_tag?post=5500064"}],"curies":[{"name":"wp","href":"https:\/\/api.w.org\/{rel}","templated":true}]}}