{"id":5500066,"date":"2026-01-27T06:03:43","date_gmt":"2026-01-27T05:03:43","guid":{"rendered":"https:\/\/stoic-curie.212-227-153-4.plesk.page\/product\/chaussures-orca-bay-belgravia-pointure-41\/"},"modified":"2026-02-24T23:08:45","modified_gmt":"2026-02-24T23:08:45","slug":"chaussures-orca-bay-belgravia-pointure-41","status":"publish","type":"product","link":"https:\/\/stoic-curie.212-227-153-4.plesk.page\/fr\/product\/chaussures-orca-bay-belgravia-pointure-41\/","title":{"rendered":"Chaussures Orca Bay Belgravia, pointure\u00a041"},"content":{"rendered":"<p>Chaussures Orca Bay Belgravia, pointure\u00a041 &#8211; <\/p>\n<p>Baskets en cuir Belgravia \u00e9l\u00e9gantes, l\u00e9g\u00e8res et confortables. Semelle en caoutchouc blanc antid\u00e9rapant et non marquant. Lacets en tissu, \u0153illets inoxydables et talon rembourr\u00e9 en EVA.<\/p>\n","protected":false},"excerpt":{"rendered":"<p>Chaussures Orca Bay Belgravia, pointure\u00a041 &#8211; Baskets en cuir Belgravia \u00e9l\u00e9gantes, l\u00e9g\u00e8res et confortables. Semelle en caoutchouc blanc antid\u00e9rapant et<\/p>\n","protected":false},"featured_media":5946935,"comment_status":"open","ping_status":"closed","template":"","meta":[],"product_brand":[3229],"product_cat":[1286],"product_tag":[],"class_list":{"0":"post-5500066","1":"product","2":"type-product","3":"status-publish","4":"has-post-thumbnail","6":"product_brand-orca-bay-fr","7":"product_cat-chaussures-nautiques","9":"first","10":"instock","11":"shipping-taxable","12":"purchasable","13":"product-type-simple"},"_links":{"self":[{"href":"https:\/\/stoic-curie.212-227-153-4.plesk.page\/fr\/wp-json\/wp\/v2\/product\/5500066","targetHints":{"allow":["GET"]}}],"collection":[{"href":"https:\/\/stoic-curie.212-227-153-4.plesk.page\/fr\/wp-json\/wp\/v2\/product"}],"about":[{"href":"https:\/\/stoic-curie.212-227-153-4.plesk.page\/fr\/wp-json\/wp\/v2\/types\/product"}],"replies":[{"embeddable":true,"href":"https:\/\/stoic-curie.212-227-153-4.plesk.page\/fr\/wp-json\/wp\/v2\/comments?post=5500066"}],"version-history":[{"count":0,"href":"https:\/\/stoic-curie.212-227-153-4.plesk.page\/fr\/wp-json\/wp\/v2\/product\/5500066\/revisions"}],"wp:featuredmedia":[{"embeddable":true,"href":"https:\/\/stoic-curie.212-227-153-4.plesk.page\/fr\/wp-json\/wp\/v2\/media\/5946935"}],"wp:attachment":[{"href":"https:\/\/stoic-curie.212-227-153-4.plesk.page\/fr\/wp-json\/wp\/v2\/media?parent=5500066"}],"wp:term":[{"taxonomy":"product_brand","embeddable":true,"href":"https:\/\/stoic-curie.212-227-153-4.plesk.page\/fr\/wp-json\/wp\/v2\/product_brand?post=5500066"},{"taxonomy":"product_cat","embeddable":true,"href":"https:\/\/stoic-curie.212-227-153-4.plesk.page\/fr\/wp-json\/wp\/v2\/product_cat?post=5500066"},{"taxonomy":"product_tag","embeddable":true,"href":"https:\/\/stoic-curie.212-227-153-4.plesk.page\/fr\/wp-json\/wp\/v2\/product_tag?post=5500066"}],"curies":[{"name":"wp","href":"https:\/\/api.w.org\/{rel}","templated":true}]}}