{"id":5500074,"date":"2026-01-27T06:03:54","date_gmt":"2026-01-27T05:03:54","guid":{"rendered":"https:\/\/stoic-curie.212-227-153-4.plesk.page\/product\/plaques-en-acier-inoxydable-uflex-304-x-228mm\/"},"modified":"2026-02-24T23:08:54","modified_gmt":"2026-02-24T23:08:54","slug":"plaques-en-acier-inoxydable-uflex-304-x-228mm","status":"publish","type":"product","link":"https:\/\/stoic-curie.212-227-153-4.plesk.page\/fr\/product\/plaques-en-acier-inoxydable-uflex-304-x-228mm\/","title":{"rendered":"Plaques en acier inoxydable Uflex 304 x 228mm"},"content":{"rendered":"<p>Plaques en acier inoxydable Uflex 304 x 228mm &#8211; <\/p>\n<p>Kit de trim \u00e9lectrom\u00e9canique Uflex 12V sans entretien et facile \u00e0 installer. Il ne n\u00e9cessite pas d&#8217;unit\u00e9 de contr\u00f4le \u00e9lectrique ou hydraulique ni de tuyauterie. Le panneau de contr\u00f4le avec joystick permet d&#8217;aligner les volets pour ajuster l&#8217;attitude de roulis et de tangage. La bo\u00eete de contr\u00f4le comprend \u00e9galement la fonction d&#8217;auto-alignement pour l&#8217;alignement automatique des flaps lorsqu&#8217;ils sont d\u00e9sactiv\u00e9s, et peut \u00e9galement fonctionner comme un interrupteur pour un joystick de deuxi\u00e8me station \u00e9ventuel. Le kit contient deux actionneurs AT et la bo\u00eete de contr\u00f4le avec joystick chrom\u00e9. Les plaques en acier inoxydable doivent \u00eatre achet\u00e9es s\u00e9par\u00e9ment, elles peuvent \u00eatre standards ou avec un profil de haute performance poli miroir.<\/p>\n<p>&#8211; Am\u00e9liore l&#8217;\u00e9conomie de carburant et le confort des passagers<br \/>&#8211; Volets con\u00e7us pour r\u00e9sister aux conditions maritimes les plus exigeantes<br \/>&#8211; Installation avec un seul petit trou par volet \u00e0 travers le tableau arri\u00e8re<\/p>\n","protected":false},"excerpt":{"rendered":"<p>Plaques en acier inoxydable Uflex 304 x 228mm &#8211; Kit de trim \u00e9lectrom\u00e9canique Uflex 12V sans entretien et facile \u00e0<\/p>\n","protected":false},"featured_media":5948740,"comment_status":"open","ping_status":"closed","template":"","meta":[],"product_brand":[3499],"product_cat":[1232],"product_tag":[],"class_list":{"0":"post-5500074","1":"product","2":"type-product","3":"status-publish","4":"has-post-thumbnail","6":"product_brand-ultraflex-uflex-fr","7":"product_cat-volets-compensateurs","9":"first","10":"instock","11":"shipping-taxable","12":"purchasable","13":"product-type-simple"},"_links":{"self":[{"href":"https:\/\/stoic-curie.212-227-153-4.plesk.page\/fr\/wp-json\/wp\/v2\/product\/5500074","targetHints":{"allow":["GET"]}}],"collection":[{"href":"https:\/\/stoic-curie.212-227-153-4.plesk.page\/fr\/wp-json\/wp\/v2\/product"}],"about":[{"href":"https:\/\/stoic-curie.212-227-153-4.plesk.page\/fr\/wp-json\/wp\/v2\/types\/product"}],"replies":[{"embeddable":true,"href":"https:\/\/stoic-curie.212-227-153-4.plesk.page\/fr\/wp-json\/wp\/v2\/comments?post=5500074"}],"version-history":[{"count":0,"href":"https:\/\/stoic-curie.212-227-153-4.plesk.page\/fr\/wp-json\/wp\/v2\/product\/5500074\/revisions"}],"wp:featuredmedia":[{"embeddable":true,"href":"https:\/\/stoic-curie.212-227-153-4.plesk.page\/fr\/wp-json\/wp\/v2\/media\/5948740"}],"wp:attachment":[{"href":"https:\/\/stoic-curie.212-227-153-4.plesk.page\/fr\/wp-json\/wp\/v2\/media?parent=5500074"}],"wp:term":[{"taxonomy":"product_brand","embeddable":true,"href":"https:\/\/stoic-curie.212-227-153-4.plesk.page\/fr\/wp-json\/wp\/v2\/product_brand?post=5500074"},{"taxonomy":"product_cat","embeddable":true,"href":"https:\/\/stoic-curie.212-227-153-4.plesk.page\/fr\/wp-json\/wp\/v2\/product_cat?post=5500074"},{"taxonomy":"product_tag","embeddable":true,"href":"https:\/\/stoic-curie.212-227-153-4.plesk.page\/fr\/wp-json\/wp\/v2\/product_tag?post=5500074"}],"curies":[{"name":"wp","href":"https:\/\/api.w.org\/{rel}","templated":true}]}}