{"id":5500078,"date":"2026-01-27T06:03:59","date_gmt":"2026-01-27T05:03:59","guid":{"rendered":"https:\/\/stoic-curie.212-227-153-4.plesk.page\/product\/garmin-gpsmap-8416xsv\/"},"modified":"2026-02-24T23:08:55","modified_gmt":"2026-02-24T23:08:55","slug":"garmin-gpsmap-8416xsv","status":"publish","type":"product","link":"https:\/\/stoic-curie.212-227-153-4.plesk.page\/fr\/product\/garmin-gpsmap-8416xsv\/","title":{"rendered":"Garmin GPSMAP 8416xsv"},"content":{"rendered":"<p>Garmin GPSMAP 8416xsv &#8211; <\/p>\n<p>La s\u00e9rie Garmin GPSMAP 8416xsv est un traceur de cartes et un sondeur polyvalent, dot\u00e9 d&#8217;un \u00e9cran tactile full HD de 16 pouces (1920 x 1080) ainsi que d&#8217;un r\u00e9cepteur GPS int\u00e9gr\u00e9. Il est \u00e9quip\u00e9 d&#8217;un robuste module CHIRP int\u00e9gr\u00e9 \u00e0 double canal de 1 kW, ainsi que des technologies ClearV\u00fc, SideV\u00fc et UHD, garantissant la compatibilit\u00e9 avec tous les transducteurs traditionnels, tout-en-un et Panoptix. Cet appareil est pr\u00e9install\u00e9 avec la cartographie Garmin BlueChart et Garmin Navionics+, ainsi qu&#8217;une carte de base mondiale. Il prend en charge NMEA 0183\/2000, le R\u00e9seau Marin Garmin, Fusion-Link et ANT, offrant une connectivit\u00e9 sans fil int\u00e9gr\u00e9e pour une int\u00e9gration fluide avec d&#8217;autres dispositifs. De plus, il dispose d&#8217;un port J1939 pour les donn\u00e9es moteur. La s\u00e9rie GPSMAP 8400xsv est enti\u00e8rement charg\u00e9e de toutes les fonctionnalit\u00e9s Garmin, y compris Auto Guidance, ActiveCaptain, SailAssist et Quickdraw Contours. Le package comprend un support ajustable (seulement 10&#8243;\/12&#8243;), un kit d&#8217;installation int\u00e9gr\u00e9, un couvercle d&#8217;\u00e9cran, un c\u00e2ble NMEA 2000, un c\u00e2ble d&#8217;alimentation et un connecteur T. Veuillez noter qu&#8217;un transducteur est n\u00e9cessaire pour un fonctionnement complet. Le traceur Garmin GPSMAP 8416xsv se distingue par son \u00e9cran de 16 pouces, une carte de base mondiale et des capacit\u00e9s de sonar int\u00e9gr\u00e9es. Cette combinaison accessible de traceur de cartes\/sondeur offre la performance d&#8217;un afficheur multifonction dans un format compact.<\/p>\n<p>D\u00e9couvrez des angles de vision plus larges et une clart\u00e9 am\u00e9lior\u00e9e sur l&#8217;\u00e9cran tactile gr\u00e2ce \u00e0 un \u00e9cran IPS full HD. Naviguez en toute confiance avec les cartes int\u00e9gr\u00e9es Garmin Navionics+\u2122 pour les eaux c\u00f4ti\u00e8res et int\u00e9rieures. Construisez facilement votre syst\u00e8me marin en utilisant une connectivit\u00e9 r\u00e9seau de premier ordre. Surveillez ce qui se passe sous et autour de votre bateau gr\u00e2ce aux capacit\u00e9s de sonar int\u00e9gr\u00e9es (transducteurs vendus s\u00e9par\u00e9ment). Avec la technologie ANT\u00ae et le r\u00e9seau Wi-Fi\u00ae, les options de connexion \u00e0 votre syst\u00e8me sont pratiquement illimit\u00e9es. Gr\u00e2ce aux contr\u00f4les de station SmartMode\u2122, tout est con\u00e7u pour vous donner un acc\u00e8s rapide et direct aux informations dont vous avez besoin.<\/p>\n<p>La t\u00e9l\u00e9commande GRID 20 en option est conviviale et vous donne acc\u00e8s \u00e0 l&#8217;ensemble de votre syst\u00e8me marin Garmin pour un contr\u00f4le sans effort.<\/p>\n<p>Profitez du support int\u00e9gr\u00e9 pour un sonar traditionnel \u00e0 double canal de 1 kW CHIRP, offrant une excellente s\u00e9paration des cibles, ainsi que des sonar de balayage ClearV\u00fc et SideV\u00fc qui permettent de voir jusqu&#8217;\u00e0 304 m (1 000 ft) sous et autour de votre bateau \u00e0 260 kHz (transducteur vendu s\u00e9par\u00e9ment). La compatibilit\u00e9 sonar int\u00e9gr\u00e9e est exclusive aux mod\u00e8les XSV.<\/p>\n<p>Associez votre traceur de cartes avec le sonar en temps r\u00e9el intuitif Panoptix ou Panoptix LiveScope\u2122 (transducteur vendu s\u00e9par\u00e9ment) pour visualiser tout ce qui se passe autour de votre bateau en temps r\u00e9el.<\/p>\n<p>Affichez des lignes de laylines, des conseils de ligne de d\u00e9part, une rose des vents optimis\u00e9e, des donn\u00e9es de cap et de trajectoire, des champs de donn\u00e9es sur le vent r\u00e9el, ainsi qu&#8217;un curseur de mar\u00e9e\/courant\/temps, en plus de l&#8217;angle du vent, du cap et de la d\u00e9rive, de la vitesse du vent, et plus encore. Transformez l&#8217;apparence de votre traceur avec les cartographies Garmin Navionics+\u2122 ou Garmin Navionics Vision+\u2122 premium, qui incluent du contenu sur les eaux c\u00f4ti\u00e8res et int\u00e9rieures, un acc\u00e8s aux mises \u00e0 jour quotidiennes, la technologie Auto Guidance+ et d&#8217;autres fonctionnalit\u00e9s. Si vous avez plusieurs appareils Garmin sur votre bateau, vous pouvez partager des informations telles que des cartes, des donn\u00e9es utilisateur, des images radar et de cam\u00e9ra IP.<\/p>\n<p>Connectez-vous \u00e0 votre pilote automatique, votre interrupteur num\u00e9rique, votre syst\u00e8me m\u00e9t\u00e9orologique, votre syst\u00e8me audio FUSION-Link\u2122, VHF, AIS et plus encore, le tout affich\u00e9 sur un seul \u00e9cran. La connectivit\u00e9 Wi-Fi\u00ae int\u00e9gr\u00e9e permet de coupler l&#8217;appareil avec l&#8217;application gratuite tout-en-un pour acc\u00e9der \u00e0 OneChart\u2122, aux notifications intelligentes, aux mises \u00e0 jour logicielles, \u00e0 l&#8217;application Helm, aux donn\u00e9es de la communaut\u00e9 Garmin Quickdraw\u2122, et plus encore. Connectez-vous \u00e0 certains de vos appareils pr\u00e9f\u00e9r\u00e9s, y compris les montres marines quatix\u00ae, les transducteurs gWind\u2122 Wireless 2, les instruments marins GNX\u2122 Wind, et des t\u00e9l\u00e9commandes sans fil.<\/p>\n","protected":false},"excerpt":{"rendered":"<p>Garmin GPSMAP 8416xsv &#8211; La s\u00e9rie Garmin GPSMAP 8416xsv est un traceur de cartes et un sondeur polyvalent, dot\u00e9 d&#8217;un<\/p>\n","protected":false},"featured_media":5949232,"comment_status":"open","ping_status":"closed","template":"","meta":[],"product_brand":[2969],"product_cat":[1170],"product_tag":[],"class_list":{"0":"post-5500078","1":"product","2":"type-product","3":"status-publish","4":"has-post-thumbnail","6":"product_brand-garmin-fr","7":"product_cat-electronique","9":"first","10":"outofstock","11":"shipping-taxable","12":"purchasable","13":"product-type-simple"},"_links":{"self":[{"href":"https:\/\/stoic-curie.212-227-153-4.plesk.page\/fr\/wp-json\/wp\/v2\/product\/5500078","targetHints":{"allow":["GET"]}}],"collection":[{"href":"https:\/\/stoic-curie.212-227-153-4.plesk.page\/fr\/wp-json\/wp\/v2\/product"}],"about":[{"href":"https:\/\/stoic-curie.212-227-153-4.plesk.page\/fr\/wp-json\/wp\/v2\/types\/product"}],"replies":[{"embeddable":true,"href":"https:\/\/stoic-curie.212-227-153-4.plesk.page\/fr\/wp-json\/wp\/v2\/comments?post=5500078"}],"version-history":[{"count":0,"href":"https:\/\/stoic-curie.212-227-153-4.plesk.page\/fr\/wp-json\/wp\/v2\/product\/5500078\/revisions"}],"wp:featuredmedia":[{"embeddable":true,"href":"https:\/\/stoic-curie.212-227-153-4.plesk.page\/fr\/wp-json\/wp\/v2\/media\/5949232"}],"wp:attachment":[{"href":"https:\/\/stoic-curie.212-227-153-4.plesk.page\/fr\/wp-json\/wp\/v2\/media?parent=5500078"}],"wp:term":[{"taxonomy":"product_brand","embeddable":true,"href":"https:\/\/stoic-curie.212-227-153-4.plesk.page\/fr\/wp-json\/wp\/v2\/product_brand?post=5500078"},{"taxonomy":"product_cat","embeddable":true,"href":"https:\/\/stoic-curie.212-227-153-4.plesk.page\/fr\/wp-json\/wp\/v2\/product_cat?post=5500078"},{"taxonomy":"product_tag","embeddable":true,"href":"https:\/\/stoic-curie.212-227-153-4.plesk.page\/fr\/wp-json\/wp\/v2\/product_tag?post=5500078"}],"curies":[{"name":"wp","href":"https:\/\/api.w.org\/{rel}","templated":true}]}}