{"id":5500083,"date":"2026-01-27T06:04:03","date_gmt":"2026-01-27T05:04:03","guid":{"rendered":"https:\/\/stoic-curie.212-227-153-4.plesk.page\/product\/diesel-filter-separ-2000-5\/"},"modified":"2026-02-24T23:08:55","modified_gmt":"2026-02-24T23:08:55","slug":"diesel-filter-separ-2000-5","status":"publish","type":"product","link":"https:\/\/stoic-curie.212-227-153-4.plesk.page\/fr\/product\/diesel-filter-separ-2000-5\/","title":{"rendered":"Diesel Filter Separ 2000\/5"},"content":{"rendered":"<p>Diesel Filter Separ 2000\/5 &#8211; <\/p>\n<p>Le filtre s\u00e9parateur d&#8217;eau diesel Separ 2000 est \u00e9quip\u00e9 d&#8217;un syst\u00e8me multicentrifuge con\u00e7u pour un nettoyage optimal de carburant diesel, \u00e9liminant efficacement l&#8217;eau et d&#8217;autres impuret\u00e9s. La s\u00e9rie de filtres marins Separ est dot\u00e9e d&#8217;un d\u00e9flecteur de protection contre l&#8217;incendie, de caract\u00e9ristiques de protection et d&#8217;un capteur d&#8217;eau. Tous les bols sont compl\u00e8tement transparents, \u00e0 l&#8217;exception du filtre 2000\/40, qui est livr\u00e9 avec un bol en m\u00e9tal, \u00e9liminant ainsi le besoin d&#8217;un d\u00e9flecteur.<\/p>\n","protected":false},"excerpt":{"rendered":"<p>Diesel Filter Separ 2000\/5 &#8211; Le filtre s\u00e9parateur d&#8217;eau diesel Separ 2000 est \u00e9quip\u00e9 d&#8217;un syst\u00e8me multicentrifuge con\u00e7u pour un<\/p>\n","protected":false},"featured_media":5949235,"comment_status":"open","ping_status":"closed","template":"","meta":[],"product_brand":[3369],"product_cat":[1223],"product_tag":[],"class_list":{"0":"post-5500083","1":"product","2":"type-product","3":"status-publish","4":"has-post-thumbnail","6":"product_brand-separ-fr","7":"product_cat-filtres-separateur-deau-de-carburant","9":"first","10":"instock","11":"shipping-taxable","12":"purchasable","13":"product-type-simple"},"_links":{"self":[{"href":"https:\/\/stoic-curie.212-227-153-4.plesk.page\/fr\/wp-json\/wp\/v2\/product\/5500083","targetHints":{"allow":["GET"]}}],"collection":[{"href":"https:\/\/stoic-curie.212-227-153-4.plesk.page\/fr\/wp-json\/wp\/v2\/product"}],"about":[{"href":"https:\/\/stoic-curie.212-227-153-4.plesk.page\/fr\/wp-json\/wp\/v2\/types\/product"}],"replies":[{"embeddable":true,"href":"https:\/\/stoic-curie.212-227-153-4.plesk.page\/fr\/wp-json\/wp\/v2\/comments?post=5500083"}],"version-history":[{"count":0,"href":"https:\/\/stoic-curie.212-227-153-4.plesk.page\/fr\/wp-json\/wp\/v2\/product\/5500083\/revisions"}],"wp:featuredmedia":[{"embeddable":true,"href":"https:\/\/stoic-curie.212-227-153-4.plesk.page\/fr\/wp-json\/wp\/v2\/media\/5949235"}],"wp:attachment":[{"href":"https:\/\/stoic-curie.212-227-153-4.plesk.page\/fr\/wp-json\/wp\/v2\/media?parent=5500083"}],"wp:term":[{"taxonomy":"product_brand","embeddable":true,"href":"https:\/\/stoic-curie.212-227-153-4.plesk.page\/fr\/wp-json\/wp\/v2\/product_brand?post=5500083"},{"taxonomy":"product_cat","embeddable":true,"href":"https:\/\/stoic-curie.212-227-153-4.plesk.page\/fr\/wp-json\/wp\/v2\/product_cat?post=5500083"},{"taxonomy":"product_tag","embeddable":true,"href":"https:\/\/stoic-curie.212-227-153-4.plesk.page\/fr\/wp-json\/wp\/v2\/product_tag?post=5500083"}],"curies":[{"name":"wp","href":"https:\/\/api.w.org\/{rel}","templated":true}]}}