{"id":5500084,"date":"2026-01-27T06:04:04","date_gmt":"2026-01-27T05:04:04","guid":{"rendered":"https:\/\/stoic-curie.212-227-153-4.plesk.page\/product\/toilette-electrique-silencieuse-ultra-slim-ocean-v12\/"},"modified":"2026-02-24T23:08:55","modified_gmt":"2026-02-24T23:08:55","slug":"toilette-electrique-silencieuse-ultra-slim-ocean-v12","status":"publish","type":"product","link":"https:\/\/stoic-curie.212-227-153-4.plesk.page\/fr\/product\/toilette-electrique-silencieuse-ultra-slim-ocean-v12\/","title":{"rendered":"Toilette \u00e9lectrique silencieuse Ultra Slim Ocean V12"},"content":{"rendered":"<p>Toilette \u00e9lectrique silencieuse Ultra Slim Ocean V12 &#8211; <\/p>\n<p>Toilette \u00e9lectrique silencieuse Ultra Slim \u00e0 \u00e9vacuation hydrovacuum<br \/>\u2022 \u00c9vacuation ultra-silencieuse par hydrovacuum<br \/>\u2022 Base courte avec dos inclin\u00e9e pour installation dans des espaces r\u00e9duits contre la coque<br \/>\u2022 Si\u00e8ge confortable comparable \u00e0 un WC domestique<br \/>\u2022 Contr\u00f4le automatique de la charge\/d\u00e9charge d&#8217;eau avec un minimum de consommation<br \/>\u2022 Fourni avec un panneau de contr\u00f4le standard<br \/>\u2022 Si\u00e8ge en thermodur avec m\u00e9canisme de fermeture douce<br \/>\u2022 \u00c9vacuation via broyeur jusqu&#8217;\u00e0 5 m\u00e8tres de diff\u00e9rence de hauteur<br \/>\u2022 Peut \u00eatre install\u00e9 au-dessus ou au-dessous de la ligne de flottaison<br \/>\u00c0 compl\u00e9ter par une pompe d&#8217;arriv\u00e9e d&#8217;eau.<br \/>Pour plusieurs toilettes install\u00e9es en s\u00e9rie, utilisez une pompe d&#8217;arriv\u00e9e d&#8217;eau pour toutes et une vanne sol\u00e9no\u00efde par toilette.<br \/>Entr\u00e9e 19 mm (3\/4&#8243;), sortie 25\/38 mm (1&#8243;\u20131 1\/2&#8243;), consommation 25A (12V).<\/p>\n","protected":false},"excerpt":{"rendered":"<p>Toilette \u00e9lectrique silencieuse Ultra Slim Ocean V12 &#8211; Toilette \u00e9lectrique silencieuse Ultra Slim \u00e0 \u00e9vacuation hydrovacuum\u2022 \u00c9vacuation ultra-silencieuse par hydrovacuum\u2022<\/p>\n","protected":false},"featured_media":5949236,"comment_status":"open","ping_status":"closed","template":"","meta":[],"product_brand":[3139],"product_cat":[1101],"product_tag":[],"class_list":{"0":"post-5500084","1":"product","2":"type-product","3":"status-publish","4":"has-post-thumbnail","6":"product_brand-matromarine-fr","7":"product_cat-toilettes-marines","9":"first","10":"instock","11":"shipping-taxable","12":"purchasable","13":"product-type-simple"},"_links":{"self":[{"href":"https:\/\/stoic-curie.212-227-153-4.plesk.page\/fr\/wp-json\/wp\/v2\/product\/5500084","targetHints":{"allow":["GET"]}}],"collection":[{"href":"https:\/\/stoic-curie.212-227-153-4.plesk.page\/fr\/wp-json\/wp\/v2\/product"}],"about":[{"href":"https:\/\/stoic-curie.212-227-153-4.plesk.page\/fr\/wp-json\/wp\/v2\/types\/product"}],"replies":[{"embeddable":true,"href":"https:\/\/stoic-curie.212-227-153-4.plesk.page\/fr\/wp-json\/wp\/v2\/comments?post=5500084"}],"version-history":[{"count":0,"href":"https:\/\/stoic-curie.212-227-153-4.plesk.page\/fr\/wp-json\/wp\/v2\/product\/5500084\/revisions"}],"wp:featuredmedia":[{"embeddable":true,"href":"https:\/\/stoic-curie.212-227-153-4.plesk.page\/fr\/wp-json\/wp\/v2\/media\/5949236"}],"wp:attachment":[{"href":"https:\/\/stoic-curie.212-227-153-4.plesk.page\/fr\/wp-json\/wp\/v2\/media?parent=5500084"}],"wp:term":[{"taxonomy":"product_brand","embeddable":true,"href":"https:\/\/stoic-curie.212-227-153-4.plesk.page\/fr\/wp-json\/wp\/v2\/product_brand?post=5500084"},{"taxonomy":"product_cat","embeddable":true,"href":"https:\/\/stoic-curie.212-227-153-4.plesk.page\/fr\/wp-json\/wp\/v2\/product_cat?post=5500084"},{"taxonomy":"product_tag","embeddable":true,"href":"https:\/\/stoic-curie.212-227-153-4.plesk.page\/fr\/wp-json\/wp\/v2\/product_tag?post=5500084"}],"curies":[{"name":"wp","href":"https:\/\/api.w.org\/{rel}","templated":true}]}}