{"id":5500103,"date":"2026-01-27T06:04:20","date_gmt":"2026-01-27T05:04:20","guid":{"rendered":"https:\/\/stoic-curie.212-227-153-4.plesk.page\/product\/chaine-calibree-en-acier-galvanise-din766-g70-10mm-x-75mt\/"},"modified":"2026-02-24T23:08:55","modified_gmt":"2026-02-24T23:08:55","slug":"chaine-calibree-en-acier-galvanise-din766-g70-10mm-x-75mt","status":"publish","type":"product","link":"https:\/\/stoic-curie.212-227-153-4.plesk.page\/fr\/product\/chaine-calibree-en-acier-galvanise-din766-g70-10mm-x-75mt\/","title":{"rendered":"Cha\u00eene Calibr\u00e9e en Acier Galvanis\u00e9 DIN766 G70 10mm x 75mt"},"content":{"rendered":"<p>Cha\u00eene Calibr\u00e9e en Acier Galvanis\u00e9 DIN766 G70 10mm x 75mt &#8211; Cette cha\u00eene calibr\u00e9e en acier galvanis\u00e9 de haute qualit\u00e9 respecte les normes DIN766, offrant force et durabilit\u00e9 pour diverses applications.<\/p>\n","protected":false},"excerpt":{"rendered":"<p>Cha\u00eene Calibr\u00e9e en Acier Galvanis\u00e9 DIN766 G70 10mm x 75mt &#8211; Cette cha\u00eene calibr\u00e9e en acier galvanis\u00e9 de haute qualit\u00e9<\/p>\n","protected":false},"featured_media":5949244,"comment_status":"open","ping_status":"closed","template":"","meta":[],"product_brand":[3084],"product_cat":[1045,1111],"product_tag":[],"class_list":{"0":"post-5500103","1":"product","2":"type-product","3":"status-publish","4":"has-post-thumbnail","6":"product_brand-maggigroup-fr","7":"product_cat-chaine-calibree-en-acier-galvanise","8":"product_cat-chaine-galvanisee","10":"first","11":"instock","12":"shipping-taxable","13":"purchasable","14":"product-type-simple"},"_links":{"self":[{"href":"https:\/\/stoic-curie.212-227-153-4.plesk.page\/fr\/wp-json\/wp\/v2\/product\/5500103","targetHints":{"allow":["GET"]}}],"collection":[{"href":"https:\/\/stoic-curie.212-227-153-4.plesk.page\/fr\/wp-json\/wp\/v2\/product"}],"about":[{"href":"https:\/\/stoic-curie.212-227-153-4.plesk.page\/fr\/wp-json\/wp\/v2\/types\/product"}],"replies":[{"embeddable":true,"href":"https:\/\/stoic-curie.212-227-153-4.plesk.page\/fr\/wp-json\/wp\/v2\/comments?post=5500103"}],"version-history":[{"count":0,"href":"https:\/\/stoic-curie.212-227-153-4.plesk.page\/fr\/wp-json\/wp\/v2\/product\/5500103\/revisions"}],"wp:featuredmedia":[{"embeddable":true,"href":"https:\/\/stoic-curie.212-227-153-4.plesk.page\/fr\/wp-json\/wp\/v2\/media\/5949244"}],"wp:attachment":[{"href":"https:\/\/stoic-curie.212-227-153-4.plesk.page\/fr\/wp-json\/wp\/v2\/media?parent=5500103"}],"wp:term":[{"taxonomy":"product_brand","embeddable":true,"href":"https:\/\/stoic-curie.212-227-153-4.plesk.page\/fr\/wp-json\/wp\/v2\/product_brand?post=5500103"},{"taxonomy":"product_cat","embeddable":true,"href":"https:\/\/stoic-curie.212-227-153-4.plesk.page\/fr\/wp-json\/wp\/v2\/product_cat?post=5500103"},{"taxonomy":"product_tag","embeddable":true,"href":"https:\/\/stoic-curie.212-227-153-4.plesk.page\/fr\/wp-json\/wp\/v2\/product_tag?post=5500103"}],"curies":[{"name":"wp","href":"https:\/\/api.w.org\/{rel}","templated":true}]}}