{"id":5500123,"date":"2026-01-27T06:04:39","date_gmt":"2026-01-27T05:04:39","guid":{"rendered":"https:\/\/stoic-curie.212-227-153-4.plesk.page\/product\/cordage-tresse-lapo-pour-ancrage-10-mm-x-200-m\/"},"modified":"2026-02-24T23:08:55","modified_gmt":"2026-02-24T23:08:55","slug":"cordage-tresse-lapo-pour-ancrage-10-mm-x-200-m","status":"publish","type":"product","link":"https:\/\/stoic-curie.212-227-153-4.plesk.page\/fr\/product\/cordage-tresse-lapo-pour-ancrage-10-mm-x-200-m\/","title":{"rendered":"Cordage Tress\u00e9 Lapo pour Ancrage 10 mm x 200 m"},"content":{"rendered":"<p>Cordage Tress\u00e9 Lapo pour Ancrage 10 mm x 200 m &#8211; <\/p>\n<p>C\u00e2ble d&#8217;amarrage et d&#8217;ancrage \u00e9conomique en polyester \u00e0 16 brins, cod\u00e9 par couleur. Ne flotte pas.<\/p>\n","protected":false},"excerpt":{"rendered":"<p>Cordage Tress\u00e9 Lapo pour Ancrage 10 mm x 200 m &#8211; C\u00e2ble d&#8217;amarrage et d&#8217;ancrage \u00e9conomique en polyester \u00e0 16<\/p>\n","protected":false},"featured_media":5937580,"comment_status":"open","ping_status":"closed","template":"","meta":[],"product_brand":[3099],"product_cat":[1288],"product_tag":[],"class_list":{"0":"post-5500123","1":"product","2":"type-product","3":"status-publish","4":"has-post-thumbnail","6":"product_brand-marco-benvenuti-fr","7":"product_cat-lignes-de-mouillage","9":"first","10":"instock","11":"shipping-taxable","12":"purchasable","13":"product-type-simple"},"_links":{"self":[{"href":"https:\/\/stoic-curie.212-227-153-4.plesk.page\/fr\/wp-json\/wp\/v2\/product\/5500123","targetHints":{"allow":["GET"]}}],"collection":[{"href":"https:\/\/stoic-curie.212-227-153-4.plesk.page\/fr\/wp-json\/wp\/v2\/product"}],"about":[{"href":"https:\/\/stoic-curie.212-227-153-4.plesk.page\/fr\/wp-json\/wp\/v2\/types\/product"}],"replies":[{"embeddable":true,"href":"https:\/\/stoic-curie.212-227-153-4.plesk.page\/fr\/wp-json\/wp\/v2\/comments?post=5500123"}],"version-history":[{"count":0,"href":"https:\/\/stoic-curie.212-227-153-4.plesk.page\/fr\/wp-json\/wp\/v2\/product\/5500123\/revisions"}],"wp:featuredmedia":[{"embeddable":true,"href":"https:\/\/stoic-curie.212-227-153-4.plesk.page\/fr\/wp-json\/wp\/v2\/media\/5937580"}],"wp:attachment":[{"href":"https:\/\/stoic-curie.212-227-153-4.plesk.page\/fr\/wp-json\/wp\/v2\/media?parent=5500123"}],"wp:term":[{"taxonomy":"product_brand","embeddable":true,"href":"https:\/\/stoic-curie.212-227-153-4.plesk.page\/fr\/wp-json\/wp\/v2\/product_brand?post=5500123"},{"taxonomy":"product_cat","embeddable":true,"href":"https:\/\/stoic-curie.212-227-153-4.plesk.page\/fr\/wp-json\/wp\/v2\/product_cat?post=5500123"},{"taxonomy":"product_tag","embeddable":true,"href":"https:\/\/stoic-curie.212-227-153-4.plesk.page\/fr\/wp-json\/wp\/v2\/product_tag?post=5500123"}],"curies":[{"name":"wp","href":"https:\/\/api.w.org\/{rel}","templated":true}]}}