{"id":5500124,"date":"2026-01-27T06:04:40","date_gmt":"2026-01-27T05:04:40","guid":{"rendered":"https:\/\/stoic-curie.212-227-153-4.plesk.page\/product\/corde-tressee-lapo-pour-lancrage-12mm-x-200mt\/"},"modified":"2026-02-24T23:08:55","modified_gmt":"2026-02-24T23:08:55","slug":"corde-tressee-lapo-pour-lancrage-12mm-x-200mt","status":"publish","type":"product","link":"https:\/\/stoic-curie.212-227-153-4.plesk.page\/fr\/product\/corde-tressee-lapo-pour-lancrage-12mm-x-200mt\/","title":{"rendered":"Corde tress\u00e9e Lapo pour l`ancrage 12mm x 200mt"},"content":{"rendered":"<p>Corde tress\u00e9e Lapo pour l`ancrage 12mm x 200mt &#8211; <\/p>\n<p>Corde \u00e9conomique en polyester, tress\u00e9e \u00e0 16 brins et cod\u00e9e par couleur pour les usages multiples tels que les amarres et les ancres. Non flottante.<\/p>\n","protected":false},"excerpt":{"rendered":"<p>Corde tress\u00e9e Lapo pour l`ancrage 12mm x 200mt &#8211; Corde \u00e9conomique en polyester, tress\u00e9e \u00e0 16 brins et cod\u00e9e par<\/p>\n","protected":false},"featured_media":5937580,"comment_status":"open","ping_status":"closed","template":"","meta":[],"product_brand":[3099],"product_cat":[1288],"product_tag":[],"class_list":{"0":"post-5500124","1":"product","2":"type-product","3":"status-publish","4":"has-post-thumbnail","6":"product_brand-marco-benvenuti-fr","7":"product_cat-lignes-de-mouillage","9":"first","10":"instock","11":"shipping-taxable","12":"purchasable","13":"product-type-simple"},"_links":{"self":[{"href":"https:\/\/stoic-curie.212-227-153-4.plesk.page\/fr\/wp-json\/wp\/v2\/product\/5500124","targetHints":{"allow":["GET"]}}],"collection":[{"href":"https:\/\/stoic-curie.212-227-153-4.plesk.page\/fr\/wp-json\/wp\/v2\/product"}],"about":[{"href":"https:\/\/stoic-curie.212-227-153-4.plesk.page\/fr\/wp-json\/wp\/v2\/types\/product"}],"replies":[{"embeddable":true,"href":"https:\/\/stoic-curie.212-227-153-4.plesk.page\/fr\/wp-json\/wp\/v2\/comments?post=5500124"}],"version-history":[{"count":0,"href":"https:\/\/stoic-curie.212-227-153-4.plesk.page\/fr\/wp-json\/wp\/v2\/product\/5500124\/revisions"}],"wp:featuredmedia":[{"embeddable":true,"href":"https:\/\/stoic-curie.212-227-153-4.plesk.page\/fr\/wp-json\/wp\/v2\/media\/5937580"}],"wp:attachment":[{"href":"https:\/\/stoic-curie.212-227-153-4.plesk.page\/fr\/wp-json\/wp\/v2\/media?parent=5500124"}],"wp:term":[{"taxonomy":"product_brand","embeddable":true,"href":"https:\/\/stoic-curie.212-227-153-4.plesk.page\/fr\/wp-json\/wp\/v2\/product_brand?post=5500124"},{"taxonomy":"product_cat","embeddable":true,"href":"https:\/\/stoic-curie.212-227-153-4.plesk.page\/fr\/wp-json\/wp\/v2\/product_cat?post=5500124"},{"taxonomy":"product_tag","embeddable":true,"href":"https:\/\/stoic-curie.212-227-153-4.plesk.page\/fr\/wp-json\/wp\/v2\/product_tag?post=5500124"}],"curies":[{"name":"wp","href":"https:\/\/api.w.org\/{rel}","templated":true}]}}