{"id":5500126,"date":"2026-01-27T06:04:42","date_gmt":"2026-01-27T05:04:42","guid":{"rendered":"https:\/\/stoic-curie.212-227-153-4.plesk.page\/product\/vitrifrigo-im-vf28-bright-plus\/"},"modified":"2026-02-24T23:08:57","modified_gmt":"2026-02-24T23:08:57","slug":"vitrifrigo-im-vf28-bright-plus","status":"publish","type":"product","link":"https:\/\/stoic-curie.212-227-153-4.plesk.page\/fr\/product\/vitrifrigo-im-vf28-bright-plus\/","title":{"rendered":"Vitrifrigo IM VF28 Bright Plus"},"content":{"rendered":"<p>Vitrifrigo IM VF28 Bright Plus &#8211; <\/p>\n<p>La machine \u00e0 glace professionnelle en acier inoxydable est con\u00e7ue pour garantir durabilit\u00e9 et r\u00e9sistance, m\u00eame dans les environnements marins. Elle produit de la glace cristalline, compacte et de haute qualit\u00e9. \u00c9quip\u00e9e d&#8217;une unit\u00e9 de r\u00e9frig\u00e9ration interne, d&#8217;un syst\u00e8me de condensation \u00e0 air ou \u00e0 eau, et d&#8217;un cycle de d\u00e9sinfection automatique, elle garantit des performances constantes et une hygi\u00e8ne optimale. Avec une alimentation \u00e9lectrique de 220\u2013240V, elle est facile \u00e0 utiliser et personnalisable gr\u00e2ce \u00e0 des commandes tactiles, un r\u00e9glage du poids des gla\u00e7ons et une production programmable. Le mod\u00e8le VF28 BRIGHT propose une analyse pr\u00e9dictive des pannes, une surveillance des performances, un rapport HACCP et une connexion USB pour les mises \u00e0 jour logicielles et le t\u00e9l\u00e9chargement de donn\u00e9es. La version BRIGHT PLUS ajoute la connectivit\u00e9 Cloud IoT et un diagnostic avanc\u00e9 pour un contr\u00f4le intelligent et une gestion du syst\u00e8me encore plus efficace.<\/p>\n","protected":false},"excerpt":{"rendered":"<p>Vitrifrigo IM VF28 Bright Plus &#8211; La machine \u00e0 glace professionnelle en acier inoxydable est con\u00e7ue pour garantir durabilit\u00e9 et<\/p>\n","protected":false},"featured_media":5949277,"comment_status":"open","ping_status":"closed","template":"","meta":[],"product_brand":[3524],"product_cat":[1177],"product_tag":[],"class_list":{"0":"post-5500126","1":"product","2":"type-product","3":"status-publish","4":"has-post-thumbnail","6":"product_brand-vitrifrigo-fr","7":"product_cat-refrigerateurs-et-congelateurs","9":"first","10":"instock","11":"shipping-taxable","12":"purchasable","13":"product-type-simple"},"_links":{"self":[{"href":"https:\/\/stoic-curie.212-227-153-4.plesk.page\/fr\/wp-json\/wp\/v2\/product\/5500126","targetHints":{"allow":["GET"]}}],"collection":[{"href":"https:\/\/stoic-curie.212-227-153-4.plesk.page\/fr\/wp-json\/wp\/v2\/product"}],"about":[{"href":"https:\/\/stoic-curie.212-227-153-4.plesk.page\/fr\/wp-json\/wp\/v2\/types\/product"}],"replies":[{"embeddable":true,"href":"https:\/\/stoic-curie.212-227-153-4.plesk.page\/fr\/wp-json\/wp\/v2\/comments?post=5500126"}],"version-history":[{"count":0,"href":"https:\/\/stoic-curie.212-227-153-4.plesk.page\/fr\/wp-json\/wp\/v2\/product\/5500126\/revisions"}],"wp:featuredmedia":[{"embeddable":true,"href":"https:\/\/stoic-curie.212-227-153-4.plesk.page\/fr\/wp-json\/wp\/v2\/media\/5949277"}],"wp:attachment":[{"href":"https:\/\/stoic-curie.212-227-153-4.plesk.page\/fr\/wp-json\/wp\/v2\/media?parent=5500126"}],"wp:term":[{"taxonomy":"product_brand","embeddable":true,"href":"https:\/\/stoic-curie.212-227-153-4.plesk.page\/fr\/wp-json\/wp\/v2\/product_brand?post=5500126"},{"taxonomy":"product_cat","embeddable":true,"href":"https:\/\/stoic-curie.212-227-153-4.plesk.page\/fr\/wp-json\/wp\/v2\/product_cat?post=5500126"},{"taxonomy":"product_tag","embeddable":true,"href":"https:\/\/stoic-curie.212-227-153-4.plesk.page\/fr\/wp-json\/wp\/v2\/product_tag?post=5500126"}],"curies":[{"name":"wp","href":"https:\/\/api.w.org\/{rel}","templated":true}]}}