{"id":5500128,"date":"2026-01-27T06:04:44","date_gmt":"2026-01-27T05:04:44","guid":{"rendered":"https:\/\/stoic-curie.212-227-153-4.plesk.page\/product\/garmin-echomap-uhd2-72sv\/"},"modified":"2026-02-24T23:09:05","modified_gmt":"2026-02-24T23:09:05","slug":"garmin-echomap-uhd2-72sv","status":"publish","type":"product","link":"https:\/\/stoic-curie.212-227-153-4.plesk.page\/fr\/product\/garmin-echomap-uhd2-72sv\/","title":{"rendered":"Garmin echoMAP UHD2 72SV"},"content":{"rendered":"<p>Garmin echoMAP UHD2 72SV &#8211; <\/p>\n<p>Le Garmin echoMAP UHD2 72SV est un chartplotter et un sondeur avanc\u00e9, \u00e9quip\u00e9 d&#8217;un \u00e9cran tactile de 7&#8243; avec une r\u00e9solution de 800&#215;480 pixels. Il dispose de touches de raccourci et d&#8217;un r\u00e9cepteur GPS interne. Ce mod\u00e8le offre 500W de CHIRP int\u00e9gr\u00e9, ClearVu, SideVU et des modules UHD, garantissant des images de haute qualit\u00e9. Il est compatible avec tous les graphiques Garmin BlueChart et Garmin Navionics+ et propose une connectivit\u00e9 sans fil int\u00e9gr\u00e9e, ainsi que la compatibilit\u00e9 avec NMEA0183\/2000 et Fusion-Link. L&#8217;appareil s&#8217;int\u00e8gre parfaitement \u00e0 tous les syst\u00e8mes \u00e0 bord et comprend des fonctionnalit\u00e9s essentielles de Garmin, telles que Auto Guidance, Active Captain, Sail Assist et Quickdraw Contours. Le colis comprend un support r\u00e9glable, une protection d&#8217;\u00e9cran et un c\u00e2ble d&#8217;alimentation\/donn\u00e9es. Il est compatible avec tous les transducteurs traditionnels, All-in-One et UHD, avec un connecteur de 12 broches. Les mod\u00e8les sans transducteur sont fournis avec un c\u00e2ble adaptateur de transducteur de 8 broches vers 12 broches.<\/p>\n","protected":false},"excerpt":{"rendered":"<p>Garmin echoMAP UHD2 72SV &#8211; Le Garmin echoMAP UHD2 72SV est un chartplotter et un sondeur avanc\u00e9, \u00e9quip\u00e9 d&#8217;un \u00e9cran<\/p>\n","protected":false},"featured_media":5949329,"comment_status":"open","ping_status":"closed","template":"","meta":[],"product_brand":[2969],"product_cat":[1170],"product_tag":[],"class_list":{"0":"post-5500128","1":"product","2":"type-product","3":"status-publish","4":"has-post-thumbnail","6":"product_brand-garmin-fr","7":"product_cat-electronique","9":"first","10":"instock","11":"shipping-taxable","12":"purchasable","13":"product-type-simple"},"_links":{"self":[{"href":"https:\/\/stoic-curie.212-227-153-4.plesk.page\/fr\/wp-json\/wp\/v2\/product\/5500128","targetHints":{"allow":["GET"]}}],"collection":[{"href":"https:\/\/stoic-curie.212-227-153-4.plesk.page\/fr\/wp-json\/wp\/v2\/product"}],"about":[{"href":"https:\/\/stoic-curie.212-227-153-4.plesk.page\/fr\/wp-json\/wp\/v2\/types\/product"}],"replies":[{"embeddable":true,"href":"https:\/\/stoic-curie.212-227-153-4.plesk.page\/fr\/wp-json\/wp\/v2\/comments?post=5500128"}],"version-history":[{"count":0,"href":"https:\/\/stoic-curie.212-227-153-4.plesk.page\/fr\/wp-json\/wp\/v2\/product\/5500128\/revisions"}],"wp:featuredmedia":[{"embeddable":true,"href":"https:\/\/stoic-curie.212-227-153-4.plesk.page\/fr\/wp-json\/wp\/v2\/media\/5949329"}],"wp:attachment":[{"href":"https:\/\/stoic-curie.212-227-153-4.plesk.page\/fr\/wp-json\/wp\/v2\/media?parent=5500128"}],"wp:term":[{"taxonomy":"product_brand","embeddable":true,"href":"https:\/\/stoic-curie.212-227-153-4.plesk.page\/fr\/wp-json\/wp\/v2\/product_brand?post=5500128"},{"taxonomy":"product_cat","embeddable":true,"href":"https:\/\/stoic-curie.212-227-153-4.plesk.page\/fr\/wp-json\/wp\/v2\/product_cat?post=5500128"},{"taxonomy":"product_tag","embeddable":true,"href":"https:\/\/stoic-curie.212-227-153-4.plesk.page\/fr\/wp-json\/wp\/v2\/product_tag?post=5500128"}],"curies":[{"name":"wp","href":"https:\/\/api.w.org\/{rel}","templated":true}]}}