{"id":5500129,"date":"2026-01-27T06:04:44","date_gmt":"2026-01-27T05:04:44","guid":{"rendered":"https:\/\/stoic-curie.212-227-153-4.plesk.page\/product\/garmin-echomap-uhd2-72sv-2\/"},"modified":"2026-02-24T23:09:05","modified_gmt":"2026-02-24T23:09:05","slug":"garmin-echomap-uhd2-72sv-2","status":"publish","type":"product","link":"https:\/\/stoic-curie.212-227-153-4.plesk.page\/fr\/product\/garmin-echomap-uhd2-72sv-2\/","title":{"rendered":"Garmin echomap uhd2 72sv"},"content":{"rendered":"<p>Garmin echomap uhd2 72sv &#8211; <\/p>\n<p>Le Garmin echoMAP UHD2 72SV est un traceur de cartes et un sondeur de poissons dot\u00e9 d&#8217;un \u00e9cran tactile de 7&#8243; avec une r\u00e9solution de 800&#215;480 pixels. Il comprend des touches d&#8217;acc\u00e8s rapides et un r\u00e9cepteur GPS interne. L&#8217;appareil offre un CHIRP int\u00e9gr\u00e9 de 500W, ClearVu, SideVu et un module UHD. Il est compatible avec toute la cartographie Garmin BlueChart et Garmin Navionics+, ainsi qu&#8217;avec une connectivit\u00e9 sans fil int\u00e9gr\u00e9e et la compatibilit\u00e9 avec NMEA0183\/2000 et Fusion-Link. Ce mod\u00e8le s&#8217;int\u00e8gre parfaitement \u00e0 tous les syst\u00e8mes \u00e0 bord et comprend toutes les fonctionnalit\u00e9s essentielles de Garmin telles que Auto Guidance, Active Captain, Sail Assist et Quickdraw Contours. Il est fourni avec un support r\u00e9glable, une housse d&#8217;\u00e9cran et un c\u00e2ble d&#8217;alimentation\/donn\u00e9es. Compatible avec tous les transducteurs traditionnels, All-in-One et UHD via une connexion \u00e0 12 broches, il est \u00e9galement livr\u00e9 avec un c\u00e2ble adaptateur pour convertir un transducteur \u00e0 8 broches en un connecteur de 12 broches. TD = Transducteur<\/p>\n","protected":false},"excerpt":{"rendered":"<p>Garmin echomap uhd2 72sv &#8211; Le Garmin echoMAP UHD2 72SV est un traceur de cartes et un sondeur de poissons<\/p>\n","protected":false},"featured_media":5949329,"comment_status":"open","ping_status":"closed","template":"","meta":[],"product_brand":[2969],"product_cat":[1170],"product_tag":[],"class_list":{"0":"post-5500129","1":"product","2":"type-product","3":"status-publish","4":"has-post-thumbnail","6":"product_brand-garmin-fr","7":"product_cat-electronique","9":"first","10":"instock","11":"shipping-taxable","12":"purchasable","13":"product-type-simple"},"_links":{"self":[{"href":"https:\/\/stoic-curie.212-227-153-4.plesk.page\/fr\/wp-json\/wp\/v2\/product\/5500129","targetHints":{"allow":["GET"]}}],"collection":[{"href":"https:\/\/stoic-curie.212-227-153-4.plesk.page\/fr\/wp-json\/wp\/v2\/product"}],"about":[{"href":"https:\/\/stoic-curie.212-227-153-4.plesk.page\/fr\/wp-json\/wp\/v2\/types\/product"}],"replies":[{"embeddable":true,"href":"https:\/\/stoic-curie.212-227-153-4.plesk.page\/fr\/wp-json\/wp\/v2\/comments?post=5500129"}],"version-history":[{"count":0,"href":"https:\/\/stoic-curie.212-227-153-4.plesk.page\/fr\/wp-json\/wp\/v2\/product\/5500129\/revisions"}],"wp:featuredmedia":[{"embeddable":true,"href":"https:\/\/stoic-curie.212-227-153-4.plesk.page\/fr\/wp-json\/wp\/v2\/media\/5949329"}],"wp:attachment":[{"href":"https:\/\/stoic-curie.212-227-153-4.plesk.page\/fr\/wp-json\/wp\/v2\/media?parent=5500129"}],"wp:term":[{"taxonomy":"product_brand","embeddable":true,"href":"https:\/\/stoic-curie.212-227-153-4.plesk.page\/fr\/wp-json\/wp\/v2\/product_brand?post=5500129"},{"taxonomy":"product_cat","embeddable":true,"href":"https:\/\/stoic-curie.212-227-153-4.plesk.page\/fr\/wp-json\/wp\/v2\/product_cat?post=5500129"},{"taxonomy":"product_tag","embeddable":true,"href":"https:\/\/stoic-curie.212-227-153-4.plesk.page\/fr\/wp-json\/wp\/v2\/product_tag?post=5500129"}],"curies":[{"name":"wp","href":"https:\/\/api.w.org\/{rel}","templated":true}]}}