{"id":5500130,"date":"2026-01-27T06:04:45","date_gmt":"2026-01-27T05:04:45","guid":{"rendered":"https:\/\/stoic-curie.212-227-153-4.plesk.page\/product\/garmin-echomap-uhd2-92sv\/"},"modified":"2026-02-24T23:09:05","modified_gmt":"2026-02-24T23:09:05","slug":"garmin-echomap-uhd2-92sv","status":"publish","type":"product","link":"https:\/\/stoic-curie.212-227-153-4.plesk.page\/fr\/product\/garmin-echomap-uhd2-92sv\/","title":{"rendered":"Garmin echoMAP UHD2 92SV"},"content":{"rendered":"<p>Garmin echoMAP UHD2 92SV &#8211; <\/p>\n<p>D\u00e9couvrez le plotter\/sens de poissons Garmin echoMAP UHD2 92SV avec un \u00e9cran tactile de 9&#8243; affichant une r\u00e9solution de 800&#215;480 pixels, des touches rapides et un r\u00e9cepteur GPS interne. Cet appareil dispose d&#8217;une technologie CHIRP int\u00e9gr\u00e9e de 500W de puissance ainsi que des fonctionnalit\u00e9s ClearVu, SideVu et UHD. Il s&#8217;int\u00e8gre parfaitement \u00e0 toutes les cartographies Garmin BlueChart et Garmin Navionics+, offrant une connectivit\u00e9 sans fil int\u00e9gr\u00e9e et prenant en charge les syst\u00e8mes NMEA0183\/2000 et Fusion-Link. Con\u00e7u pour s&#8217;int\u00e9grer compl\u00e8tement aux syst\u00e8mes \u00e0 bord, il est \u00e9quip\u00e9 de fonctions essentielles de Garmin telles qu&#8217;Auto Guidance, Active Captain, Sail Assist et Quickdraw Contours. L&#8217;emballage comprend un support ajustable, une couverture d&#8217;\u00e9cran et un c\u00e2ble d&#8217;alimentation\/donn\u00e9es. Il est compatible avec tous les transducteurs traditionnels, All-in-One, Panoptix et UHD disposant d&#8217;une connexion \u00e0 12 broches. Les mod\u00e8les sans transducteur sont fournis avec un c\u00e2ble adaptateur de 8 broches vers 12 broches eco. TD = Transducteur<\/p>\n","protected":false},"excerpt":{"rendered":"<p>Garmin echoMAP UHD2 92SV &#8211; D\u00e9couvrez le plotter\/sens de poissons Garmin echoMAP UHD2 92SV avec un \u00e9cran tactile de 9&#8243;<\/p>\n","protected":false},"featured_media":5949335,"comment_status":"open","ping_status":"closed","template":"","meta":[],"product_brand":[2969],"product_cat":[1170],"product_tag":[],"class_list":{"0":"post-5500130","1":"product","2":"type-product","3":"status-publish","4":"has-post-thumbnail","6":"product_brand-garmin-fr","7":"product_cat-electronique","9":"first","10":"instock","11":"shipping-taxable","12":"purchasable","13":"product-type-simple"},"_links":{"self":[{"href":"https:\/\/stoic-curie.212-227-153-4.plesk.page\/fr\/wp-json\/wp\/v2\/product\/5500130","targetHints":{"allow":["GET"]}}],"collection":[{"href":"https:\/\/stoic-curie.212-227-153-4.plesk.page\/fr\/wp-json\/wp\/v2\/product"}],"about":[{"href":"https:\/\/stoic-curie.212-227-153-4.plesk.page\/fr\/wp-json\/wp\/v2\/types\/product"}],"replies":[{"embeddable":true,"href":"https:\/\/stoic-curie.212-227-153-4.plesk.page\/fr\/wp-json\/wp\/v2\/comments?post=5500130"}],"version-history":[{"count":0,"href":"https:\/\/stoic-curie.212-227-153-4.plesk.page\/fr\/wp-json\/wp\/v2\/product\/5500130\/revisions"}],"wp:featuredmedia":[{"embeddable":true,"href":"https:\/\/stoic-curie.212-227-153-4.plesk.page\/fr\/wp-json\/wp\/v2\/media\/5949335"}],"wp:attachment":[{"href":"https:\/\/stoic-curie.212-227-153-4.plesk.page\/fr\/wp-json\/wp\/v2\/media?parent=5500130"}],"wp:term":[{"taxonomy":"product_brand","embeddable":true,"href":"https:\/\/stoic-curie.212-227-153-4.plesk.page\/fr\/wp-json\/wp\/v2\/product_brand?post=5500130"},{"taxonomy":"product_cat","embeddable":true,"href":"https:\/\/stoic-curie.212-227-153-4.plesk.page\/fr\/wp-json\/wp\/v2\/product_cat?post=5500130"},{"taxonomy":"product_tag","embeddable":true,"href":"https:\/\/stoic-curie.212-227-153-4.plesk.page\/fr\/wp-json\/wp\/v2\/product_tag?post=5500130"}],"curies":[{"name":"wp","href":"https:\/\/api.w.org\/{rel}","templated":true}]}}