{"id":5500134,"date":"2026-01-27T06:04:49","date_gmt":"2026-01-27T05:04:49","guid":{"rendered":"https:\/\/stoic-curie.212-227-153-4.plesk.page\/product\/icom-ic-m510e-vhf-ais\/"},"modified":"2026-02-24T23:09:10","modified_gmt":"2026-02-24T23:09:10","slug":"icom-ic-m510e-vhf-ais","status":"publish","type":"product","link":"https:\/\/stoic-curie.212-227-153-4.plesk.page\/fr\/product\/icom-ic-m510e-vhf-ais\/","title":{"rendered":"Icom IC-M510E VHF AIS"},"content":{"rendered":"<p>Icom IC-M510E VHF AIS &#8211; <\/p>\n<p>\u00c9quipement fixe de classe D DSC ICOM IC-M510E 12V VHF avec microphone et r\u00e9cepteur GPS externe.<br \/>La version AIS permet de visualiser, s\u00e9lectionner et appeler les cibles DSC directement depuis l&#8217;\u00e9cran.<br \/>Dispose d&#8217;un \u00e9cran LCD TFT couleur de 4,3&#8243;, d&#8217;un bo\u00eetier \u00e9tanche IP68, d&#8217;une connectivit\u00e9 NMEA0183 (NMEA2000 via WLAN avec la bo\u00eete sans fil optionnelle), de fonctions de navigation avec waypoints, de cornes de brouillard, de surveillance double\/triple, d&#8217;un acc\u00e8s instantan\u00e9 au canal 16, d&#8217;une annulation de bruit ANC, d&#8217;une fonction TAG et d&#8217;un syst\u00e8me de drainage AquaQuake.<br \/>Le CommandMic HM-229B en option permet un contr\u00f4le \u00e0 distance complet de toutes les fonctions VHF et peut \u00eatre utilis\u00e9 comme interphone ou pour envoyer des appels DSC.<br \/>Livr\u00e9 avec une antenne GPS avec c\u00e2ble de 10 m, un support de montage, un c\u00e2ble d&#8217;alimentation et un manuel d&#8217;utilisation.<br \/>Dimensions : 175 \u00d7 71 \u00d7 H110 mm.<\/p>\n","protected":false},"excerpt":{"rendered":"<p>Icom IC-M510E VHF AIS &#8211; \u00c9quipement fixe de classe D DSC ICOM IC-M510E 12V VHF avec microphone et r\u00e9cepteur GPS<\/p>\n","protected":false},"featured_media":5949343,"comment_status":"open","ping_status":"closed","template":"","meta":[],"product_brand":[3009],"product_cat":[1170],"product_tag":[],"class_list":{"0":"post-5500134","1":"product","2":"type-product","3":"status-publish","4":"has-post-thumbnail","6":"product_brand-icom-marine-fr","7":"product_cat-electronique","9":"first","10":"instock","11":"shipping-taxable","12":"purchasable","13":"product-type-simple"},"_links":{"self":[{"href":"https:\/\/stoic-curie.212-227-153-4.plesk.page\/fr\/wp-json\/wp\/v2\/product\/5500134","targetHints":{"allow":["GET"]}}],"collection":[{"href":"https:\/\/stoic-curie.212-227-153-4.plesk.page\/fr\/wp-json\/wp\/v2\/product"}],"about":[{"href":"https:\/\/stoic-curie.212-227-153-4.plesk.page\/fr\/wp-json\/wp\/v2\/types\/product"}],"replies":[{"embeddable":true,"href":"https:\/\/stoic-curie.212-227-153-4.plesk.page\/fr\/wp-json\/wp\/v2\/comments?post=5500134"}],"version-history":[{"count":0,"href":"https:\/\/stoic-curie.212-227-153-4.plesk.page\/fr\/wp-json\/wp\/v2\/product\/5500134\/revisions"}],"wp:featuredmedia":[{"embeddable":true,"href":"https:\/\/stoic-curie.212-227-153-4.plesk.page\/fr\/wp-json\/wp\/v2\/media\/5949343"}],"wp:attachment":[{"href":"https:\/\/stoic-curie.212-227-153-4.plesk.page\/fr\/wp-json\/wp\/v2\/media?parent=5500134"}],"wp:term":[{"taxonomy":"product_brand","embeddable":true,"href":"https:\/\/stoic-curie.212-227-153-4.plesk.page\/fr\/wp-json\/wp\/v2\/product_brand?post=5500134"},{"taxonomy":"product_cat","embeddable":true,"href":"https:\/\/stoic-curie.212-227-153-4.plesk.page\/fr\/wp-json\/wp\/v2\/product_cat?post=5500134"},{"taxonomy":"product_tag","embeddable":true,"href":"https:\/\/stoic-curie.212-227-153-4.plesk.page\/fr\/wp-json\/wp\/v2\/product_tag?post=5500134"}],"curies":[{"name":"wp","href":"https:\/\/api.w.org\/{rel}","templated":true}]}}