{"id":5530668,"date":"2026-01-29T21:51:29","date_gmt":"2026-01-29T20:51:29","guid":{"rendered":"https:\/\/stoic-curie.212-227-153-4.plesk.page\/product\/connecteur-de-chaine-en-acier-inoxydable-hs-10-mm\/"},"modified":"2026-02-24T23:08:06","modified_gmt":"2026-02-24T23:08:06","slug":"connecteur-de-chaine-en-acier-inoxydable-hs-10-mm","status":"publish","type":"product","link":"https:\/\/stoic-curie.212-227-153-4.plesk.page\/fr\/product\/connecteur-de-chaine-en-acier-inoxydable-hs-10-mm\/","title":{"rendered":"Connecteur de cha\u00eene en acier inoxydable HS 10 mm"},"content":{"rendered":"<p>Connecteur de cha\u00eene en acier inoxydable HS 10 mm &#8211; <\/p>\n<p>Liens de connexion en acier inoxydable \u00e0 8 broches \u00e0 haute charge de rupture. Pour cha\u00eenes calibr\u00e9es.<\/p>\n","protected":false},"excerpt":{"rendered":"<p>Connecteur de cha\u00eene en acier inoxydable HS 10 mm &#8211; Liens de connexion en acier inoxydable \u00e0 8 broches \u00e0<\/p>\n","protected":false},"featured_media":5935941,"comment_status":"open","ping_status":"closed","template":"","meta":[],"product_brand":[3204],"product_cat":[1045,1046],"product_tag":[],"class_list":{"0":"post-5530668","1":"product","2":"type-product","3":"status-publish","4":"has-post-thumbnail","6":"product_brand-nova-argonautica-fr","7":"product_cat-chaine-calibree-en-acier-galvanise","8":"product_cat-chaine-calibree-en-acier-inoxydable","10":"first","11":"instock","12":"shipping-taxable","13":"purchasable","14":"product-type-simple"},"_links":{"self":[{"href":"https:\/\/stoic-curie.212-227-153-4.plesk.page\/fr\/wp-json\/wp\/v2\/product\/5530668","targetHints":{"allow":["GET"]}}],"collection":[{"href":"https:\/\/stoic-curie.212-227-153-4.plesk.page\/fr\/wp-json\/wp\/v2\/product"}],"about":[{"href":"https:\/\/stoic-curie.212-227-153-4.plesk.page\/fr\/wp-json\/wp\/v2\/types\/product"}],"replies":[{"embeddable":true,"href":"https:\/\/stoic-curie.212-227-153-4.plesk.page\/fr\/wp-json\/wp\/v2\/comments?post=5530668"}],"version-history":[{"count":0,"href":"https:\/\/stoic-curie.212-227-153-4.plesk.page\/fr\/wp-json\/wp\/v2\/product\/5530668\/revisions"}],"wp:featuredmedia":[{"embeddable":true,"href":"https:\/\/stoic-curie.212-227-153-4.plesk.page\/fr\/wp-json\/wp\/v2\/media\/5935941"}],"wp:attachment":[{"href":"https:\/\/stoic-curie.212-227-153-4.plesk.page\/fr\/wp-json\/wp\/v2\/media?parent=5530668"}],"wp:term":[{"taxonomy":"product_brand","embeddable":true,"href":"https:\/\/stoic-curie.212-227-153-4.plesk.page\/fr\/wp-json\/wp\/v2\/product_brand?post=5530668"},{"taxonomy":"product_cat","embeddable":true,"href":"https:\/\/stoic-curie.212-227-153-4.plesk.page\/fr\/wp-json\/wp\/v2\/product_cat?post=5530668"},{"taxonomy":"product_tag","embeddable":true,"href":"https:\/\/stoic-curie.212-227-153-4.plesk.page\/fr\/wp-json\/wp\/v2\/product_tag?post=5530668"}],"curies":[{"name":"wp","href":"https:\/\/api.w.org\/{rel}","templated":true}]}}