{"id":5530692,"date":"2026-01-29T21:52:12","date_gmt":"2026-01-29T20:52:12","guid":{"rendered":"https:\/\/stoic-curie.212-227-153-4.plesk.page\/product\/cordage-marin-noir-d-12-mm-x-200-m\/"},"modified":"2026-02-24T23:08:20","modified_gmt":"2026-02-24T23:08:20","slug":"cordage-marin-noir-d-12-mm-x-200-m","status":"publish","type":"product","link":"https:\/\/stoic-curie.212-227-153-4.plesk.page\/fr\/product\/cordage-marin-noir-d-12-mm-x-200-m\/","title":{"rendered":"Cordage marin noir, D\u00a012\u00a0mm\u00a0x\u00a0200\u00a0m"},"content":{"rendered":"<p>Cordage marin noir, D\u00a012\u00a0mm\u00a0x\u00a0200\u00a0m &#8211; <\/p>\n<p>Cette corde en polyester de r\u00e9sistance moyenne, \u00e0 trois brins, est une excellente option pour tous vos besoins d&#8217;amarrage et d&#8217;ancrage. De plus, elle est fabriqu\u00e9e \u00e0 partir de bouteilles en plastique PET recycl\u00e9es, ce qui en fait un choix respectueux de l&#8217;environnement. Vous constaterez que cette corde en rPET offre des performances comparables \u00e0 celles du polyester standard.<\/p>\n<p>Dans l&#8217;industrie nautique, la corde en polyester est extr\u00eamement polyvalente. Elle peut \u00eatre utilis\u00e9e pour les lignes d&#8217;ancre, les lignes de mouillage, les filets de protection, les lignes de vie et m\u00eame pour des t\u00e2ches de treuil ou de levage.<\/p>\n<p>Voici quelques caract\u00e9ristiques importantes de cette corde :<\/p>\n<ul>\n<li>Conception \u00e0 trois brins torsad\u00e9s<\/li>\n<li>Fabriqu\u00e9e \u00e0 partir de mat\u00e9riaux synth\u00e9tiques<\/li>\n<li>Conserve sa r\u00e9sistance m\u00eame lorsqu&#8217;elle est mouill\u00e9e<\/li>\n<li>R\u00e9sistante \u00e0 l&#8217;eau, aux rayons UV, \u00e0 la pourriture et \u00e0 l&#8217;usure<\/li>\n<li>Ne flotte pas et devient l\u00e9g\u00e8rement plus souple lorsqu&#8217;elle est mouill\u00e9e<\/li>\n<li>Manufactur\u00e9e en Europe<\/li>\n<\/ul>\n","protected":false},"excerpt":{"rendered":"<p>Cordage marin noir, D\u00a012\u00a0mm\u00a0x\u00a0200\u00a0m &#8211; Cette corde en polyester de r\u00e9sistance moyenne, \u00e0 trois brins, est une excellente option pour<\/p>\n","protected":false},"featured_media":5939641,"comment_status":"open","ping_status":"closed","template":"","meta":[],"product_brand":[3099],"product_cat":[1048,1288],"product_tag":[],"class_list":{"0":"post-5530692","1":"product","2":"type-product","3":"status-publish","4":"has-post-thumbnail","6":"product_brand-marco-benvenuti-fr","7":"product_cat-corde-damarrage","8":"product_cat-lignes-de-mouillage","10":"first","11":"instock","12":"shipping-taxable","13":"purchasable","14":"product-type-simple"},"_links":{"self":[{"href":"https:\/\/stoic-curie.212-227-153-4.plesk.page\/fr\/wp-json\/wp\/v2\/product\/5530692","targetHints":{"allow":["GET"]}}],"collection":[{"href":"https:\/\/stoic-curie.212-227-153-4.plesk.page\/fr\/wp-json\/wp\/v2\/product"}],"about":[{"href":"https:\/\/stoic-curie.212-227-153-4.plesk.page\/fr\/wp-json\/wp\/v2\/types\/product"}],"replies":[{"embeddable":true,"href":"https:\/\/stoic-curie.212-227-153-4.plesk.page\/fr\/wp-json\/wp\/v2\/comments?post=5530692"}],"version-history":[{"count":0,"href":"https:\/\/stoic-curie.212-227-153-4.plesk.page\/fr\/wp-json\/wp\/v2\/product\/5530692\/revisions"}],"wp:featuredmedia":[{"embeddable":true,"href":"https:\/\/stoic-curie.212-227-153-4.plesk.page\/fr\/wp-json\/wp\/v2\/media\/5939641"}],"wp:attachment":[{"href":"https:\/\/stoic-curie.212-227-153-4.plesk.page\/fr\/wp-json\/wp\/v2\/media?parent=5530692"}],"wp:term":[{"taxonomy":"product_brand","embeddable":true,"href":"https:\/\/stoic-curie.212-227-153-4.plesk.page\/fr\/wp-json\/wp\/v2\/product_brand?post=5530692"},{"taxonomy":"product_cat","embeddable":true,"href":"https:\/\/stoic-curie.212-227-153-4.plesk.page\/fr\/wp-json\/wp\/v2\/product_cat?post=5530692"},{"taxonomy":"product_tag","embeddable":true,"href":"https:\/\/stoic-curie.212-227-153-4.plesk.page\/fr\/wp-json\/wp\/v2\/product_tag?post=5530692"}],"curies":[{"name":"wp","href":"https:\/\/api.w.org\/{rel}","templated":true}]}}