{"id":5530720,"date":"2026-01-29T21:53:09","date_gmt":"2026-01-29T20:53:09","guid":{"rendered":"https:\/\/stoic-curie.212-227-153-4.plesk.page\/product\/suroit-helly-hansen-svolvaer-jaune-taille-m\/"},"modified":"2026-02-24T23:08:36","modified_gmt":"2026-02-24T23:08:36","slug":"suroit-helly-hansen-svolvaer-jaune-taille-m","status":"publish","type":"product","link":"https:\/\/stoic-curie.212-227-153-4.plesk.page\/fr\/product\/suroit-helly-hansen-svolvaer-jaune-taille-m\/","title":{"rendered":"Suroit Helly Hansen Svolvaer jaune, taille\u00a0M"},"content":{"rendered":"<p>Suroit Helly Hansen Svolvaer jaune, taille\u00a0M &#8211; <\/p>\n<p>Le chapeau Helly Hansen Svolvaer en tissu polyester de 410 g\/m2 avec rev\u00eatement en PU est id\u00e9al pour vous prot\u00e9ger de l&#8217;eau lors de la p\u00eache ou de toute autre activit\u00e9 \u00e0 bord ou sur le pont. Il est dot\u00e9 d&#8217;une doublure, de rabats pour les oreilles et d&#8217;une sangle de menton.<\/p>\n","protected":false},"excerpt":{"rendered":"<p>Suroit Helly Hansen Svolvaer jaune, taille\u00a0M &#8211; Le chapeau Helly Hansen Svolvaer en tissu polyester de 410 g\/m2 avec rev\u00eatement<\/p>\n","protected":false},"featured_media":5944596,"comment_status":"open","ping_status":"closed","template":"","meta":[],"product_brand":[2999],"product_cat":[1283],"product_tag":[],"class_list":{"0":"post-5530720","1":"product","2":"type-product","3":"status-publish","4":"has-post-thumbnail","6":"product_brand-helly-hansen-fr","7":"product_cat-vetements-nautiques-helly-hansen","9":"first","10":"instock","11":"shipping-taxable","12":"purchasable","13":"product-type-simple"},"_links":{"self":[{"href":"https:\/\/stoic-curie.212-227-153-4.plesk.page\/fr\/wp-json\/wp\/v2\/product\/5530720","targetHints":{"allow":["GET"]}}],"collection":[{"href":"https:\/\/stoic-curie.212-227-153-4.plesk.page\/fr\/wp-json\/wp\/v2\/product"}],"about":[{"href":"https:\/\/stoic-curie.212-227-153-4.plesk.page\/fr\/wp-json\/wp\/v2\/types\/product"}],"replies":[{"embeddable":true,"href":"https:\/\/stoic-curie.212-227-153-4.plesk.page\/fr\/wp-json\/wp\/v2\/comments?post=5530720"}],"version-history":[{"count":0,"href":"https:\/\/stoic-curie.212-227-153-4.plesk.page\/fr\/wp-json\/wp\/v2\/product\/5530720\/revisions"}],"wp:featuredmedia":[{"embeddable":true,"href":"https:\/\/stoic-curie.212-227-153-4.plesk.page\/fr\/wp-json\/wp\/v2\/media\/5944596"}],"wp:attachment":[{"href":"https:\/\/stoic-curie.212-227-153-4.plesk.page\/fr\/wp-json\/wp\/v2\/media?parent=5530720"}],"wp:term":[{"taxonomy":"product_brand","embeddable":true,"href":"https:\/\/stoic-curie.212-227-153-4.plesk.page\/fr\/wp-json\/wp\/v2\/product_brand?post=5530720"},{"taxonomy":"product_cat","embeddable":true,"href":"https:\/\/stoic-curie.212-227-153-4.plesk.page\/fr\/wp-json\/wp\/v2\/product_cat?post=5530720"},{"taxonomy":"product_tag","embeddable":true,"href":"https:\/\/stoic-curie.212-227-153-4.plesk.page\/fr\/wp-json\/wp\/v2\/product_tag?post=5530720"}],"curies":[{"name":"wp","href":"https:\/\/api.w.org\/{rel}","templated":true}]}}