{"id":5530721,"date":"2026-01-29T21:53:09","date_gmt":"2026-01-29T20:53:09","guid":{"rendered":"https:\/\/stoic-curie.212-227-153-4.plesk.page\/product\/suroit-helly-hansen-svolvaer-jaune-taille-l\/"},"modified":"2026-02-24T23:08:36","modified_gmt":"2026-02-24T23:08:36","slug":"suroit-helly-hansen-svolvaer-jaune-taille-l","status":"publish","type":"product","link":"https:\/\/stoic-curie.212-227-153-4.plesk.page\/fr\/product\/suroit-helly-hansen-svolvaer-jaune-taille-l\/","title":{"rendered":"Suroit Helly Hansen Svolvaer jaune, taille\u00a0L"},"content":{"rendered":"<p>Suroit Helly Hansen Svolvaer jaune, taille\u00a0L &#8211; <\/p>\n<p>Le chapeau Helly Hansen Svolvaer est en tissu polyester de 410 g\/m2 avec un rev\u00eatement PU, id\u00e9al pour vous prot\u00e9ger de l&#8217;eau lors de la p\u00eache ou de toute autre activit\u00e9 \u00e0 bord ou sur le pont. Il est dot\u00e9 d&#8217;une doublure, de rabats pour les oreilles et d&#8217;une sangle sous le menton.<\/p>\n","protected":false},"excerpt":{"rendered":"<p>Suroit Helly Hansen Svolvaer jaune, taille\u00a0L &#8211; Le chapeau Helly Hansen Svolvaer est en tissu polyester de 410 g\/m2 avec<\/p>\n","protected":false},"featured_media":5944596,"comment_status":"open","ping_status":"closed","template":"","meta":[],"product_brand":[2999],"product_cat":[1283],"product_tag":[],"class_list":{"0":"post-5530721","1":"product","2":"type-product","3":"status-publish","4":"has-post-thumbnail","6":"product_brand-helly-hansen-fr","7":"product_cat-vetements-nautiques-helly-hansen","9":"first","10":"instock","11":"shipping-taxable","12":"purchasable","13":"product-type-simple"},"_links":{"self":[{"href":"https:\/\/stoic-curie.212-227-153-4.plesk.page\/fr\/wp-json\/wp\/v2\/product\/5530721","targetHints":{"allow":["GET"]}}],"collection":[{"href":"https:\/\/stoic-curie.212-227-153-4.plesk.page\/fr\/wp-json\/wp\/v2\/product"}],"about":[{"href":"https:\/\/stoic-curie.212-227-153-4.plesk.page\/fr\/wp-json\/wp\/v2\/types\/product"}],"replies":[{"embeddable":true,"href":"https:\/\/stoic-curie.212-227-153-4.plesk.page\/fr\/wp-json\/wp\/v2\/comments?post=5530721"}],"version-history":[{"count":0,"href":"https:\/\/stoic-curie.212-227-153-4.plesk.page\/fr\/wp-json\/wp\/v2\/product\/5530721\/revisions"}],"wp:featuredmedia":[{"embeddable":true,"href":"https:\/\/stoic-curie.212-227-153-4.plesk.page\/fr\/wp-json\/wp\/v2\/media\/5944596"}],"wp:attachment":[{"href":"https:\/\/stoic-curie.212-227-153-4.plesk.page\/fr\/wp-json\/wp\/v2\/media?parent=5530721"}],"wp:term":[{"taxonomy":"product_brand","embeddable":true,"href":"https:\/\/stoic-curie.212-227-153-4.plesk.page\/fr\/wp-json\/wp\/v2\/product_brand?post=5530721"},{"taxonomy":"product_cat","embeddable":true,"href":"https:\/\/stoic-curie.212-227-153-4.plesk.page\/fr\/wp-json\/wp\/v2\/product_cat?post=5530721"},{"taxonomy":"product_tag","embeddable":true,"href":"https:\/\/stoic-curie.212-227-153-4.plesk.page\/fr\/wp-json\/wp\/v2\/product_tag?post=5530721"}],"curies":[{"name":"wp","href":"https:\/\/api.w.org\/{rel}","templated":true}]}}