{"id":5530730,"date":"2026-01-29T21:53:53","date_gmt":"2026-01-29T20:53:53","guid":{"rendered":"https:\/\/stoic-curie.212-227-153-4.plesk.page\/product\/joint-de-rechange-33mm-pour-porte-canne-a-peche\/"},"modified":"2026-02-24T23:08:55","modified_gmt":"2026-02-24T23:08:55","slug":"joint-de-rechange-33mm-pour-porte-canne-a-peche","status":"publish","type":"product","link":"https:\/\/stoic-curie.212-227-153-4.plesk.page\/fr\/product\/joint-de-rechange-33mm-pour-porte-canne-a-peche\/","title":{"rendered":"Joint de Rechange 33mm pour Porte-canne \u00e0 P\u00eache"},"content":{"rendered":"<p>Joint de Rechange 33mm pour Porte-canne \u00e0 P\u00eache &#8211; Pi\u00e8ces de rechange pour support de canne.<\/p>\n","protected":false},"excerpt":{"rendered":"<p>Joint de Rechange 33mm pour Porte-canne \u00e0 P\u00eache &#8211; Pi\u00e8ces de rechange pour support de canne.<\/p>\n","protected":false},"featured_media":5935804,"comment_status":"open","ping_status":"closed","template":"","meta":[],"product_brand":[2944],"product_cat":[1106],"product_tag":[],"class_list":{"0":"post-5530730","1":"product","2":"type-product","3":"status-publish","4":"has-post-thumbnail","6":"product_brand-foresti-suardi-fr","7":"product_cat-porte-cannes","9":"first","10":"instock","11":"shipping-taxable","12":"purchasable","13":"product-type-simple"},"_links":{"self":[{"href":"https:\/\/stoic-curie.212-227-153-4.plesk.page\/fr\/wp-json\/wp\/v2\/product\/5530730","targetHints":{"allow":["GET"]}}],"collection":[{"href":"https:\/\/stoic-curie.212-227-153-4.plesk.page\/fr\/wp-json\/wp\/v2\/product"}],"about":[{"href":"https:\/\/stoic-curie.212-227-153-4.plesk.page\/fr\/wp-json\/wp\/v2\/types\/product"}],"replies":[{"embeddable":true,"href":"https:\/\/stoic-curie.212-227-153-4.plesk.page\/fr\/wp-json\/wp\/v2\/comments?post=5530730"}],"version-history":[{"count":0,"href":"https:\/\/stoic-curie.212-227-153-4.plesk.page\/fr\/wp-json\/wp\/v2\/product\/5530730\/revisions"}],"wp:featuredmedia":[{"embeddable":true,"href":"https:\/\/stoic-curie.212-227-153-4.plesk.page\/fr\/wp-json\/wp\/v2\/media\/5935804"}],"wp:attachment":[{"href":"https:\/\/stoic-curie.212-227-153-4.plesk.page\/fr\/wp-json\/wp\/v2\/media?parent=5530730"}],"wp:term":[{"taxonomy":"product_brand","embeddable":true,"href":"https:\/\/stoic-curie.212-227-153-4.plesk.page\/fr\/wp-json\/wp\/v2\/product_brand?post=5530730"},{"taxonomy":"product_cat","embeddable":true,"href":"https:\/\/stoic-curie.212-227-153-4.plesk.page\/fr\/wp-json\/wp\/v2\/product_cat?post=5530730"},{"taxonomy":"product_tag","embeddable":true,"href":"https:\/\/stoic-curie.212-227-153-4.plesk.page\/fr\/wp-json\/wp\/v2\/product_tag?post=5530730"}],"curies":[{"name":"wp","href":"https:\/\/api.w.org\/{rel}","templated":true}]}}