{"id":5530737,"date":"2026-01-29T21:53:59","date_gmt":"2026-01-29T20:53:59","guid":{"rendered":"https:\/\/stoic-curie.212-227-153-4.plesk.page\/product\/marqueur-de-chaine-facile-pour-chaine-de-6-mm-rose-14-pieces\/"},"modified":"2026-02-24T23:08:55","modified_gmt":"2026-02-24T23:08:55","slug":"marqueur-de-chaine-facile-pour-chaine-de-6-mm-rose-14-pieces","status":"publish","type":"product","link":"https:\/\/stoic-curie.212-227-153-4.plesk.page\/fr\/product\/marqueur-de-chaine-facile-pour-chaine-de-6-mm-rose-14-pieces\/","title":{"rendered":"Marqueur de cha\u00eene facile pour cha\u00eene de 6 mm &#8211; Rose (14 pi\u00e8ces)"},"content":{"rendered":"<p>Marqueur de cha\u00eene facile pour cha\u00eene de 6 mm &#8211; Rose (14 pi\u00e8ces) &#8211; <\/p>\n<p>Un marqueur de cha\u00eene en plastique color\u00e9 \u00e0 ins\u00e9rer dans les maillons de la cha\u00eene pour indiquer clairement la longueur.<\/p>\n","protected":false},"excerpt":{"rendered":"<p>Marqueur de cha\u00eene facile pour cha\u00eene de 6 mm &#8211; Rose (14 pi\u00e8ces) &#8211; Un marqueur de cha\u00eene en plastique<\/p>\n","protected":false},"featured_media":5949249,"comment_status":"open","ping_status":"closed","template":"","meta":[],"product_brand":[3084],"product_cat":[1045,1046],"product_tag":[],"class_list":{"0":"post-5530737","1":"product","2":"type-product","3":"status-publish","4":"has-post-thumbnail","6":"product_brand-maggigroup-fr","7":"product_cat-chaine-calibree-en-acier-galvanise","8":"product_cat-chaine-calibree-en-acier-inoxydable","10":"first","11":"instock","12":"shipping-taxable","13":"purchasable","14":"product-type-simple"},"_links":{"self":[{"href":"https:\/\/stoic-curie.212-227-153-4.plesk.page\/fr\/wp-json\/wp\/v2\/product\/5530737","targetHints":{"allow":["GET"]}}],"collection":[{"href":"https:\/\/stoic-curie.212-227-153-4.plesk.page\/fr\/wp-json\/wp\/v2\/product"}],"about":[{"href":"https:\/\/stoic-curie.212-227-153-4.plesk.page\/fr\/wp-json\/wp\/v2\/types\/product"}],"replies":[{"embeddable":true,"href":"https:\/\/stoic-curie.212-227-153-4.plesk.page\/fr\/wp-json\/wp\/v2\/comments?post=5530737"}],"version-history":[{"count":0,"href":"https:\/\/stoic-curie.212-227-153-4.plesk.page\/fr\/wp-json\/wp\/v2\/product\/5530737\/revisions"}],"wp:featuredmedia":[{"embeddable":true,"href":"https:\/\/stoic-curie.212-227-153-4.plesk.page\/fr\/wp-json\/wp\/v2\/media\/5949249"}],"wp:attachment":[{"href":"https:\/\/stoic-curie.212-227-153-4.plesk.page\/fr\/wp-json\/wp\/v2\/media?parent=5530737"}],"wp:term":[{"taxonomy":"product_brand","embeddable":true,"href":"https:\/\/stoic-curie.212-227-153-4.plesk.page\/fr\/wp-json\/wp\/v2\/product_brand?post=5530737"},{"taxonomy":"product_cat","embeddable":true,"href":"https:\/\/stoic-curie.212-227-153-4.plesk.page\/fr\/wp-json\/wp\/v2\/product_cat?post=5530737"},{"taxonomy":"product_tag","embeddable":true,"href":"https:\/\/stoic-curie.212-227-153-4.plesk.page\/fr\/wp-json\/wp\/v2\/product_tag?post=5530737"}],"curies":[{"name":"wp","href":"https:\/\/api.w.org\/{rel}","templated":true}]}}