{"id":5950119,"date":"2026-02-24T23:09:34","date_gmt":"2026-02-24T22:09:34","guid":{"rendered":"https:\/\/stoic-curie.212-227-153-4.plesk.page\/product\/presse-etoupe-tor-marine-pour-arbre-de-60-mm\/"},"modified":"2026-02-24T23:09:34","modified_gmt":"2026-02-24T22:09:34","slug":"presse-etoupe-tor-marine-pour-arbre-de-60-mm","status":"publish","type":"product","link":"https:\/\/stoic-curie.212-227-153-4.plesk.page\/fr\/product\/presse-etoupe-tor-marine-pour-arbre-de-60-mm\/","title":{"rendered":"Presse-\u00e9toupe Tor Marine pour arbre de 60 mm"},"content":{"rendered":"<p>Presse-\u00e9toupe Tor Marine pour arbre de 60 mm &#8211; <\/p>\n<p>Joint m\u00e9canique d&#8217;axe de haute pr\u00e9cision et qualit\u00e9, fabriqu\u00e9 en combinaison d&#8217;acier inoxydable 316 et de graphite, con\u00e7u pour une installation et un entretien ais\u00e9s. Le joint m\u00e9canique fonctionne gr\u00e2ce \u00e0 une connexion parfaite entre l&#8217;anneau en acier inoxydable et la partie en graphite. L&#8217;anneau en acier inoxydable est mont\u00e9 avec des vis sans t\u00eate sur l&#8217;arbre, tournant avec lui, tandis que la partie en graphite reste fixe sur le joint de l&#8217;arbre. Les joints m\u00e9caniques d&#8217;arbre peuvent \u00eatre mont\u00e9s directement sur des tubes arri\u00e8re avec un manchon en caoutchouc fix\u00e9 par des pinces. La taille de fixation standard pour le manchon en caoutchouc sur le tube arri\u00e8re est de 113 mm, mais gr\u00e2ce \u00e0 des r\u00e9ductions, le joint m\u00e9canique peut \u00e9galement \u00eatre mont\u00e9 sur des tubes arri\u00e8re de 80 mm ou de 3\u00bc et 4 pouces. Il peut \u00eatre compl\u00e9t\u00e9 par un adaptateur de joint d&#8217;arbre en bronze mont\u00e9 au mur, complet avec un roulement lubrifi\u00e9 \u00e0 l&#8217;eau (voir codes 49006354900680).<\/p>\n","protected":false},"excerpt":{"rendered":"<p>Presse-\u00e9toupe Tor Marine pour arbre de 60 mm &#8211; Joint m\u00e9canique d&#8217;axe de haute pr\u00e9cision et qualit\u00e9, fabriqu\u00e9 en combinaison<\/p>\n","protected":false},"featured_media":5949668,"comment_status":"open","ping_status":"closed","template":"","meta":[],"product_brand":[2929],"product_cat":[1234],"product_tag":[],"class_list":{"0":"post-5950119","1":"product","2":"type-product","3":"status-publish","4":"has-post-thumbnail","6":"product_brand-exalto-marine-fr","7":"product_cat-presse-etoupe","9":"first","10":"instock","11":"shipping-taxable","12":"purchasable","13":"product-type-simple"},"_links":{"self":[{"href":"https:\/\/stoic-curie.212-227-153-4.plesk.page\/fr\/wp-json\/wp\/v2\/product\/5950119","targetHints":{"allow":["GET"]}}],"collection":[{"href":"https:\/\/stoic-curie.212-227-153-4.plesk.page\/fr\/wp-json\/wp\/v2\/product"}],"about":[{"href":"https:\/\/stoic-curie.212-227-153-4.plesk.page\/fr\/wp-json\/wp\/v2\/types\/product"}],"replies":[{"embeddable":true,"href":"https:\/\/stoic-curie.212-227-153-4.plesk.page\/fr\/wp-json\/wp\/v2\/comments?post=5950119"}],"version-history":[{"count":0,"href":"https:\/\/stoic-curie.212-227-153-4.plesk.page\/fr\/wp-json\/wp\/v2\/product\/5950119\/revisions"}],"wp:featuredmedia":[{"embeddable":true,"href":"https:\/\/stoic-curie.212-227-153-4.plesk.page\/fr\/wp-json\/wp\/v2\/media\/5949668"}],"wp:attachment":[{"href":"https:\/\/stoic-curie.212-227-153-4.plesk.page\/fr\/wp-json\/wp\/v2\/media?parent=5950119"}],"wp:term":[{"taxonomy":"product_brand","embeddable":true,"href":"https:\/\/stoic-curie.212-227-153-4.plesk.page\/fr\/wp-json\/wp\/v2\/product_brand?post=5950119"},{"taxonomy":"product_cat","embeddable":true,"href":"https:\/\/stoic-curie.212-227-153-4.plesk.page\/fr\/wp-json\/wp\/v2\/product_cat?post=5950119"},{"taxonomy":"product_tag","embeddable":true,"href":"https:\/\/stoic-curie.212-227-153-4.plesk.page\/fr\/wp-json\/wp\/v2\/product_tag?post=5950119"}],"curies":[{"name":"wp","href":"https:\/\/api.w.org\/{rel}","templated":true}]}}