{"id":5950126,"date":"2026-02-24T23:09:40","date_gmt":"2026-02-24T22:09:40","guid":{"rendered":"https:\/\/stoic-curie.212-227-153-4.plesk.page\/product\/pack-dadhesif-de-contact-fort-adeprene-de-125-ml\/"},"modified":"2026-02-24T23:09:40","modified_gmt":"2026-02-24T22:09:40","slug":"pack-dadhesif-de-contact-fort-adeprene-de-125-ml","status":"publish","type":"product","link":"https:\/\/stoic-curie.212-227-153-4.plesk.page\/fr\/product\/pack-dadhesif-de-contact-fort-adeprene-de-125-ml\/","title":{"rendered":"Pack d&#8217;Adh\u00e9sif de Contact Fort Adeprene de 125 ml"},"content":{"rendered":"<p>Pack d&#8217;Adh\u00e9sif de Contact Fort Adeprene de 125 ml &#8211; <\/p>\n<p>Adh\u00e9sif de contact \u00e0 deux composants sp\u00e9cifiquement con\u00e7u pour la liaison de n\u00e9opr\u00e8ne, de caoutchouc rempli, de toile et de cuir. Ensemble complet avec activateur inclus.<\/p>\n","protected":false},"excerpt":{"rendered":"<p>Pack d&#8217;Adh\u00e9sif de Contact Fort Adeprene de 125 ml &#8211; Adh\u00e9sif de contact \u00e0 deux composants sp\u00e9cifiquement con\u00e7u pour la<\/p>\n","protected":false},"featured_media":5949698,"comment_status":"open","ping_status":"closed","template":"","meta":[],"product_brand":[2869],"product_cat":[1265,1063],"product_tag":[],"class_list":{"0":"post-5950126","1":"product","2":"type-product","3":"status-publish","4":"has-post-thumbnail","6":"product_brand-crc-marine-fr","7":"product_cat-accessoires-pour-annexes-gonflables","8":"product_cat-collage-et-etancheite","10":"first","11":"instock","12":"shipping-taxable","13":"purchasable","14":"product-type-simple"},"_links":{"self":[{"href":"https:\/\/stoic-curie.212-227-153-4.plesk.page\/fr\/wp-json\/wp\/v2\/product\/5950126","targetHints":{"allow":["GET"]}}],"collection":[{"href":"https:\/\/stoic-curie.212-227-153-4.plesk.page\/fr\/wp-json\/wp\/v2\/product"}],"about":[{"href":"https:\/\/stoic-curie.212-227-153-4.plesk.page\/fr\/wp-json\/wp\/v2\/types\/product"}],"replies":[{"embeddable":true,"href":"https:\/\/stoic-curie.212-227-153-4.plesk.page\/fr\/wp-json\/wp\/v2\/comments?post=5950126"}],"version-history":[{"count":0,"href":"https:\/\/stoic-curie.212-227-153-4.plesk.page\/fr\/wp-json\/wp\/v2\/product\/5950126\/revisions"}],"wp:featuredmedia":[{"embeddable":true,"href":"https:\/\/stoic-curie.212-227-153-4.plesk.page\/fr\/wp-json\/wp\/v2\/media\/5949698"}],"wp:attachment":[{"href":"https:\/\/stoic-curie.212-227-153-4.plesk.page\/fr\/wp-json\/wp\/v2\/media?parent=5950126"}],"wp:term":[{"taxonomy":"product_brand","embeddable":true,"href":"https:\/\/stoic-curie.212-227-153-4.plesk.page\/fr\/wp-json\/wp\/v2\/product_brand?post=5950126"},{"taxonomy":"product_cat","embeddable":true,"href":"https:\/\/stoic-curie.212-227-153-4.plesk.page\/fr\/wp-json\/wp\/v2\/product_cat?post=5950126"},{"taxonomy":"product_tag","embeddable":true,"href":"https:\/\/stoic-curie.212-227-153-4.plesk.page\/fr\/wp-json\/wp\/v2\/product_tag?post=5950126"}],"curies":[{"name":"wp","href":"https:\/\/api.w.org\/{rel}","templated":true}]}}