{"id":5950127,"date":"2026-02-24T23:09:40","date_gmt":"2026-02-24T22:09:40","guid":{"rendered":"https:\/\/stoic-curie.212-227-153-4.plesk.page\/product\/pack-de-colle-contact-pvc-adegrip-125-ml\/"},"modified":"2026-02-24T23:09:40","modified_gmt":"2026-02-24T22:09:40","slug":"pack-de-colle-contact-pvc-adegrip-125-ml","status":"publish","type":"product","link":"https:\/\/stoic-curie.212-227-153-4.plesk.page\/fr\/product\/pack-de-colle-contact-pvc-adegrip-125-ml\/","title":{"rendered":"Pack de Colle Contact PVC Adegrip 125 ml"},"content":{"rendered":"<p>Pack de Colle Contact PVC Adegrip 125 ml &#8211; <\/p>\n<p>Une colle contact polyur\u00e9thane bicomposant sp\u00e9cialement con\u00e7ue pour le collage de tissus PVC et de mat\u00e9riaux en polyur\u00e9thane. Ensemble complet avec activateur.<\/p>\n","protected":false},"excerpt":{"rendered":"<p>Pack de Colle Contact PVC Adegrip 125 ml &#8211; Une colle contact polyur\u00e9thane bicomposant sp\u00e9cialement con\u00e7ue pour le collage de<\/p>\n","protected":false},"featured_media":5949702,"comment_status":"open","ping_status":"closed","template":"","meta":[],"product_brand":[2869],"product_cat":[1265,1063],"product_tag":[],"class_list":{"0":"post-5950127","1":"product","2":"type-product","3":"status-publish","4":"has-post-thumbnail","6":"product_brand-crc-marine-fr","7":"product_cat-accessoires-pour-annexes-gonflables","8":"product_cat-collage-et-etancheite","10":"first","11":"instock","12":"shipping-taxable","13":"purchasable","14":"product-type-simple"},"_links":{"self":[{"href":"https:\/\/stoic-curie.212-227-153-4.plesk.page\/fr\/wp-json\/wp\/v2\/product\/5950127","targetHints":{"allow":["GET"]}}],"collection":[{"href":"https:\/\/stoic-curie.212-227-153-4.plesk.page\/fr\/wp-json\/wp\/v2\/product"}],"about":[{"href":"https:\/\/stoic-curie.212-227-153-4.plesk.page\/fr\/wp-json\/wp\/v2\/types\/product"}],"replies":[{"embeddable":true,"href":"https:\/\/stoic-curie.212-227-153-4.plesk.page\/fr\/wp-json\/wp\/v2\/comments?post=5950127"}],"version-history":[{"count":0,"href":"https:\/\/stoic-curie.212-227-153-4.plesk.page\/fr\/wp-json\/wp\/v2\/product\/5950127\/revisions"}],"wp:featuredmedia":[{"embeddable":true,"href":"https:\/\/stoic-curie.212-227-153-4.plesk.page\/fr\/wp-json\/wp\/v2\/media\/5949702"}],"wp:attachment":[{"href":"https:\/\/stoic-curie.212-227-153-4.plesk.page\/fr\/wp-json\/wp\/v2\/media?parent=5950127"}],"wp:term":[{"taxonomy":"product_brand","embeddable":true,"href":"https:\/\/stoic-curie.212-227-153-4.plesk.page\/fr\/wp-json\/wp\/v2\/product_brand?post=5950127"},{"taxonomy":"product_cat","embeddable":true,"href":"https:\/\/stoic-curie.212-227-153-4.plesk.page\/fr\/wp-json\/wp\/v2\/product_cat?post=5950127"},{"taxonomy":"product_tag","embeddable":true,"href":"https:\/\/stoic-curie.212-227-153-4.plesk.page\/fr\/wp-json\/wp\/v2\/product_tag?post=5950127"}],"curies":[{"name":"wp","href":"https:\/\/api.w.org\/{rel}","templated":true}]}}