{"id":5950128,"date":"2026-02-24T23:09:41","date_gmt":"2026-02-24T22:09:41","guid":{"rendered":"https:\/\/stoic-curie.212-227-153-4.plesk.page\/product\/pack-de-shampooing-nettoyant-pour-bateau-tk-de-1-l\/"},"modified":"2026-02-24T23:09:41","modified_gmt":"2026-02-24T22:09:41","slug":"pack-de-shampooing-nettoyant-pour-bateau-tk-de-1-l","status":"publish","type":"product","link":"https:\/\/stoic-curie.212-227-153-4.plesk.page\/fr\/product\/pack-de-shampooing-nettoyant-pour-bateau-tk-de-1-l\/","title":{"rendered":"Pack de Shampooing Nettoyant pour Bateau TK de 1 L"},"content":{"rendered":"<p>Pack de Shampooing Nettoyant pour Bateau TK de 1 L &#8211; <\/p>\n<p>Shampooing neutre \u00e0 haute concentration con\u00e7u pour le nettoyage ext\u00e9rieur des bateaux et adapt\u00e9 \u00e0 toutes les applications int\u00e9rieures. Il conserve ses propri\u00e9t\u00e9s m\u00eame lorsqu&#8217;il est m\u00e9lang\u00e9 avec de l&#8217;eau sal\u00e9e.<\/p>\n","protected":false},"excerpt":{"rendered":"<p>Pack de Shampooing Nettoyant pour Bateau TK de 1 L &#8211; Shampooing neutre \u00e0 haute concentration con\u00e7u pour le nettoyage<\/p>\n","protected":false},"featured_media":5949706,"comment_status":"open","ping_status":"closed","template":"","meta":[],"product_brand":[3399],"product_cat":[1054],"product_tag":[],"class_list":{"0":"post-5950128","1":"product","2":"type-product","3":"status-publish","4":"has-post-thumbnail","6":"product_brand-silpar-tk-fr","7":"product_cat-produits-de-nettoyage","9":"first","10":"instock","11":"shipping-taxable","12":"purchasable","13":"product-type-simple"},"_links":{"self":[{"href":"https:\/\/stoic-curie.212-227-153-4.plesk.page\/fr\/wp-json\/wp\/v2\/product\/5950128","targetHints":{"allow":["GET"]}}],"collection":[{"href":"https:\/\/stoic-curie.212-227-153-4.plesk.page\/fr\/wp-json\/wp\/v2\/product"}],"about":[{"href":"https:\/\/stoic-curie.212-227-153-4.plesk.page\/fr\/wp-json\/wp\/v2\/types\/product"}],"replies":[{"embeddable":true,"href":"https:\/\/stoic-curie.212-227-153-4.plesk.page\/fr\/wp-json\/wp\/v2\/comments?post=5950128"}],"version-history":[{"count":0,"href":"https:\/\/stoic-curie.212-227-153-4.plesk.page\/fr\/wp-json\/wp\/v2\/product\/5950128\/revisions"}],"wp:featuredmedia":[{"embeddable":true,"href":"https:\/\/stoic-curie.212-227-153-4.plesk.page\/fr\/wp-json\/wp\/v2\/media\/5949706"}],"wp:attachment":[{"href":"https:\/\/stoic-curie.212-227-153-4.plesk.page\/fr\/wp-json\/wp\/v2\/media?parent=5950128"}],"wp:term":[{"taxonomy":"product_brand","embeddable":true,"href":"https:\/\/stoic-curie.212-227-153-4.plesk.page\/fr\/wp-json\/wp\/v2\/product_brand?post=5950128"},{"taxonomy":"product_cat","embeddable":true,"href":"https:\/\/stoic-curie.212-227-153-4.plesk.page\/fr\/wp-json\/wp\/v2\/product_cat?post=5950128"},{"taxonomy":"product_tag","embeddable":true,"href":"https:\/\/stoic-curie.212-227-153-4.plesk.page\/fr\/wp-json\/wp\/v2\/product_tag?post=5950128"}],"curies":[{"name":"wp","href":"https:\/\/api.w.org\/{rel}","templated":true}]}}