{"id":5950129,"date":"2026-02-24T23:09:41","date_gmt":"2026-02-24T22:09:41","guid":{"rendered":"https:\/\/stoic-curie.212-227-153-4.plesk.page\/product\/tk-nettoyant-degraissant-pack-1-l-bouteille\/"},"modified":"2026-02-24T23:09:41","modified_gmt":"2026-02-24T22:09:41","slug":"tk-nettoyant-degraissant-pack-1-l-bouteille","status":"publish","type":"product","link":"https:\/\/stoic-curie.212-227-153-4.plesk.page\/fr\/product\/tk-nettoyant-degraissant-pack-1-l-bouteille\/","title":{"rendered":"Tk Nettoyant D\u00e9graissant Pack 1 L Bouteille"},"content":{"rendered":"<p>Tk Nettoyant D\u00e9graissant Pack 1 L Bouteille &#8211; <\/p>\n<p>Nettoyant d\u00e9graissant concentr\u00e9 qui p\u00e9n\u00e8tre et dissout la salet\u00e9. Id\u00e9al pour nettoyer la r\u00e9sine, le m\u00e9tal, le plastique, le vinyle et le cuir.<\/p>\n","protected":false},"excerpt":{"rendered":"<p>Tk Nettoyant D\u00e9graissant Pack 1 L Bouteille &#8211; Nettoyant d\u00e9graissant concentr\u00e9 qui p\u00e9n\u00e8tre et dissout la salet\u00e9. Id\u00e9al pour nettoyer<\/p>\n","protected":false},"featured_media":5949709,"comment_status":"open","ping_status":"closed","template":"","meta":[],"product_brand":[3399],"product_cat":[1054],"product_tag":[],"class_list":{"0":"post-5950129","1":"product","2":"type-product","3":"status-publish","4":"has-post-thumbnail","6":"product_brand-silpar-tk-fr","7":"product_cat-produits-de-nettoyage","9":"first","10":"instock","11":"shipping-taxable","12":"purchasable","13":"product-type-simple"},"_links":{"self":[{"href":"https:\/\/stoic-curie.212-227-153-4.plesk.page\/fr\/wp-json\/wp\/v2\/product\/5950129","targetHints":{"allow":["GET"]}}],"collection":[{"href":"https:\/\/stoic-curie.212-227-153-4.plesk.page\/fr\/wp-json\/wp\/v2\/product"}],"about":[{"href":"https:\/\/stoic-curie.212-227-153-4.plesk.page\/fr\/wp-json\/wp\/v2\/types\/product"}],"replies":[{"embeddable":true,"href":"https:\/\/stoic-curie.212-227-153-4.plesk.page\/fr\/wp-json\/wp\/v2\/comments?post=5950129"}],"version-history":[{"count":0,"href":"https:\/\/stoic-curie.212-227-153-4.plesk.page\/fr\/wp-json\/wp\/v2\/product\/5950129\/revisions"}],"wp:featuredmedia":[{"embeddable":true,"href":"https:\/\/stoic-curie.212-227-153-4.plesk.page\/fr\/wp-json\/wp\/v2\/media\/5949709"}],"wp:attachment":[{"href":"https:\/\/stoic-curie.212-227-153-4.plesk.page\/fr\/wp-json\/wp\/v2\/media?parent=5950129"}],"wp:term":[{"taxonomy":"product_brand","embeddable":true,"href":"https:\/\/stoic-curie.212-227-153-4.plesk.page\/fr\/wp-json\/wp\/v2\/product_brand?post=5950129"},{"taxonomy":"product_cat","embeddable":true,"href":"https:\/\/stoic-curie.212-227-153-4.plesk.page\/fr\/wp-json\/wp\/v2\/product_cat?post=5950129"},{"taxonomy":"product_tag","embeddable":true,"href":"https:\/\/stoic-curie.212-227-153-4.plesk.page\/fr\/wp-json\/wp\/v2\/product_tag?post=5950129"}],"curies":[{"name":"wp","href":"https:\/\/api.w.org\/{rel}","templated":true}]}}