{"id":5950130,"date":"2026-02-24T23:09:42","date_gmt":"2026-02-24T22:09:42","guid":{"rendered":"https:\/\/stoic-curie.212-227-153-4.plesk.page\/product\/pack-nettoyant-de-cale-tk-sentinet-1-litre\/"},"modified":"2026-02-24T23:09:42","modified_gmt":"2026-02-24T22:09:42","slug":"pack-nettoyant-de-cale-tk-sentinet-1-litre","status":"publish","type":"product","link":"https:\/\/stoic-curie.212-227-153-4.plesk.page\/fr\/product\/pack-nettoyant-de-cale-tk-sentinet-1-litre\/","title":{"rendered":"Pack Nettoyant de cale Tk Sentinet 1 Litre"},"content":{"rendered":"<p>Pack Nettoyant de cale Tk Sentinet 1 Litre &#8211; <\/p>\n<p>D\u00e9tachant concentr\u00e9 \u00e9mulsifiant con\u00e7u pour le nettoyage des cales et des salles des machines. Tr\u00e8s efficace contre la graisse, il fonctionne m\u00eame m\u00e9lang\u00e9 avec de l&#8217;eau sal\u00e9e.<\/p>\n","protected":false},"excerpt":{"rendered":"<p>Pack Nettoyant de cale Tk Sentinet 1 Litre &#8211; D\u00e9tachant concentr\u00e9 \u00e9mulsifiant con\u00e7u pour le nettoyage des cales et des<\/p>\n","protected":false},"featured_media":5949712,"comment_status":"open","ping_status":"closed","template":"","meta":[],"product_brand":[3399],"product_cat":[1054],"product_tag":[],"class_list":{"0":"post-5950130","1":"product","2":"type-product","3":"status-publish","4":"has-post-thumbnail","6":"product_brand-silpar-tk-fr","7":"product_cat-produits-de-nettoyage","9":"first","10":"instock","11":"shipping-taxable","12":"purchasable","13":"product-type-simple"},"_links":{"self":[{"href":"https:\/\/stoic-curie.212-227-153-4.plesk.page\/fr\/wp-json\/wp\/v2\/product\/5950130","targetHints":{"allow":["GET"]}}],"collection":[{"href":"https:\/\/stoic-curie.212-227-153-4.plesk.page\/fr\/wp-json\/wp\/v2\/product"}],"about":[{"href":"https:\/\/stoic-curie.212-227-153-4.plesk.page\/fr\/wp-json\/wp\/v2\/types\/product"}],"replies":[{"embeddable":true,"href":"https:\/\/stoic-curie.212-227-153-4.plesk.page\/fr\/wp-json\/wp\/v2\/comments?post=5950130"}],"version-history":[{"count":0,"href":"https:\/\/stoic-curie.212-227-153-4.plesk.page\/fr\/wp-json\/wp\/v2\/product\/5950130\/revisions"}],"wp:featuredmedia":[{"embeddable":true,"href":"https:\/\/stoic-curie.212-227-153-4.plesk.page\/fr\/wp-json\/wp\/v2\/media\/5949712"}],"wp:attachment":[{"href":"https:\/\/stoic-curie.212-227-153-4.plesk.page\/fr\/wp-json\/wp\/v2\/media?parent=5950130"}],"wp:term":[{"taxonomy":"product_brand","embeddable":true,"href":"https:\/\/stoic-curie.212-227-153-4.plesk.page\/fr\/wp-json\/wp\/v2\/product_brand?post=5950130"},{"taxonomy":"product_cat","embeddable":true,"href":"https:\/\/stoic-curie.212-227-153-4.plesk.page\/fr\/wp-json\/wp\/v2\/product_cat?post=5950130"},{"taxonomy":"product_tag","embeddable":true,"href":"https:\/\/stoic-curie.212-227-153-4.plesk.page\/fr\/wp-json\/wp\/v2\/product_tag?post=5950130"}],"curies":[{"name":"wp","href":"https:\/\/api.w.org\/{rel}","templated":true}]}}