{"id":5950139,"date":"2026-02-24T23:09:48","date_gmt":"2026-02-24T22:09:48","guid":{"rendered":"https:\/\/stoic-curie.212-227-153-4.plesk.page\/product\/couplage-rapide-bd-g-3-4-filetage-pour-tuyaux-de-o-16-mm\/"},"modified":"2026-02-24T23:09:48","modified_gmt":"2026-02-24T22:09:48","slug":"couplage-rapide-bd-g-3-4-filetage-pour-tuyaux-de-o-16-mm","status":"publish","type":"product","link":"https:\/\/stoic-curie.212-227-153-4.plesk.page\/fr\/product\/couplage-rapide-bd-g-3-4-filetage-pour-tuyaux-de-o-16-mm\/","title":{"rendered":"Couplage Rapide Bd G 3\/4 Filetage pour Tuyaux de \u00d8 16 mm"},"content":{"rendered":"<p>Couplage Rapide Bd G 3\/4 Filetage pour Tuyaux de \u00d8 16 mm &#8211; <\/p>\n<p>Raccord coud\u00e9 rapide en polypropyl\u00e8ne renforc\u00e9. Id\u00e9al pour connecter rapidement tout type de tuyau flexible. \u00c9limine le besoin de colliers de serrage traditionnels. Offre un joint \u00e9tanche jusqu&#8217;\u00e0 16 bars.<\/p>\n","protected":false},"excerpt":{"rendered":"<p>Couplage Rapide Bd G 3\/4 Filetage pour Tuyaux de \u00d8 16 mm &#8211; Raccord coud\u00e9 rapide en polypropyl\u00e8ne renforc\u00e9. Id\u00e9al<\/p>\n","protected":false},"featured_media":5949760,"comment_status":"open","ping_status":"closed","template":"","meta":[],"product_brand":[3354],"product_cat":[1087],"product_tag":[],"class_list":{"0":"post-5950139","1":"product","2":"type-product","3":"status-publish","4":"has-post-thumbnail","6":"product_brand-seaflow-fr","7":"product_cat-plomberie-en-plastique","9":"first","10":"instock","11":"shipping-taxable","12":"purchasable","13":"product-type-simple"},"_links":{"self":[{"href":"https:\/\/stoic-curie.212-227-153-4.plesk.page\/fr\/wp-json\/wp\/v2\/product\/5950139","targetHints":{"allow":["GET"]}}],"collection":[{"href":"https:\/\/stoic-curie.212-227-153-4.plesk.page\/fr\/wp-json\/wp\/v2\/product"}],"about":[{"href":"https:\/\/stoic-curie.212-227-153-4.plesk.page\/fr\/wp-json\/wp\/v2\/types\/product"}],"replies":[{"embeddable":true,"href":"https:\/\/stoic-curie.212-227-153-4.plesk.page\/fr\/wp-json\/wp\/v2\/comments?post=5950139"}],"version-history":[{"count":0,"href":"https:\/\/stoic-curie.212-227-153-4.plesk.page\/fr\/wp-json\/wp\/v2\/product\/5950139\/revisions"}],"wp:featuredmedia":[{"embeddable":true,"href":"https:\/\/stoic-curie.212-227-153-4.plesk.page\/fr\/wp-json\/wp\/v2\/media\/5949760"}],"wp:attachment":[{"href":"https:\/\/stoic-curie.212-227-153-4.plesk.page\/fr\/wp-json\/wp\/v2\/media?parent=5950139"}],"wp:term":[{"taxonomy":"product_brand","embeddable":true,"href":"https:\/\/stoic-curie.212-227-153-4.plesk.page\/fr\/wp-json\/wp\/v2\/product_brand?post=5950139"},{"taxonomy":"product_cat","embeddable":true,"href":"https:\/\/stoic-curie.212-227-153-4.plesk.page\/fr\/wp-json\/wp\/v2\/product_cat?post=5950139"},{"taxonomy":"product_tag","embeddable":true,"href":"https:\/\/stoic-curie.212-227-153-4.plesk.page\/fr\/wp-json\/wp\/v2\/product_tag?post=5950139"}],"curies":[{"name":"wp","href":"https:\/\/api.w.org\/{rel}","templated":true}]}}