{"id":725777,"date":"2025-03-03T15:54:19","date_gmt":"2025-03-03T14:54:19","guid":{"rendered":"https:\/\/stoic-curie.212-227-153-4.plesk.page\/producto\/rechaud-a-gaz-inox-1-feu-hotty-210-x-290-x-h-50-mm\/"},"modified":"2026-02-24T23:08:02","modified_gmt":"2026-02-24T23:08:02","slug":"rechaud-a-gaz-inox-1-feu-hotty-210-x-290-x-h-50-mm","status":"publish","type":"product","link":"https:\/\/stoic-curie.212-227-153-4.plesk.page\/fr\/product\/rechaud-a-gaz-inox-1-feu-hotty-210-x-290-x-h-50-mm\/","title":{"rendered":"R\u00e9chaud \u00e0 gaz inox 1\u00a0feu Hotty, 210\u00a0x\u00a0290\u00a0x\u00a0H\u00a050\u00a0mm"},"content":{"rendered":"<p>R\u00e9chaud \u00e0 gaz inox 1\u00a0feu Hotty, 210\u00a0x\u00a0290\u00a0x\u00a0H\u00a050\u00a0mm &#8211; <\/p>\n<p>Cuisini\u00e8res en acier inoxydable avec thermocouples de s\u00e9curit\u00e9.<\/p>\n","protected":false},"excerpt":{"rendered":"<p>R\u00e9chaud \u00e0 gaz inox 1\u00a0feu Hotty, 210\u00a0x\u00a0290\u00a0x\u00a0H\u00a050\u00a0mm &#8211; Cuisini\u00e8res en acier inoxydable avec thermocouples de s\u00e9curit\u00e9.<\/p>\n","protected":false},"featured_media":5935609,"comment_status":"open","ping_status":"closed","template":"","meta":[],"product_brand":[2854],"product_cat":[1067],"product_tag":[],"class_list":{"0":"post-725777","1":"product","2":"type-product","3":"status-publish","4":"has-post-thumbnail","6":"product_brand-can-marine-fr","7":"product_cat-cuissons","9":"first","10":"instock","11":"shipping-taxable","12":"purchasable","13":"product-type-simple"},"_links":{"self":[{"href":"https:\/\/stoic-curie.212-227-153-4.plesk.page\/fr\/wp-json\/wp\/v2\/product\/725777","targetHints":{"allow":["GET"]}}],"collection":[{"href":"https:\/\/stoic-curie.212-227-153-4.plesk.page\/fr\/wp-json\/wp\/v2\/product"}],"about":[{"href":"https:\/\/stoic-curie.212-227-153-4.plesk.page\/fr\/wp-json\/wp\/v2\/types\/product"}],"replies":[{"embeddable":true,"href":"https:\/\/stoic-curie.212-227-153-4.plesk.page\/fr\/wp-json\/wp\/v2\/comments?post=725777"}],"version-history":[{"count":0,"href":"https:\/\/stoic-curie.212-227-153-4.plesk.page\/fr\/wp-json\/wp\/v2\/product\/725777\/revisions"}],"wp:featuredmedia":[{"embeddable":true,"href":"https:\/\/stoic-curie.212-227-153-4.plesk.page\/fr\/wp-json\/wp\/v2\/media\/5935609"}],"wp:attachment":[{"href":"https:\/\/stoic-curie.212-227-153-4.plesk.page\/fr\/wp-json\/wp\/v2\/media?parent=725777"}],"wp:term":[{"taxonomy":"product_brand","embeddable":true,"href":"https:\/\/stoic-curie.212-227-153-4.plesk.page\/fr\/wp-json\/wp\/v2\/product_brand?post=725777"},{"taxonomy":"product_cat","embeddable":true,"href":"https:\/\/stoic-curie.212-227-153-4.plesk.page\/fr\/wp-json\/wp\/v2\/product_cat?post=725777"},{"taxonomy":"product_tag","embeddable":true,"href":"https:\/\/stoic-curie.212-227-153-4.plesk.page\/fr\/wp-json\/wp\/v2\/product_tag?post=725777"}],"curies":[{"name":"wp","href":"https:\/\/api.w.org\/{rel}","templated":true}]}}