{"id":725779,"date":"2025-03-03T15:54:20","date_gmt":"2025-03-03T14:54:20","guid":{"rendered":"https:\/\/stoic-curie.212-227-153-4.plesk.page\/producto\/lumiere-led-sous-marine-en-acier-inoxydable-135-x-67mm-blanc\/"},"modified":"2026-02-24T23:08:02","modified_gmt":"2026-02-24T23:08:02","slug":"lumiere-led-sous-marine-en-acier-inoxydable-135-x-67mm-blanc","status":"publish","type":"product","link":"https:\/\/stoic-curie.212-227-153-4.plesk.page\/fr\/product\/lumiere-led-sous-marine-en-acier-inoxydable-135-x-67mm-blanc\/","title":{"rendered":"Lumi\u00e8re Led sous-marine en Acier Inoxydable 135 x 67mm blanc"},"content":{"rendered":"<p>Lumi\u00e8re Led sous-marine en Acier Inoxydable 135 x 67mm blanc &#8211; Lumi\u00e8re sous-marine LED 4 x 3W, acier inoxydable AISI 316. Lumi\u00e8re froide. Installation encastr\u00e9e. Alimentation 10-30V 10W. Dur\u00e9e de vie de 50 000 heures. Taille mm : 135x67x20h.<\/p>\n","protected":false},"excerpt":{"rendered":"<p>Lumi\u00e8re Led sous-marine en Acier Inoxydable 135 x 67mm blanc &#8211; Lumi\u00e8re sous-marine LED 4 x 3W, acier inoxydable AISI<\/p>\n","protected":false},"featured_media":5935627,"comment_status":"open","ping_status":"closed","template":"","meta":[],"product_brand":[3219],"product_cat":[1157],"product_tag":[],"class_list":{"0":"post-725779","1":"product","2":"type-product","3":"status-publish","4":"has-post-thumbnail","6":"product_brand-oceanled-fr","7":"product_cat-lumieres-led-submersibles","9":"first","10":"instock","11":"shipping-taxable","12":"purchasable","13":"product-type-simple"},"_links":{"self":[{"href":"https:\/\/stoic-curie.212-227-153-4.plesk.page\/fr\/wp-json\/wp\/v2\/product\/725779","targetHints":{"allow":["GET"]}}],"collection":[{"href":"https:\/\/stoic-curie.212-227-153-4.plesk.page\/fr\/wp-json\/wp\/v2\/product"}],"about":[{"href":"https:\/\/stoic-curie.212-227-153-4.plesk.page\/fr\/wp-json\/wp\/v2\/types\/product"}],"replies":[{"embeddable":true,"href":"https:\/\/stoic-curie.212-227-153-4.plesk.page\/fr\/wp-json\/wp\/v2\/comments?post=725779"}],"version-history":[{"count":0,"href":"https:\/\/stoic-curie.212-227-153-4.plesk.page\/fr\/wp-json\/wp\/v2\/product\/725779\/revisions"}],"wp:featuredmedia":[{"embeddable":true,"href":"https:\/\/stoic-curie.212-227-153-4.plesk.page\/fr\/wp-json\/wp\/v2\/media\/5935627"}],"wp:attachment":[{"href":"https:\/\/stoic-curie.212-227-153-4.plesk.page\/fr\/wp-json\/wp\/v2\/media?parent=725779"}],"wp:term":[{"taxonomy":"product_brand","embeddable":true,"href":"https:\/\/stoic-curie.212-227-153-4.plesk.page\/fr\/wp-json\/wp\/v2\/product_brand?post=725779"},{"taxonomy":"product_cat","embeddable":true,"href":"https:\/\/stoic-curie.212-227-153-4.plesk.page\/fr\/wp-json\/wp\/v2\/product_cat?post=725779"},{"taxonomy":"product_tag","embeddable":true,"href":"https:\/\/stoic-curie.212-227-153-4.plesk.page\/fr\/wp-json\/wp\/v2\/product_tag?post=725779"}],"curies":[{"name":"wp","href":"https:\/\/api.w.org\/{rel}","templated":true}]}}