{"id":725780,"date":"2025-03-03T15:54:20","date_gmt":"2025-03-03T14:54:20","guid":{"rendered":"https:\/\/stoic-curie.212-227-153-4.plesk.page\/producto\/cables-de-commande-morse-ultraflex-c22-22-pieds\/"},"modified":"2026-02-24T23:08:02","modified_gmt":"2026-02-24T23:08:02","slug":"cables-de-commande-morse-ultraflex-c22-22-pieds","status":"publish","type":"product","link":"https:\/\/stoic-curie.212-227-153-4.plesk.page\/fr\/product\/cables-de-commande-morse-ultraflex-c22-22-pieds\/","title":{"rendered":"C\u00e2bles de commande Morse Ultraflex C22 (22 pieds)"},"content":{"rendered":"<p>C\u00e2bles de commande Morse Ultraflex C22 (22 pieds) &#8211; C\u00e2ble de commande con\u00e7u pour un usage intensif sur moteurs int\u00e9rieurs et hors-bord.<\/p>\n","protected":false},"excerpt":{"rendered":"<p>C\u00e2bles de commande Morse Ultraflex C22 (22 pieds) &#8211; C\u00e2ble de commande con\u00e7u pour un usage intensif sur moteurs int\u00e9rieurs<\/p>\n","protected":false},"featured_media":5935628,"comment_status":"open","ping_status":"closed","template":"","meta":[],"product_brand":[3499],"product_cat":[1210],"product_tag":[],"class_list":{"0":"post-725780","1":"product","2":"type-product","3":"status-publish","4":"has-post-thumbnail","6":"product_brand-ultraflex-uflex-fr","7":"product_cat-cables-de-commande-morse","9":"first","10":"instock","11":"shipping-taxable","12":"purchasable","13":"product-type-simple"},"_links":{"self":[{"href":"https:\/\/stoic-curie.212-227-153-4.plesk.page\/fr\/wp-json\/wp\/v2\/product\/725780","targetHints":{"allow":["GET"]}}],"collection":[{"href":"https:\/\/stoic-curie.212-227-153-4.plesk.page\/fr\/wp-json\/wp\/v2\/product"}],"about":[{"href":"https:\/\/stoic-curie.212-227-153-4.plesk.page\/fr\/wp-json\/wp\/v2\/types\/product"}],"replies":[{"embeddable":true,"href":"https:\/\/stoic-curie.212-227-153-4.plesk.page\/fr\/wp-json\/wp\/v2\/comments?post=725780"}],"version-history":[{"count":0,"href":"https:\/\/stoic-curie.212-227-153-4.plesk.page\/fr\/wp-json\/wp\/v2\/product\/725780\/revisions"}],"wp:featuredmedia":[{"embeddable":true,"href":"https:\/\/stoic-curie.212-227-153-4.plesk.page\/fr\/wp-json\/wp\/v2\/media\/5935628"}],"wp:attachment":[{"href":"https:\/\/stoic-curie.212-227-153-4.plesk.page\/fr\/wp-json\/wp\/v2\/media?parent=725780"}],"wp:term":[{"taxonomy":"product_brand","embeddable":true,"href":"https:\/\/stoic-curie.212-227-153-4.plesk.page\/fr\/wp-json\/wp\/v2\/product_brand?post=725780"},{"taxonomy":"product_cat","embeddable":true,"href":"https:\/\/stoic-curie.212-227-153-4.plesk.page\/fr\/wp-json\/wp\/v2\/product_cat?post=725780"},{"taxonomy":"product_tag","embeddable":true,"href":"https:\/\/stoic-curie.212-227-153-4.plesk.page\/fr\/wp-json\/wp\/v2\/product_tag?post=725780"}],"curies":[{"name":"wp","href":"https:\/\/api.w.org\/{rel}","templated":true}]}}