{"id":725781,"date":"2025-03-03T15:54:20","date_gmt":"2025-03-03T14:54:20","guid":{"rendered":"https:\/\/stoic-curie.212-227-153-4.plesk.page\/producto\/boitier-de-commande-a-double-levier-morse-teleflex-mt3\/"},"modified":"2026-02-24T23:08:02","modified_gmt":"2026-02-24T23:08:02","slug":"boitier-de-commande-a-double-levier-morse-teleflex-mt3","status":"publish","type":"product","link":"https:\/\/stoic-curie.212-227-153-4.plesk.page\/fr\/product\/boitier-de-commande-a-double-levier-morse-teleflex-mt3\/","title":{"rendered":"Bo\u00eetier de commande \u00e0 double levier Morse Teleflex MT3"},"content":{"rendered":"<p>Bo\u00eetier de commande \u00e0 double levier Morse Teleflex MT3 &#8211; <\/p>\n<p>Contr\u00f4le \u00e0 double action pour l&#8217;acc\u00e9l\u00e9rateur et le changement de vitesse pour moteurs inboard et hors-bord. Levier et corps en alliage inoxydable chrom\u00e9, montage sup\u00e9rieur. Utilise des c\u00e2bles de commande C2 \/ C8 \/ C33 \/ MACHZero.<\/p>\n","protected":false},"excerpt":{"rendered":"<p>Bo\u00eetier de commande \u00e0 double levier Morse Teleflex MT3 &#8211; Contr\u00f4le \u00e0 double action pour l&#8217;acc\u00e9l\u00e9rateur et le changement de<\/p>\n","protected":false},"featured_media":5935629,"comment_status":"open","ping_status":"closed","template":"","meta":[],"product_brand":[3359],"product_cat":[1217],"product_tag":[],"class_list":{"0":"post-725781","1":"product","2":"type-product","3":"status-publish","4":"has-post-thumbnail","6":"product_brand-seastar-teleflex-fr","7":"product_cat-commandes-morse","9":"first","10":"instock","11":"shipping-taxable","12":"purchasable","13":"product-type-simple"},"_links":{"self":[{"href":"https:\/\/stoic-curie.212-227-153-4.plesk.page\/fr\/wp-json\/wp\/v2\/product\/725781","targetHints":{"allow":["GET"]}}],"collection":[{"href":"https:\/\/stoic-curie.212-227-153-4.plesk.page\/fr\/wp-json\/wp\/v2\/product"}],"about":[{"href":"https:\/\/stoic-curie.212-227-153-4.plesk.page\/fr\/wp-json\/wp\/v2\/types\/product"}],"replies":[{"embeddable":true,"href":"https:\/\/stoic-curie.212-227-153-4.plesk.page\/fr\/wp-json\/wp\/v2\/comments?post=725781"}],"version-history":[{"count":0,"href":"https:\/\/stoic-curie.212-227-153-4.plesk.page\/fr\/wp-json\/wp\/v2\/product\/725781\/revisions"}],"wp:featuredmedia":[{"embeddable":true,"href":"https:\/\/stoic-curie.212-227-153-4.plesk.page\/fr\/wp-json\/wp\/v2\/media\/5935629"}],"wp:attachment":[{"href":"https:\/\/stoic-curie.212-227-153-4.plesk.page\/fr\/wp-json\/wp\/v2\/media?parent=725781"}],"wp:term":[{"taxonomy":"product_brand","embeddable":true,"href":"https:\/\/stoic-curie.212-227-153-4.plesk.page\/fr\/wp-json\/wp\/v2\/product_brand?post=725781"},{"taxonomy":"product_cat","embeddable":true,"href":"https:\/\/stoic-curie.212-227-153-4.plesk.page\/fr\/wp-json\/wp\/v2\/product_cat?post=725781"},{"taxonomy":"product_tag","embeddable":true,"href":"https:\/\/stoic-curie.212-227-153-4.plesk.page\/fr\/wp-json\/wp\/v2\/product_tag?post=725781"}],"curies":[{"name":"wp","href":"https:\/\/api.w.org\/{rel}","templated":true}]}}