{"id":725783,"date":"2025-03-03T15:54:21","date_gmt":"2025-03-03T14:54:21","guid":{"rendered":"https:\/\/stoic-curie.212-227-153-4.plesk.page\/producto\/pompe-de-direction-hydraulique-ultraflex-up33f-svs\/"},"modified":"2026-02-24T23:08:02","modified_gmt":"2026-02-24T23:08:02","slug":"pompe-de-direction-hydraulique-ultraflex-up33f-svs","status":"publish","type":"product","link":"https:\/\/stoic-curie.212-227-153-4.plesk.page\/fr\/product\/pompe-de-direction-hydraulique-ultraflex-up33f-svs\/","title":{"rendered":"Pompe hydraulique Ultraflex UP33F-SVS"},"content":{"rendered":"<p>Pompe hydraulique Ultraflex UP33F-SVS &#8211; <\/p>\n<p><strong>H\u00e9lice de direction hydraulique UP33F-SVS 42475 N &#8211; 1500 PSI, 2.0 CU IN<\/strong><\/p>\n<ul>\n<li>Dispose d&#8217;une vanne de verrouillage int\u00e9gr\u00e9e pour un verrouillage s\u00e9curis\u00e9 de la barre<\/li>\n<li>Livr\u00e9e avec une vanne de surpression int\u00e9gr\u00e9e pour \u00e9viter la surpression<\/li>\n<li>Construit avec un arbre en acier inoxydable conique de 3\/4\u2033 pour une r\u00e9sistance accrue<\/li>\n<li>La vanne de verrouillage et le joint de l&#8217;arbre sont facilement accessibles pour un remplacement simple<\/li>\n<li>Comprend des raccords r\u00e9glables \u00e0 90\u00b0 adapt\u00e9s aux tuyaux de 3\/8\u201d<\/li>\n<li>\u00c9quip\u00e9e d&#8217;une course de piston \u00e0 roulements \u00e0 billes pour un fonctionnement fluide<\/li>\n<li>Fabriqu\u00e9 avec un rotor en fonte pour une durabilit\u00e9 am\u00e9lior\u00e9e et une dur\u00e9e de vie prolong\u00e9e<\/li>\n<li>Compatible avec un flasque carr\u00e9 X64 ou un flasque rond X57 pour installation dans des emplacements interm\u00e9diaires du tableau de bord<\/li>\n<li>M\u00e9canisme d&#8217;inclinaison : plage d&#8217;inclinaison X72 de 60\u00b0 avec cinq positions de verrouillage<\/li>\n<\/ul>\n<p><strong>Sp\u00e9cifications :<\/strong><\/p>\n<ul>\n<li>Type de montage : Montage frontal<\/li>\n<li>D\u00e9placement par r\u00e9volution : 33 cc &#8211; 2.0 cu.in<\/li>\n<li>Nombre de pistons : 7<\/li>\n<li>R\u00e9glage de la vanne de d\u00e9charge : 70 Bar &#8211; 1000 PSI<\/li>\n<li>Diam\u00e8tre maximum de la roue : 710 mm (28&#8243;)<\/li>\n<li>Poids : 5 kg (11 lbs)<\/li>\n<\/ul>\n<p>Le SilverSteer\u2122 est sp\u00e9cialement con\u00e7u pour des utilisations \u00e0 haute performance et \u00e0 couple \u00e9lev\u00e9. Il dispose d&#8217;un timon de 1500 psi et de cornes en clave sur le cylindre, garantissant une durabilit\u00e9 exceptionnelle et un mouvement r\u00e9duit. Que vous poss\u00e9diez un bateau \u00e0 barque, un bateau plat ou un bateau de p\u00eache haut de gamme, le SilverSteer\u2122 offre une direction fluide, r\u00e9active et pr\u00e9cise.<\/p>\n<p>Les raccords r\u00e9glables de style boss facilitent le routage pr\u00e9cis des tuyaux, minimisant les risques de rupture des raccords due \u00e0 un trop serrage ou de fuites dues au desserrage pendant l&#8217;installation &#8211; probl\u00e8mes courants rencontr\u00e9s avec les cylindres concurrents.<\/p>\n<p><strong>Caract\u00e9ristiques cl\u00e9s :<\/strong><\/p>\n<ul>\n<li>Course de piston \u00e0 roulements \u00e0 billes et arbre conique en acier inoxydable de 3\/4&#8243;<\/li>\n<li>Vanne de verrouillage int\u00e9gr\u00e9e pour un verrouillage s\u00e9curis\u00e9 de la barre<\/li>\n<li>Vanne de d\u00e9charge int\u00e9gr\u00e9e pour protection contre la surpression<\/li>\n<li>Vanne de verrouillage et joint de l&#8217;arbre facilement accessibles pour remplacement<\/li>\n<li>Rotor en fonte pour une durabilit\u00e9 et une long\u00e9vit\u00e9 am\u00e9lior\u00e9es<\/li>\n<li>Raccord NPT de 1\/4&#8243; pour tube de 3\/8&#8243;<\/li>\n<li>Complet avec raccords coud\u00e9s<\/li>\n<li>Diam\u00e8tre maximum de la roue : 28&#8243;<\/li>\n<li>D\u00e9placement : 2.0 in\u00b3 pour le mod\u00e8le UP33F<\/li>\n<\/ul>\n","protected":false},"excerpt":{"rendered":"<p>Pompe hydraulique Ultraflex UP33F-SVS &#8211; H\u00e9lice de direction hydraulique UP33F-SVS 42475 N &#8211; 1500 PSI, 2.0 CU IN Dispose d&#8217;une<\/p>\n","protected":false},"featured_media":5935634,"comment_status":"open","ping_status":"closed","template":"","meta":[],"product_brand":[3499],"product_cat":[1249],"product_tag":[],"class_list":{"0":"post-725783","1":"product","2":"type-product","3":"status-publish","4":"has-post-thumbnail","6":"product_brand-ultraflex-uflex-fr","7":"product_cat-direction-hydraulique","9":"first","10":"instock","11":"shipping-taxable","12":"purchasable","13":"product-type-simple"},"_links":{"self":[{"href":"https:\/\/stoic-curie.212-227-153-4.plesk.page\/fr\/wp-json\/wp\/v2\/product\/725783","targetHints":{"allow":["GET"]}}],"collection":[{"href":"https:\/\/stoic-curie.212-227-153-4.plesk.page\/fr\/wp-json\/wp\/v2\/product"}],"about":[{"href":"https:\/\/stoic-curie.212-227-153-4.plesk.page\/fr\/wp-json\/wp\/v2\/types\/product"}],"replies":[{"embeddable":true,"href":"https:\/\/stoic-curie.212-227-153-4.plesk.page\/fr\/wp-json\/wp\/v2\/comments?post=725783"}],"version-history":[{"count":0,"href":"https:\/\/stoic-curie.212-227-153-4.plesk.page\/fr\/wp-json\/wp\/v2\/product\/725783\/revisions"}],"wp:featuredmedia":[{"embeddable":true,"href":"https:\/\/stoic-curie.212-227-153-4.plesk.page\/fr\/wp-json\/wp\/v2\/media\/5935634"}],"wp:attachment":[{"href":"https:\/\/stoic-curie.212-227-153-4.plesk.page\/fr\/wp-json\/wp\/v2\/media?parent=725783"}],"wp:term":[{"taxonomy":"product_brand","embeddable":true,"href":"https:\/\/stoic-curie.212-227-153-4.plesk.page\/fr\/wp-json\/wp\/v2\/product_brand?post=725783"},{"taxonomy":"product_cat","embeddable":true,"href":"https:\/\/stoic-curie.212-227-153-4.plesk.page\/fr\/wp-json\/wp\/v2\/product_cat?post=725783"},{"taxonomy":"product_tag","embeddable":true,"href":"https:\/\/stoic-curie.212-227-153-4.plesk.page\/fr\/wp-json\/wp\/v2\/product_tag?post=725783"}],"curies":[{"name":"wp","href":"https:\/\/api.w.org\/{rel}","templated":true}]}}